{"id":102,"date":"2021-10-09T20:42:47","date_gmt":"2021-10-09T20:42:47","guid":{"rendered":"http:\/\/mueller-norbert.de\/?page_id=102"},"modified":"2021-12-17T20:32:18","modified_gmt":"2021-12-17T20:32:18","slug":"i-erinner-mi-2","status":"publish","type":"page","link":"https:\/\/songwriter-norbert-mueller.de\/?page_id=102","title":{"rendered":"08 &#8211; I Erinner Mi"},"content":{"rendered":"\n<figure class=\"wp-block-video\"><video height=\"1080\" style=\"aspect-ratio: 1084 \/ 1080;\" width=\"1084\" controls poster=\"https:\/\/songwriter-norbert-mueller.de\/wp-content\/uploads\/2021\/10\/20210521-IErinnerMi2.jpg\" src=\"https:\/\/songwriter-norbert-mueller.de\/wp-content\/uploads\/2021\/11\/08_I-ErinnerMi_CD-Probe_1.mp4\"><\/video><figcaption>\u2117 &amp; \u00a9 by Songwriter Norbert M\u00fcller 2021. Text, Musik, Gesang, Akustikgitarre,<br>Stage-Piano, Keyboards, Drums Toontrack EZ-Drummer 2<\/figcaption><\/figure>\n\n\n\n<div style=\"height:38px\" aria-hidden=\"true\" class=\"wp-block-spacer\"><\/div>\n\n\n\n<div class=\"wp-block-buttons is-horizontal is-content-justification-center is-layout-flex wp-container-core-buttons-is-layout-cbcdc57d wp-block-buttons-is-layout-flex\">\n<div class=\"wp-block-button has-custom-font-size is-style-outline has-small-font-size is-style-outline--2\"><a class=\"wp-block-button__link has-luminous-vivid-amber-color has-black-background-color has-text-color has-background\" href=\"https:\/\/songwriter-norbert-mueller.de\/?page_id=708\"><span style=\"color:#fcb900\" class=\"tadv-color\"><strong>\u25c4<\/strong><\/span><\/a><\/div>\n\n\n\n<div class=\"wp-block-button has-custom-font-size is-style-outline has-small-font-size is-style-outline--3\"><a class=\"wp-block-button__link has-luminous-vivid-amber-color has-black-background-color has-text-color has-background\" href=\"https:\/\/songwriter-norbert-mueller.de\/?page_id=14\">\u25b2 CD-\u00dcbersicht<\/a><\/div>\n\n\n\n<div class=\"wp-block-button has-custom-font-size is-style-outline has-small-font-size is-style-outline--4\"><a class=\"wp-block-button__link has-luminous-vivid-amber-color has-black-background-color has-text-color has-background\" href=\"https:\/\/songwriter-norbert-mueller.de\/?page_id=103\"><strong>\u25ba<\/strong><\/a><\/div>\n<\/div>\n\n\n\n<div style=\"height:49px\" aria-hidden=\"true\" class=\"wp-block-spacer\"><\/div>\n\n\n<p>Mit der Zeit kommen einem viele Erinnerungen an vergangene Tage, an Vorg\u00e4nge und Erlebnisse die nicht so sch\u00f6n waren, die einem vielleicht sogar lange verfolgt haben, aber es gibt auch viele Erinnerungen die sehr sch\u00f6n waren und einem ein L\u00e4cheln in&#8217;s Gesicht zaubern. <br>Da reicht oft ein Duft, oder ein Bild, ein Song &#8230; &#8211; und es l\u00f6st eine Kette von Erinnerungen aus! Dann ist man oft \u00fcberrascht, was da einem alles wieder einf\u00e4llt! Oft mit sehr gemischten Gef\u00fchlen von Wut, Angst, Schmerz, Trauer, Faszination, Freude, Gl\u00fcck&#8230; <br>Aber so ist nun mal das Leben, es beinhaltet eben alles! Wichtig ist es mit dem was man hat, wie es gelaufen ist und wie man es gemeistert hat zu akzeptieren, um den inneren Frieden finden zu k\u00f6nnen. <br>Dann die Erkenntnis, dass es ganz wichtig ist, die Zeit zu nutzen, die man noch hat um weitere sch\u00f6ne und positive Erinnerungen zu schaffen!<\/p>\n<p>Aus diesen Gedanken heraus entstand dieser Swing mit jazzigen Akkorden und Big-Band-Sound, einer meiner liebsten Lieder.&nbsp; &nbsp; &nbsp;<\/p>\n\n\n<div style=\"height:55px\" aria-hidden=\"true\" class=\"wp-block-spacer\"><\/div>\n\n\n\n<h4><em><strong><span style=\"color: #ffcc99;\">I Erinner Mi<\/span><\/strong><\/em><\/h4>\n<p><span style=\"color: #ffcc99;\"><em>Es gibt Dinge, de hob i scho l\u00e4ngst vagessn <\/em><\/span><br \/><span style=\"color: #ffcc99;\"><em>Es gibt Dinge, de san l\u00e4ngst vorbei <\/em><\/span><br \/><span style=\"color: #ffcc99;\"><em>Do sigst a Buid\u2019l, riachst a gua\u2019ts Essn <\/em><\/span><br \/><span style=\"color: #ffcc99;\"><em>Und auf oamoi, foit\u2019s da wieda ei<\/em><\/span><\/p>\n<p><span style=\"color: #ffcc99;\"><em>Ganz unverhofft, kummt des daher<\/em><\/span><br \/><span style=\"color: #ffcc99;\"><em>Sch\u00fcttelst an Kopf, und wunderst di no mehr<\/em><\/span><br \/><span style=\"color: #ffcc99;\"><em>Ja wia va-ruckt is des damois woar <\/em><\/span><br \/><span style=\"color: #ffcc99;\"><em>Lachst verschmitzt, so wunderboar<\/em><\/span><\/p>\n<p><span style=\"color: #ffcc99;\"><strong><em>Refrain:<\/em><\/strong><\/span><br \/><span style=\"color: #ffcc99;\"><strong><em>Und irgendwie hob i imma, mei Lebm g\u2019meistert<\/em><\/strong><\/span><br \/><span style=\"color: #ffcc99;\"><strong><em>Manchmoi foisch, aber oft guat<\/em><\/strong><\/span><br \/><span style=\"color: #ffcc99;\"><strong><em>meine Erinnerung mi jetzt begeistert<\/em><\/strong><\/span><br \/><span style=\"color: #ffcc99;\"><strong><em>Und des jetzt so guat duat<\/em><\/strong><\/span><\/p>\n<p><span style=\"color: #ffcc99;\"><em>Und irgendwie is ma imma, wos ei g\u2019foiln in meim Lebm<\/em><\/span><br \/><span style=\"color: #ffcc99;\"><em>Nia aufgeb\u2019m war die Devise<\/em><\/span><br \/><span style=\"color: #ffcc99;\"><em>&#8216;S geht imma weita, auch aus jeder Kriese<\/em><\/span><\/p>\n<p><span style=\"color: #ffcc99;\"><em>Manches konnst einfach ned vagessn, <\/em><\/span><br \/><span style=\"color: #ffcc99;\"><em>Manche Sorgen, die dei Leb\u2018m erschwer\u2018n<\/em><\/span><br \/><span style=\"color: #ffcc99;\"><em>je mehr du dro denkst, verfolgt\u2019s di unermessn<\/em><\/span><br \/><span style=\"color: #ffcc99;\"><em>ziagt di voll runter, duat immer wieder kehr\u2018n<\/em><\/span><\/p>\n<p><span style=\"color: #ffcc99;\"><em>Aber manchmoi, du merkst da\u00df goa ned <\/em><\/span><br \/><span style=\"color: #ffcc99;\"><em>denkst an wos anders, und de Zeit vageht<\/em><\/span><br \/><span style=\"color: #ffcc99;\"><em>A L\u00e4cheln durzuckt dei G\u2019sicht <\/em><\/span><br \/><span style=\"color: #ffcc99;\"><em>Du denkst grod an a nette G\u2019schicht<\/em><\/span><\/p>\n<p><span style=\"color: #ffcc99;\"><strong><em>Refrain<\/em><\/strong><\/span><\/p>\n<p><span style=\"color: #ffcc99;\"><em>Do foilt\u2019s da ei, s\u2018kummt wia\u2019ra Bliz aus\u2019m Himme <\/em><\/span><br \/><span style=\"color: #ffcc99;\"><em>Berauscht wia\u2019ra Droge, bist G\u00fccklich wia\u2018s scheint <\/em><\/span><br \/><span style=\"color: #ffcc99;\"><em>Immer mehr, Dinge kummt da in die Sinne<\/em><\/span><br \/><span style=\"color: #ffcc99;\"><em>Und du wuillst des teiln mit deine Freind<\/em><\/span><\/p>\n<p><span style=\"color: #ffcc99;\"><em>Drum lass de Sorg\u2018n, lass uns Leb\u2018m! <\/em><\/span><br \/><span style=\"color: #ffcc99;\"><em>Liebe und Natur kann so viel geb\u2018m<\/em><\/span><br \/><span style=\"color: #ffcc99;\"><em>dann kommt die Zufriedenheit <\/em><\/span><br \/><span style=\"color: #ffcc99;\"><em>die ganz bis zum Ende reicht<\/em><\/span><\/p>\n\n\n\n<div class=\"wp-block-buttons is-horizontal is-content-justification-center is-layout-flex wp-container-core-buttons-is-layout-cbcdc57d wp-block-buttons-is-layout-flex\">\n<div class=\"wp-block-button has-custom-font-size is-style-outline has-small-font-size is-style-outline--5\"><a class=\"wp-block-button__link has-luminous-vivid-amber-color has-black-background-color has-text-color has-background\" href=\"https:\/\/songwriter-norbert-mueller.de\/?page_id=708\"><span style=\"color:#fcb900\" class=\"tadv-color\"><strong>\u25c4<\/strong><\/span><\/a><\/div>\n\n\n\n<div class=\"wp-block-button has-custom-font-size is-style-outline has-small-font-size is-style-outline--6\"><a class=\"wp-block-button__link has-luminous-vivid-amber-color has-black-background-color has-text-color has-background\" href=\"https:\/\/songwriter-norbert-mueller.de\/?page_id=14\">\u25b2 CD-\u00dcbersicht<\/a><\/div>\n\n\n\n<div class=\"wp-block-button has-custom-font-size is-style-outline has-small-font-size is-style-outline--7\"><a class=\"wp-block-button__link has-luminous-vivid-amber-color has-black-background-color has-text-color has-background\" href=\"https:\/\/songwriter-norbert-mueller.de\/?page_id=103\"><strong>\u25ba<\/strong><\/a><\/div>\n<\/div>\n","protected":false},"excerpt":{"rendered":"<p>Mit der Zeit kommen einem viele Erinnerungen an vergangene Tage, an Vorg\u00e4nge und Erlebnisse die nicht so sch\u00f6n waren, die einem vielleicht sogar lange verfolgt haben, aber es gibt auch viele Erinnerungen die sehr sch\u00f6n waren und einem ein L\u00e4cheln<\/p>\n","protected":false},"author":1,"featured_media":0,"parent":14,"menu_order":0,"comment_status":"closed","ping_status":"closed","template":"","meta":{"_crdt_document":"","footnotes":""},"class_list":["post-102","page","type-page","status-publish","hentry"],"yoast_head":"<!-- This site is optimized with the Yoast SEO plugin v27.3 - https:\/\/yoast.com\/product\/yoast-seo-wordpress\/ -->\n<title>08 - I Erinner Mi - Songwriter Norbert M\u00fcller<\/title>\n<meta name=\"description\" content=\"Ich erinnere mich an vergangenen Zeiten, auch an Sch\u00f6nes, die ein L\u00e4cheln ins Gesicht zaubern, um den inneren Frieden zu finden\" \/>\n<meta name=\"robots\" content=\"index, follow, max-snippet:-1, max-image-preview:large, max-video-preview:-1\" \/>\n<link rel=\"canonical\" href=\"https:\/\/songwriter-norbert-mueller.de\/?page_id=102\" \/>\n<meta property=\"og:locale\" content=\"de_DE\" \/>\n<meta property=\"og:type\" content=\"article\" \/>\n<meta property=\"og:title\" content=\"08 - I Erinner Mi - Songwriter Norbert M\u00fcller\" \/>\n<meta property=\"og:description\" content=\"Ich erinnere mich an vergangenen Zeiten, auch an Sch\u00f6nes, die ein L\u00e4cheln ins Gesicht zaubern, um den inneren Frieden zu finden\" \/>\n<meta property=\"og:url\" content=\"https:\/\/songwriter-norbert-mueller.de\/?page_id=102\" \/>\n<meta property=\"og:site_name\" content=\"Songwriter Norbert M\u00fcller\" \/>\n<meta property=\"article:publisher\" content=\"https:\/\/www.facebook.com\/gscheiterhaufen\" \/>\n<meta property=\"article:modified_time\" content=\"2021-12-17T20:32:18+00:00\" \/>\n<meta name=\"twitter:card\" content=\"summary_large_image\" \/>\n<meta name=\"twitter:label1\" content=\"Gesch\u00e4tzte Lesezeit\" \/>\n\t<meta name=\"twitter:data1\" content=\"3\u00a0Minuten\" \/>\n<script type=\"application\/ld+json\" class=\"yoast-schema-graph\">{\"@context\":\"https:\\\/\\\/schema.org\",\"@graph\":[{\"@type\":\"WebPage\",\"@id\":\"https:\\\/\\\/songwriter-norbert-mueller.de\\\/?page_id=102\",\"url\":\"https:\\\/\\\/songwriter-norbert-mueller.de\\\/?page_id=102\",\"name\":\"08 - I Erinner Mi - Songwriter Norbert M\u00fcller\",\"isPartOf\":{\"@id\":\"https:\\\/\\\/songwriter-norbert-mueller.de\\\/#website\"},\"datePublished\":\"2021-10-09T20:42:47+00:00\",\"dateModified\":\"2021-12-17T20:32:18+00:00\",\"description\":\"Ich erinnere mich an vergangenen Zeiten, auch an Sch\u00f6nes, die ein L\u00e4cheln ins Gesicht zaubern, um den inneren Frieden zu finden\",\"breadcrumb\":{\"@id\":\"https:\\\/\\\/songwriter-norbert-mueller.de\\\/?page_id=102#breadcrumb\"},\"inLanguage\":\"de\",\"potentialAction\":[{\"@type\":\"ReadAction\",\"target\":[\"https:\\\/\\\/songwriter-norbert-mueller.de\\\/?page_id=102\"]}]},{\"@type\":\"BreadcrumbList\",\"@id\":\"https:\\\/\\\/songwriter-norbert-mueller.de\\\/?page_id=102#breadcrumb\",\"itemListElement\":[{\"@type\":\"ListItem\",\"position\":1,\"name\":\"Startseite\",\"item\":\"https:\\\/\\\/songwriter-norbert-mueller.de\\\/\"},{\"@type\":\"ListItem\",\"position\":2,\"name\":\"Da Bayrische Coolman\",\"item\":\"https:\\\/\\\/songwriter-norbert-mueller.de\\\/?page_id=14\"},{\"@type\":\"ListItem\",\"position\":3,\"name\":\"08 &#8211; I Erinner Mi\"}]},{\"@type\":\"WebSite\",\"@id\":\"https:\\\/\\\/songwriter-norbert-mueller.de\\\/#website\",\"url\":\"https:\\\/\\\/songwriter-norbert-mueller.de\\\/\",\"name\":\"Songwriter Norbert M\u00fcller\",\"description\":\"Bayrischer Swing, Blues, Rock, Funk..., Songwriter, Norbert M\u00fcller, Michael Exenberger,\",\"publisher\":{\"@id\":\"https:\\\/\\\/songwriter-norbert-mueller.de\\\/#\\\/schema\\\/person\\\/4fc578fc2cccac12080b6903b28e4726\"},\"potentialAction\":[{\"@type\":\"SearchAction\",\"target\":{\"@type\":\"EntryPoint\",\"urlTemplate\":\"https:\\\/\\\/songwriter-norbert-mueller.de\\\/?s={search_term_string}\"},\"query-input\":{\"@type\":\"PropertyValueSpecification\",\"valueRequired\":true,\"valueName\":\"search_term_string\"}}],\"inLanguage\":\"de\"},{\"@type\":[\"Person\",\"Organization\"],\"@id\":\"https:\\\/\\\/songwriter-norbert-mueller.de\\\/#\\\/schema\\\/person\\\/4fc578fc2cccac12080b6903b28e4726\",\"name\":\"nmSongwriter\",\"image\":{\"@type\":\"ImageObject\",\"inLanguage\":\"de\",\"@id\":\"https:\\\/\\\/songwriter-norbert-mueller.de\\\/wp-content\\\/uploads\\\/2021\\\/10\\\/Avatar-Spoify.jpg\",\"url\":\"https:\\\/\\\/songwriter-norbert-mueller.de\\\/wp-content\\\/uploads\\\/2021\\\/10\\\/Avatar-Spoify.jpg\",\"contentUrl\":\"https:\\\/\\\/songwriter-norbert-mueller.de\\\/wp-content\\\/uploads\\\/2021\\\/10\\\/Avatar-Spoify.jpg\",\"width\":750,\"height\":750,\"caption\":\"nmSongwriter\"},\"logo\":{\"@id\":\"https:\\\/\\\/songwriter-norbert-mueller.de\\\/wp-content\\\/uploads\\\/2021\\\/10\\\/Avatar-Spoify.jpg\"},\"sameAs\":[\"http:\\\/\\\/mueller-norbert.de\",\"https:\\\/\\\/www.facebook.com\\\/gscheiterhaufen\",\"https:\\\/\\\/www.youtube.com\\\/channel\\\/UC-pqqUsP8t8Jk2bCdN-aUNw\",\"https:\\\/\\\/soundcloud.com\\\/norbert-mueller-903526782\"]}]}<\/script>\n<!-- \/ Yoast SEO plugin. -->","yoast_head_json":{"title":"08 - I Erinner Mi - Songwriter Norbert M\u00fcller","description":"Ich erinnere mich an vergangenen Zeiten, auch an Sch\u00f6nes, die ein L\u00e4cheln ins Gesicht zaubern, um den inneren Frieden zu finden","robots":{"index":"index","follow":"follow","max-snippet":"max-snippet:-1","max-image-preview":"max-image-preview:large","max-video-preview":"max-video-preview:-1"},"canonical":"https:\/\/songwriter-norbert-mueller.de\/?page_id=102","og_locale":"de_DE","og_type":"article","og_title":"08 - I Erinner Mi - Songwriter Norbert M\u00fcller","og_description":"Ich erinnere mich an vergangenen Zeiten, auch an Sch\u00f6nes, die ein L\u00e4cheln ins Gesicht zaubern, um den inneren Frieden zu finden","og_url":"https:\/\/songwriter-norbert-mueller.de\/?page_id=102","og_site_name":"Songwriter Norbert M\u00fcller","article_publisher":"https:\/\/www.facebook.com\/gscheiterhaufen","article_modified_time":"2021-12-17T20:32:18+00:00","twitter_card":"summary_large_image","twitter_misc":{"Gesch\u00e4tzte Lesezeit":"3\u00a0Minuten"},"schema":{"@context":"https:\/\/schema.org","@graph":[{"@type":"WebPage","@id":"https:\/\/songwriter-norbert-mueller.de\/?page_id=102","url":"https:\/\/songwriter-norbert-mueller.de\/?page_id=102","name":"08 - I Erinner Mi - Songwriter Norbert M\u00fcller","isPartOf":{"@id":"https:\/\/songwriter-norbert-mueller.de\/#website"},"datePublished":"2021-10-09T20:42:47+00:00","dateModified":"2021-12-17T20:32:18+00:00","description":"Ich erinnere mich an vergangenen Zeiten, auch an Sch\u00f6nes, die ein L\u00e4cheln ins Gesicht zaubern, um den inneren Frieden zu finden","breadcrumb":{"@id":"https:\/\/songwriter-norbert-mueller.de\/?page_id=102#breadcrumb"},"inLanguage":"de","potentialAction":[{"@type":"ReadAction","target":["https:\/\/songwriter-norbert-mueller.de\/?page_id=102"]}]},{"@type":"BreadcrumbList","@id":"https:\/\/songwriter-norbert-mueller.de\/?page_id=102#breadcrumb","itemListElement":[{"@type":"ListItem","position":1,"name":"Startseite","item":"https:\/\/songwriter-norbert-mueller.de\/"},{"@type":"ListItem","position":2,"name":"Da Bayrische Coolman","item":"https:\/\/songwriter-norbert-mueller.de\/?page_id=14"},{"@type":"ListItem","position":3,"name":"08 &#8211; I Erinner Mi"}]},{"@type":"WebSite","@id":"https:\/\/songwriter-norbert-mueller.de\/#website","url":"https:\/\/songwriter-norbert-mueller.de\/","name":"Songwriter Norbert M\u00fcller","description":"Bayrischer Swing, Blues, Rock, Funk..., Songwriter, Norbert M\u00fcller, Michael Exenberger,","publisher":{"@id":"https:\/\/songwriter-norbert-mueller.de\/#\/schema\/person\/4fc578fc2cccac12080b6903b28e4726"},"potentialAction":[{"@type":"SearchAction","target":{"@type":"EntryPoint","urlTemplate":"https:\/\/songwriter-norbert-mueller.de\/?s={search_term_string}"},"query-input":{"@type":"PropertyValueSpecification","valueRequired":true,"valueName":"search_term_string"}}],"inLanguage":"de"},{"@type":["Person","Organization"],"@id":"https:\/\/songwriter-norbert-mueller.de\/#\/schema\/person\/4fc578fc2cccac12080b6903b28e4726","name":"nmSongwriter","image":{"@type":"ImageObject","inLanguage":"de","@id":"https:\/\/songwriter-norbert-mueller.de\/wp-content\/uploads\/2021\/10\/Avatar-Spoify.jpg","url":"https:\/\/songwriter-norbert-mueller.de\/wp-content\/uploads\/2021\/10\/Avatar-Spoify.jpg","contentUrl":"https:\/\/songwriter-norbert-mueller.de\/wp-content\/uploads\/2021\/10\/Avatar-Spoify.jpg","width":750,"height":750,"caption":"nmSongwriter"},"logo":{"@id":"https:\/\/songwriter-norbert-mueller.de\/wp-content\/uploads\/2021\/10\/Avatar-Spoify.jpg"},"sameAs":["http:\/\/mueller-norbert.de","https:\/\/www.facebook.com\/gscheiterhaufen","https:\/\/www.youtube.com\/channel\/UC-pqqUsP8t8Jk2bCdN-aUNw","https:\/\/soundcloud.com\/norbert-mueller-903526782"]}]}},"_links":{"self":[{"href":"https:\/\/songwriter-norbert-mueller.de\/index.php?rest_route=\/wp\/v2\/pages\/102","targetHints":{"allow":["GET"]}}],"collection":[{"href":"https:\/\/songwriter-norbert-mueller.de\/index.php?rest_route=\/wp\/v2\/pages"}],"about":[{"href":"https:\/\/songwriter-norbert-mueller.de\/index.php?rest_route=\/wp\/v2\/types\/page"}],"author":[{"embeddable":true,"href":"https:\/\/songwriter-norbert-mueller.de\/index.php?rest_route=\/wp\/v2\/users\/1"}],"replies":[{"embeddable":true,"href":"https:\/\/songwriter-norbert-mueller.de\/index.php?rest_route=%2Fwp%2Fv2%2Fcomments&post=102"}],"version-history":[{"count":26,"href":"https:\/\/songwriter-norbert-mueller.de\/index.php?rest_route=\/wp\/v2\/pages\/102\/revisions"}],"predecessor-version":[{"id":1887,"href":"https:\/\/songwriter-norbert-mueller.de\/index.php?rest_route=\/wp\/v2\/pages\/102\/revisions\/1887"}],"up":[{"embeddable":true,"href":"https:\/\/songwriter-norbert-mueller.de\/index.php?rest_route=\/wp\/v2\/pages\/14"}],"wp:attachment":[{"href":"https:\/\/songwriter-norbert-mueller.de\/index.php?rest_route=%2Fwp%2Fv2%2Fmedia&parent=102"}],"curies":[{"name":"wp","href":"https:\/\/api.w.org\/{rel}","templated":true}]}}