{"id":103,"date":"2021-10-09T20:42:47","date_gmt":"2021-10-09T20:42:47","guid":{"rendered":"http:\/\/mueller-norbert.de\/?page_id=103"},"modified":"2023-02-27T22:25:23","modified_gmt":"2023-02-27T22:25:23","slug":"bloss-a-pfitzn","status":"publish","type":"page","link":"https:\/\/songwriter-norbert-mueller.de\/?page_id=103","title":{"rendered":"09 &#8211; Blo\u00df A Pfitzn!"},"content":{"rendered":"\n<figure class=\"wp-block-video\"><video height=\"1080\" style=\"aspect-ratio: 1084 \/ 1080;\" width=\"1084\" controls poster=\"https:\/\/songwriter-norbert-mueller.de\/wp-content\/uploads\/2021\/11\/BlossAPfitzn3.jpg\" src=\"https:\/\/songwriter-norbert-mueller.de\/wp-content\/uploads\/2021\/11\/09_BlosAPfitzn_CD-Probe_2.mp4\"><\/video><figcaption class=\"wp-element-caption\">\u2117 &amp; \u00a9 by Songwriter Norbert M\u00fcller 2021. Text, Musik, Gesang, Akustikgitarre,<br>Stage-Piano, Keyboards, Drums Toontrack EZ-Drummer 2. Foto \u00a9 Kei Rothblack<\/figcaption><\/figure>\n\n\n\n<div style=\"height:54px\" aria-hidden=\"true\" class=\"wp-block-spacer\"><\/div>\n\n\n\n<div class=\"wp-block-buttons is-horizontal is-content-justification-center is-layout-flex wp-container-core-buttons-is-layout-cbcdc57d wp-block-buttons-is-layout-flex\">\n<div class=\"wp-block-button has-custom-font-size is-style-outline has-small-font-size is-style-outline--2\"><a class=\"wp-block-button__link has-luminous-vivid-amber-color has-black-background-color has-text-color has-background wp-element-button\" href=\"https:\/\/songwriter-norbert-mueller.de\/?page_id=102\"><span style=\"color:#fcb900\" class=\"tadv-color\"><strong>\u25c4<\/strong><\/span><\/a><\/div>\n\n\n\n<div class=\"wp-block-button has-custom-font-size is-style-outline has-small-font-size is-style-outline--3\"><a class=\"wp-block-button__link has-luminous-vivid-amber-color has-black-background-color has-text-color has-background wp-element-button\" href=\"https:\/\/songwriter-norbert-mueller.de\/?page_id=14\">\u25b2 CD-\u00dcbersicht<\/a><\/div>\n\n\n\n<div class=\"wp-block-button has-custom-font-size is-style-outline has-small-font-size is-style-outline--4\"><a class=\"wp-block-button__link has-luminous-vivid-amber-color has-black-background-color has-text-color has-background wp-element-button\" href=\"https:\/\/songwriter-norbert-mueller.de\/?page_id=104\"><strong>\u25ba<\/strong><\/a><\/div>\n<\/div>\n\n\n\n<div style=\"height:41px\" aria-hidden=\"true\" class=\"wp-block-spacer\"><\/div>\n\n\n<p>Es sind wahre Kindheitserinnerungen, als ich mit meinem Cousin und Schulfreunden bei uns hinterm Viehmarkt bei der Donau in Ingolstadt, auf einer wilden Wiese zu einer Pf\u00fctze gegangen sind. Dort haben wir Kaulquappen gefangen und sie mit nach Hause genommen, dort in ein Terrarium\u00a0 gesetzt und jeden Tag zugeschaut wie\u00a0 die Tiere sich zu Fr\u00f6schen entwickelten. Sp\u00e4ter setzten wir sie auch wieder in die Pf\u00fctze aus.<\/p>\n<p>Ich kann mich noch sehr gut daran erinnern wieviel Interesse und Freude ich daran hatte das alles zu beobachten, ich las auch im Lexikon dar\u00fcber und war sehr fasziniert!<\/p>\n<p>Doch eines Tages sahen wir einen Bagger und Bauarbeiter die einfach diese Pf\u00fctze platt machten und es wurden Reihenh\u00e4user mit Garagen gebaut.<\/p>\n<p>Diese Geschichte fiel mir vor kurzem wieder ein, als wir in der Natur beim Wandern waren und so einige Biotope sahen. Ich erz\u00e4hlte diese Geschichte und so entstand dieser Song, ein Blues der Faszination und Schmerz ausdr\u00fcckt.\u00a0<\/p>\n\n\n<div style=\"height:54px\" aria-hidden=\"true\" class=\"wp-block-spacer\"><\/div>\n\n\n\n<h4><em><span style=\"color: #ffcc99;\"><strong>Blo\u00df a Pfitzn!<\/strong><\/span><\/em><\/h4>\n<p><span style=\"color: #ffcc99;\"><em>Bin oft ois Kind, an a Pfitzn hi ganga,<\/em><\/span><br \/><span style=\"color: #ffcc99;\"><em>Und hob do a boa, Kaulquappm g\u2019fanga<\/em><\/span><br \/><span style=\"color: #ffcc99;\"><em>Dann hob i\u2019s in a Terrarium, nei doa \u2013 da-hoam <\/em><\/span><br \/><span style=\"color: #ffcc99;\"><em>Und zuagschaut, wi\u2019a kloane Freschal san draus wor\u2019n<\/em><\/span><\/p>\n<p><span style=\"color: #ffcc99;\"><em>So interessant und so scheee<\/em><\/span><br \/><span style=\"color: #ffcc99;\"><em>De Natur zu vasteh\u2018\u00a0 (verstehen)<\/em><\/span><\/p>\n<p><span style=\"color: #ffcc99;\"><em>War oft an da Pfitzn , mit meine Freind <\/em><\/span><br \/><span style=\"color: #ffcc99;\"><em>Bei de nettn Viechaln, do warn mir vereint <\/em><\/span><br \/><span style=\"color: #ffcc99;\"><em>Libellen de schwirrn, sogoa an Lurch homma g\u2018seng<\/em><\/span><br \/><span style=\"color: #ffcc99;\"><em>K\u00e4fer de grack\u2019ln, sogor kloane Fischal hod\u2019s gem<\/em><\/span><\/p>\n<p><span style=\"color: #ffcc99;\"><em>Nachad wollt\u2018 ma wieda, an\u2018d Pfitzn geh<\/em><\/span><br \/><span style=\"color: #ffcc99;\"><em>Auf oamoi seng ma, an riesen Bagger steh\u2018<\/em><\/span><br \/><span style=\"color: #ffcc99;\"><em>A Arbeiter schreit laut, schleicht\u2019s eich davo <\/em><\/span><br \/><span style=\"color: #ffcc99;\"><em>Eltern haften f\u00fcr ihre Kinder, wos woilts ihr do?<\/em><\/span><\/p>\n<p><span style=\"color: #ffcc99;\"><em>So traurig und so gemein, <\/em><\/span><br \/><span style=\"color: #ffcc99;\"><em>kenna blos Mensch\u2018n sein!<\/em><\/span><\/p>\n<p><span style=\"color: #ffcc99;\"><em>Der zuckt mit de Axln, und moant dann doch,<\/em><\/span><br \/><span style=\"color: #ffcc99;\"><em>jamei des war ja blo\u00df, a dreckat\u2019s Loch!<\/em><\/span><br \/><span style=\"color: #ffcc99;\"><em>et\u2019zt kummt a Garage hi, sog\u2019ta ganz g\u2018schert <\/em><\/span><br \/><span style=\"color: #ffcc99;\"><em>und dann wer\u2019d sowieso, oiss zuuu-aaa teert<\/em><\/span><\/p>\n<p><span style=\"color: #ffcc99;\"><em>Und wenn i jetzt oft, in de Natur geh&#8217;<\/em><\/span><br \/><span style=\"color: #ffcc99;\"><em>Und irged wo, a Biotope seh&#8217;<\/em><\/span><br \/><span style=\"color: #ffcc99;\"><em>Dann foit\u2018s ma ei, de Pfitzn mit so vui Lebm<\/em><\/span><br \/><span style=\"color: #ffcc99;\"><em>De Begeisterung, hod mir damals so vui gem!<\/em><\/span><\/p>\n<p><span style=\"color: #ffcc99;\"><em>So interessant und so scheee<\/em><\/span><br \/><span style=\"color: #ffcc99;\"><em>De Natur zu vasteh\u2018<\/em><\/span><\/p>\n<p><span style=\"color: #ffcc99;\"><em>Unds nachat kummt oana, schmei\u00dft sein M\u00fcll einfach weg<\/em><\/span><br \/><span style=\"color: #ffcc99;\"><em>Zuckt blo\u00df mit de Axln, am Oasch mi leck<\/em><\/span><br \/><span style=\"color: #ffcc99;\"><em>Andre schmei\u00dfn&#8217;s a weg, sogt\u2019a ungeniert<\/em><\/span><br \/><span style=\"color: #ffcc99;\"><em>Des g\u2019h\u00f6rt sowieso oiss zua betoniert,<\/em><\/span><\/p>\n<p><span style=\"color: #ffcc99;\"><em>So traurig und achtlos, <\/em><\/span><br \/><span style=\"color: #ffcc99;\"><em>Mensch du machst mi echt sprachlos!<\/em><\/span><\/p>\n\n\n\n<div style=\"height:28px\" aria-hidden=\"true\" class=\"wp-block-spacer\"><\/div>\n\n\n\n<div style=\"height:100px\" aria-hidden=\"true\" class=\"wp-block-spacer\"><\/div>\n\n\n\n<figure class=\"wp-block-embed is-type-video is-provider-youtube wp-block-embed-youtube wp-embed-aspect-16-9 wp-has-aspect-ratio\"><div class=\"wp-block-embed__wrapper\">\n<iframe loading=\"lazy\" title=\"Blo\u00df a Pfitzn\" width=\"750\" height=\"422\" src=\"https:\/\/www.youtube.com\/embed\/x1PYWMMpTzQ?feature=oembed\" frameborder=\"0\" allow=\"accelerometer; autoplay; clipboard-write; encrypted-media; gyroscope; picture-in-picture; web-share\" allowfullscreen><\/iframe>\n<\/div><figcaption class=\"wp-element-caption\">Das komplette Video zum Song<\/figcaption><\/figure>\n\n\n\n<div class=\"wp-block-buttons is-horizontal is-content-justification-center is-layout-flex wp-container-core-buttons-is-layout-cbcdc57d wp-block-buttons-is-layout-flex\">\n<div class=\"wp-block-button has-custom-font-size is-style-outline has-small-font-size is-style-outline--5\"><a class=\"wp-block-button__link has-luminous-vivid-amber-color has-black-background-color has-text-color has-background wp-element-button\" href=\"https:\/\/songwriter-norbert-mueller.de\/?page_id=102\"><span style=\"color:#fcb900\" class=\"tadv-color\"><strong>\u25c4<\/strong><\/span><\/a><\/div>\n\n\n\n<div class=\"wp-block-button has-custom-font-size is-style-outline has-small-font-size is-style-outline--6\"><a class=\"wp-block-button__link has-luminous-vivid-amber-color has-black-background-color has-text-color has-background wp-element-button\" href=\"https:\/\/songwriter-norbert-mueller.de\/?page_id=14\">\u25b2 CD-\u00dcbersicht<\/a><\/div>\n\n\n\n<div class=\"wp-block-button has-custom-font-size is-style-outline has-small-font-size is-style-outline--7\"><a class=\"wp-block-button__link has-luminous-vivid-amber-color has-black-background-color has-text-color has-background wp-element-button\" href=\"https:\/\/songwriter-norbert-mueller.de\/?page_id=104\"><strong>\u25ba<\/strong><\/a><\/div>\n<\/div>\n","protected":false},"excerpt":{"rendered":"<p>Es sind wahre Kindheitserinnerungen, als ich mit meinem Cousin und Schulfreunden bei uns hinterm Viehmarkt bei der Donau in Ingolstadt, auf einer wilden Wiese zu einer Pf\u00fctze gegangen sind. Dort haben wir Kaulquappen gefangen und sie mit nach Hause genommen,<\/p>\n","protected":false},"author":1,"featured_media":0,"parent":14,"menu_order":0,"comment_status":"closed","ping_status":"closed","template":"","meta":{"_crdt_document":"","footnotes":""},"class_list":["post-103","page","type-page","status-publish","hentry"],"yoast_head":"<!-- This site is optimized with the Yoast SEO plugin v27.3 - https:\/\/yoast.com\/product\/yoast-seo-wordpress\/ -->\n<title>09 - Blo\u00df A Pfitzn! - Songwriter Norbert M\u00fcller<\/title>\n<meta name=\"description\" content=\"Kindheitserinnerungen, wie wir Kaulquappen fingen haben und zugeschaut haben, wie sie sich zu Fr\u00f6schen entwickelten\" \/>\n<meta name=\"robots\" content=\"index, follow, max-snippet:-1, max-image-preview:large, max-video-preview:-1\" \/>\n<link rel=\"canonical\" href=\"https:\/\/songwriter-norbert-mueller.de\/?page_id=103\" \/>\n<meta property=\"og:locale\" content=\"de_DE\" \/>\n<meta property=\"og:type\" content=\"article\" \/>\n<meta property=\"og:title\" content=\"09 - Blo\u00df A Pfitzn! - Songwriter Norbert M\u00fcller\" \/>\n<meta property=\"og:description\" content=\"Kindheitserinnerungen, wie wir Kaulquappen fingen haben und zugeschaut haben, wie sie sich zu Fr\u00f6schen entwickelten\" \/>\n<meta property=\"og:url\" content=\"https:\/\/songwriter-norbert-mueller.de\/?page_id=103\" \/>\n<meta property=\"og:site_name\" content=\"Songwriter Norbert M\u00fcller\" \/>\n<meta property=\"article:publisher\" content=\"https:\/\/www.facebook.com\/gscheiterhaufen\" \/>\n<meta property=\"article:modified_time\" content=\"2023-02-27T22:25:23+00:00\" \/>\n<meta name=\"twitter:card\" content=\"summary_large_image\" \/>\n<meta name=\"twitter:label1\" content=\"Gesch\u00e4tzte Lesezeit\" \/>\n\t<meta name=\"twitter:data1\" content=\"3\u00a0Minuten\" \/>\n<script type=\"application\/ld+json\" class=\"yoast-schema-graph\">{\"@context\":\"https:\\\/\\\/schema.org\",\"@graph\":[{\"@type\":\"WebPage\",\"@id\":\"https:\\\/\\\/songwriter-norbert-mueller.de\\\/?page_id=103\",\"url\":\"https:\\\/\\\/songwriter-norbert-mueller.de\\\/?page_id=103\",\"name\":\"09 - Blo\u00df A Pfitzn! - Songwriter Norbert M\u00fcller\",\"isPartOf\":{\"@id\":\"https:\\\/\\\/songwriter-norbert-mueller.de\\\/#website\"},\"datePublished\":\"2021-10-09T20:42:47+00:00\",\"dateModified\":\"2023-02-27T22:25:23+00:00\",\"description\":\"Kindheitserinnerungen, wie wir Kaulquappen fingen haben und zugeschaut haben, wie sie sich zu Fr\u00f6schen entwickelten\",\"breadcrumb\":{\"@id\":\"https:\\\/\\\/songwriter-norbert-mueller.de\\\/?page_id=103#breadcrumb\"},\"inLanguage\":\"de\",\"potentialAction\":[{\"@type\":\"ReadAction\",\"target\":[\"https:\\\/\\\/songwriter-norbert-mueller.de\\\/?page_id=103\"]}]},{\"@type\":\"BreadcrumbList\",\"@id\":\"https:\\\/\\\/songwriter-norbert-mueller.de\\\/?page_id=103#breadcrumb\",\"itemListElement\":[{\"@type\":\"ListItem\",\"position\":1,\"name\":\"Startseite\",\"item\":\"https:\\\/\\\/songwriter-norbert-mueller.de\\\/\"},{\"@type\":\"ListItem\",\"position\":2,\"name\":\"Da Bayrische Coolman\",\"item\":\"https:\\\/\\\/songwriter-norbert-mueller.de\\\/?page_id=14\"},{\"@type\":\"ListItem\",\"position\":3,\"name\":\"09 &#8211; Blo\u00df A Pfitzn!\"}]},{\"@type\":\"WebSite\",\"@id\":\"https:\\\/\\\/songwriter-norbert-mueller.de\\\/#website\",\"url\":\"https:\\\/\\\/songwriter-norbert-mueller.de\\\/\",\"name\":\"Songwriter Norbert M\u00fcller\",\"description\":\"Bayrischer Swing, Blues, Rock, Funk..., Songwriter, Norbert M\u00fcller, Michael Exenberger,\",\"publisher\":{\"@id\":\"https:\\\/\\\/songwriter-norbert-mueller.de\\\/#\\\/schema\\\/person\\\/4fc578fc2cccac12080b6903b28e4726\"},\"potentialAction\":[{\"@type\":\"SearchAction\",\"target\":{\"@type\":\"EntryPoint\",\"urlTemplate\":\"https:\\\/\\\/songwriter-norbert-mueller.de\\\/?s={search_term_string}\"},\"query-input\":{\"@type\":\"PropertyValueSpecification\",\"valueRequired\":true,\"valueName\":\"search_term_string\"}}],\"inLanguage\":\"de\"},{\"@type\":[\"Person\",\"Organization\"],\"@id\":\"https:\\\/\\\/songwriter-norbert-mueller.de\\\/#\\\/schema\\\/person\\\/4fc578fc2cccac12080b6903b28e4726\",\"name\":\"nmSongwriter\",\"image\":{\"@type\":\"ImageObject\",\"inLanguage\":\"de\",\"@id\":\"https:\\\/\\\/songwriter-norbert-mueller.de\\\/wp-content\\\/uploads\\\/2021\\\/10\\\/Avatar-Spoify.jpg\",\"url\":\"https:\\\/\\\/songwriter-norbert-mueller.de\\\/wp-content\\\/uploads\\\/2021\\\/10\\\/Avatar-Spoify.jpg\",\"contentUrl\":\"https:\\\/\\\/songwriter-norbert-mueller.de\\\/wp-content\\\/uploads\\\/2021\\\/10\\\/Avatar-Spoify.jpg\",\"width\":750,\"height\":750,\"caption\":\"nmSongwriter\"},\"logo\":{\"@id\":\"https:\\\/\\\/songwriter-norbert-mueller.de\\\/wp-content\\\/uploads\\\/2021\\\/10\\\/Avatar-Spoify.jpg\"},\"sameAs\":[\"http:\\\/\\\/mueller-norbert.de\",\"https:\\\/\\\/www.facebook.com\\\/gscheiterhaufen\",\"https:\\\/\\\/www.youtube.com\\\/channel\\\/UC-pqqUsP8t8Jk2bCdN-aUNw\",\"https:\\\/\\\/soundcloud.com\\\/norbert-mueller-903526782\"]}]}<\/script>\n<!-- \/ Yoast SEO plugin. -->","yoast_head_json":{"title":"09 - Blo\u00df A Pfitzn! - Songwriter Norbert M\u00fcller","description":"Kindheitserinnerungen, wie wir Kaulquappen fingen haben und zugeschaut haben, wie sie sich zu Fr\u00f6schen entwickelten","robots":{"index":"index","follow":"follow","max-snippet":"max-snippet:-1","max-image-preview":"max-image-preview:large","max-video-preview":"max-video-preview:-1"},"canonical":"https:\/\/songwriter-norbert-mueller.de\/?page_id=103","og_locale":"de_DE","og_type":"article","og_title":"09 - Blo\u00df A Pfitzn! - Songwriter Norbert M\u00fcller","og_description":"Kindheitserinnerungen, wie wir Kaulquappen fingen haben und zugeschaut haben, wie sie sich zu Fr\u00f6schen entwickelten","og_url":"https:\/\/songwriter-norbert-mueller.de\/?page_id=103","og_site_name":"Songwriter Norbert M\u00fcller","article_publisher":"https:\/\/www.facebook.com\/gscheiterhaufen","article_modified_time":"2023-02-27T22:25:23+00:00","twitter_card":"summary_large_image","twitter_misc":{"Gesch\u00e4tzte Lesezeit":"3\u00a0Minuten"},"schema":{"@context":"https:\/\/schema.org","@graph":[{"@type":"WebPage","@id":"https:\/\/songwriter-norbert-mueller.de\/?page_id=103","url":"https:\/\/songwriter-norbert-mueller.de\/?page_id=103","name":"09 - Blo\u00df A Pfitzn! - Songwriter Norbert M\u00fcller","isPartOf":{"@id":"https:\/\/songwriter-norbert-mueller.de\/#website"},"datePublished":"2021-10-09T20:42:47+00:00","dateModified":"2023-02-27T22:25:23+00:00","description":"Kindheitserinnerungen, wie wir Kaulquappen fingen haben und zugeschaut haben, wie sie sich zu Fr\u00f6schen entwickelten","breadcrumb":{"@id":"https:\/\/songwriter-norbert-mueller.de\/?page_id=103#breadcrumb"},"inLanguage":"de","potentialAction":[{"@type":"ReadAction","target":["https:\/\/songwriter-norbert-mueller.de\/?page_id=103"]}]},{"@type":"BreadcrumbList","@id":"https:\/\/songwriter-norbert-mueller.de\/?page_id=103#breadcrumb","itemListElement":[{"@type":"ListItem","position":1,"name":"Startseite","item":"https:\/\/songwriter-norbert-mueller.de\/"},{"@type":"ListItem","position":2,"name":"Da Bayrische Coolman","item":"https:\/\/songwriter-norbert-mueller.de\/?page_id=14"},{"@type":"ListItem","position":3,"name":"09 &#8211; Blo\u00df A Pfitzn!"}]},{"@type":"WebSite","@id":"https:\/\/songwriter-norbert-mueller.de\/#website","url":"https:\/\/songwriter-norbert-mueller.de\/","name":"Songwriter Norbert M\u00fcller","description":"Bayrischer Swing, Blues, Rock, Funk..., Songwriter, Norbert M\u00fcller, Michael Exenberger,","publisher":{"@id":"https:\/\/songwriter-norbert-mueller.de\/#\/schema\/person\/4fc578fc2cccac12080b6903b28e4726"},"potentialAction":[{"@type":"SearchAction","target":{"@type":"EntryPoint","urlTemplate":"https:\/\/songwriter-norbert-mueller.de\/?s={search_term_string}"},"query-input":{"@type":"PropertyValueSpecification","valueRequired":true,"valueName":"search_term_string"}}],"inLanguage":"de"},{"@type":["Person","Organization"],"@id":"https:\/\/songwriter-norbert-mueller.de\/#\/schema\/person\/4fc578fc2cccac12080b6903b28e4726","name":"nmSongwriter","image":{"@type":"ImageObject","inLanguage":"de","@id":"https:\/\/songwriter-norbert-mueller.de\/wp-content\/uploads\/2021\/10\/Avatar-Spoify.jpg","url":"https:\/\/songwriter-norbert-mueller.de\/wp-content\/uploads\/2021\/10\/Avatar-Spoify.jpg","contentUrl":"https:\/\/songwriter-norbert-mueller.de\/wp-content\/uploads\/2021\/10\/Avatar-Spoify.jpg","width":750,"height":750,"caption":"nmSongwriter"},"logo":{"@id":"https:\/\/songwriter-norbert-mueller.de\/wp-content\/uploads\/2021\/10\/Avatar-Spoify.jpg"},"sameAs":["http:\/\/mueller-norbert.de","https:\/\/www.facebook.com\/gscheiterhaufen","https:\/\/www.youtube.com\/channel\/UC-pqqUsP8t8Jk2bCdN-aUNw","https:\/\/soundcloud.com\/norbert-mueller-903526782"]}]}},"_links":{"self":[{"href":"https:\/\/songwriter-norbert-mueller.de\/index.php?rest_route=\/wp\/v2\/pages\/103","targetHints":{"allow":["GET"]}}],"collection":[{"href":"https:\/\/songwriter-norbert-mueller.de\/index.php?rest_route=\/wp\/v2\/pages"}],"about":[{"href":"https:\/\/songwriter-norbert-mueller.de\/index.php?rest_route=\/wp\/v2\/types\/page"}],"author":[{"embeddable":true,"href":"https:\/\/songwriter-norbert-mueller.de\/index.php?rest_route=\/wp\/v2\/users\/1"}],"replies":[{"embeddable":true,"href":"https:\/\/songwriter-norbert-mueller.de\/index.php?rest_route=%2Fwp%2Fv2%2Fcomments&post=103"}],"version-history":[{"count":30,"href":"https:\/\/songwriter-norbert-mueller.de\/index.php?rest_route=\/wp\/v2\/pages\/103\/revisions"}],"predecessor-version":[{"id":2406,"href":"https:\/\/songwriter-norbert-mueller.de\/index.php?rest_route=\/wp\/v2\/pages\/103\/revisions\/2406"}],"up":[{"embeddable":true,"href":"https:\/\/songwriter-norbert-mueller.de\/index.php?rest_route=\/wp\/v2\/pages\/14"}],"wp:attachment":[{"href":"https:\/\/songwriter-norbert-mueller.de\/index.php?rest_route=%2Fwp%2Fv2%2Fmedia&parent=103"}],"curies":[{"name":"wp","href":"https:\/\/api.w.org\/{rel}","templated":true}]}}