{"id":104,"date":"2021-10-09T20:42:47","date_gmt":"2021-10-09T20:42:47","guid":{"rendered":"http:\/\/mueller-norbert.de\/?page_id=104"},"modified":"2022-09-03T19:41:56","modified_gmt":"2022-09-03T19:41:56","slug":"wiara-gluat-2","status":"publish","type":"page","link":"https:\/\/songwriter-norbert-mueller.de\/?page_id=104","title":{"rendered":"10 &#8211; Wia&#8217;ra Gluat"},"content":{"rendered":"\n<figure class=\"wp-block-video\"><video height=\"1080\" style=\"aspect-ratio: 1084 \/ 1080;\" width=\"1084\" controls poster=\"https:\/\/songwriter-norbert-mueller.de\/wp-content\/uploads\/2021\/10\/Wiara-Gluat.jpg\" src=\"https:\/\/songwriter-norbert-mueller.de\/wp-content\/uploads\/2021\/11\/10_WiaraGluat_CD-Probe-2.mp4\"><\/video><figcaption class=\"wp-element-caption\">\u2117 &amp; \u00a9 by Songwriter Norbert M\u00fcller 2021. Text, Musik, Gesang, Akustikgitarre,<br>Stage-Piano, Keyboards, Drums Toontrack EZ-Drummer 2, Titelfoto G\u00e1bor Adonyi&nbsp;<\/figcaption><\/figure>\n\n\n\n<div style=\"height:42px\" aria-hidden=\"true\" class=\"wp-block-spacer\"><\/div>\n\n\n\n<div class=\"wp-block-buttons is-horizontal is-content-justification-center is-layout-flex wp-container-core-buttons-is-layout-cbcdc57d wp-block-buttons-is-layout-flex\">\n<div class=\"wp-block-button has-custom-font-size is-style-outline has-small-font-size is-style-outline--2\"><a class=\"wp-block-button__link has-luminous-vivid-amber-color has-black-background-color has-text-color has-background wp-element-button\" href=\"https:\/\/songwriter-norbert-mueller.de\/?page_id=103\"><span style=\"color:#fcb900\" class=\"tadv-color\"><strong>\u25c4<\/strong><\/span><\/a><\/div>\n\n\n\n<div class=\"wp-block-button has-custom-font-size is-style-outline has-small-font-size is-style-outline--3\"><a class=\"wp-block-button__link has-luminous-vivid-amber-color has-black-background-color has-text-color has-background wp-element-button\" href=\"https:\/\/songwriter-norbert-mueller.de\/?page_id=14\">\u25b2 CD-\u00dcbersicht<\/a><\/div>\n\n\n\n<div class=\"wp-block-button has-custom-font-size is-style-outline has-small-font-size is-style-outline--4\"><a class=\"wp-block-button__link has-luminous-vivid-amber-color has-black-background-color has-text-color has-background wp-element-button\" href=\"https:\/\/songwriter-norbert-mueller.de\/?page_id=650\"><strong>\u25ba<\/strong><\/a><\/div>\n<\/div>\n\n\n\n<div style=\"height:41px\" aria-hidden=\"true\" class=\"wp-block-spacer\"><\/div>\n\n\n\n<div class=\"wp-block-columns is-layout-flex wp-container-core-columns-is-layout-7387b849 wp-block-columns-is-layout-flex\">\n<div class=\"wp-block-column is-layout-flow wp-block-column-is-layout-flow\" style=\"flex-basis:100%\">\n<p>Ist Dir das schon mal passiert, dass Dir aus heiterem Himmel etwas einf\u00e4llt und pl\u00f6tzlich mit vollem Elan, Ideen aus Dir heraussprudeln? Das Dich so beansprucht, dass Du gar nicht mehr anders kannst?!<\/p>\n<p>Dieser Flow hat mich gelegentlich mal \u00fcberfallen und dann entstehen Dinge die es vorher noch nicht gab &#8211; z.B. die Idee Songwriter zu werden, eigene Lieder zu schreiben, sie vorzutragen&nbsp; und diese Web-Seite zu erstellen! \ud83d\ude09<\/p>\n<p>Ja und wenn man das zul\u00e4sst, dann brennt das in einem wie eine Glut! \ud83d\ude42 So wie dieser fetzige Funk \ud83d\ude09<\/p>\n\n\n\n<p class=\"wp-block-paragraph\"><\/p>\n<\/div>\n<\/div>\n\n\n\n<div style=\"height:63px\" aria-hidden=\"true\" class=\"wp-block-spacer\"><\/div>\n\n\n\n<h4><strong><em><span style=\"color: #ffcc99;\">Wia&#8217;ra Gluat!<\/span><\/em><\/strong><\/h4>\n<p><span style=\"color: #ffcc99;\"><em>Manchmoi hockst Du blos so rum<\/em><\/span><br \/><span style=\"color: #ffcc99;\"><em>nix passiert um Di rum<\/em><\/span><br \/><span style=\"color: #ffcc99;\"><em>trinkst Dei Bier und gibst a ruah,<\/em><\/span><br \/><span style=\"color: #ffcc99;\"><em>blost\u2018s ma doch olle auf, mein Schua!<br \/><\/em><\/span><br \/><span style=\"color: #ffcc99;\"><em>Und wia\u2019st grod so faul rumsitzt <\/em><\/span><br \/><span style=\"color: #ffcc99;\"><em>kummt auf oamoi a Geistesblitz <\/em><\/span><br \/><span style=\"color: #ffcc99;\"><em>a saubl\u00e4de Idee, vastehst <\/em><\/span><br \/><span style=\"color: #ffcc99;\"><em>Die di jetzt nimma los l\u00e4sst!<\/em><\/span><\/p>\n<p><span style=\"color: #ffcc99;\"><strong><em>Manchmoi griag\u2019st du an Flow <\/em><\/strong><\/span><br \/><span style=\"color: #ffcc99;\"><strong><em>Und dann ziag\u2019st du ab dei Show<\/em><\/strong><\/span><br \/><span style=\"color: #ffcc99;\"><strong><em>Manchmoi geht des von alloa<\/em><\/strong><\/span><br \/><span style=\"color: #ffcc99;\"><strong><em>A wennst das ned glaubst, <\/em><\/strong><\/span><br \/><span style=\"color: #ffcc99;\"><strong><em>ja des is woar! <\/em><\/strong><\/span><br \/><span style=\"color: #ffcc99;\"><strong><em>ja des is woar!<\/em><\/strong><\/span><br \/><span style=\"color: #ffcc99;\"><strong><em>ja des is woar!<\/em><\/strong><\/span><\/p>\n<p><span style=\"color: #ffcc99;\"><em>Do kumman Gl\u00fccksgef\u00fchle auf<\/em><\/span><br \/><span style=\"color: #ffcc99;\"><em>Und die Zeit vageht wia im Lauf<\/em><\/span><br \/><span style=\"color: #ffcc99;\"><em>Do entstehn Dinge ohne Plan <\/em><\/span><br \/><span style=\"color: #ffcc99;\"><em>De voher no ned do war\u2018n<\/em><\/span><\/p>\n<p><span style=\"color: #ffcc99;\"><strong><em>Bist fasziniert kreativ<\/em><\/strong><\/span><br \/><span style=\"color: #ffcc99;\"><strong><em>Manchmal auch etwas naiv<\/em><\/strong><\/span><br \/><span style=\"color: #ffcc99;\"><strong><em>Bist selbstvagessn was du duast<\/em><\/strong><\/span><br \/><span style=\"color: #ffcc99;\"><strong><em>Des brennt in dir, <\/em><\/strong><\/span><br \/><span style=\"color: #ffcc99;\"><strong><em>wi\u2019ra Gluat, <\/em><\/strong><\/span><br \/><span style=\"color: #ffcc99;\"><strong><em>wi\u2019ra Gluat, <\/em><\/strong><\/span><br \/><span style=\"color: #ffcc99;\"><strong><em>wi\u2019ra Gluat,<\/em><\/strong><\/span><\/p>\n<p><span style=\"color: #ffcc99;\"><em>Und i lodt Eich olle ei<\/em><\/span><br \/><span style=\"color: #ffcc99;\"><em>mit mir dabei zu sei<\/em><\/span><br \/><span style=\"color: #ffcc99;\"><em>dann samma olle zam im Flow<\/em><\/span><br \/><span style=\"color: #ffcc99;\"><em>und ziang ab uns\u2018re Show!<\/em><\/span><\/p>\n<p><span style=\"color: #ffcc99;\"><strong><em>Manchmoi griag\u2019st du an Flow <\/em><\/strong><\/span><br \/><span style=\"color: #ffcc99;\"><strong><em>Und dann ziag\u2019st du ab dei Show<\/em><\/strong><\/span><br \/><span style=\"color: #ffcc99;\"><strong><em>Manchmoi geht des von alloa<\/em><\/strong><\/span><br \/><span style=\"color: #ffcc99;\"><strong><em>A wennst das ned glaubst, <\/em><\/strong><\/span><br \/><span style=\"color: #ffcc99;\"><strong><em>ja des is woar! <\/em><\/strong><\/span><br \/><span style=\"color: #ffcc99;\"><strong><em>ja des is woar!<\/em><\/strong><\/span><br \/><span style=\"color: #ffcc99;\"><strong><em>ja des is woar!<\/em><\/strong><\/span><\/p>\n<p><span style=\"color: #ffcc99;\"><strong><em>Bist fasziniert kreativ<\/em><\/strong><\/span><br \/><span style=\"color: #ffcc99;\"><strong><em>Manchmal auch etwas naiv<\/em><\/strong><\/span><br \/><span style=\"color: #ffcc99;\"><strong><em>Bist selbstvagessn was du duast<\/em><\/strong><\/span><br \/><span style=\"color: #ffcc99;\"><strong><em>Des brennt in dir, <\/em><\/strong><\/span><br \/><span style=\"color: #ffcc99;\"><strong><em>wi\u2019ra Gluat, <\/em><\/strong><\/span><br \/><span style=\"color: #ffcc99;\"><strong><em>wi\u2019ra Gluat, <\/em><\/strong><\/span><br \/><span style=\"color: #ffcc99;\"><strong><em>wi\u2019ra Gluat,<\/em><\/strong><\/span><br \/><span style=\"color: #ffcc99;\"><strong><em>wi\u2019ra Gluat<\/em><\/strong><\/span><\/p>\n\n\n\n<div class=\"wp-block-buttons is-horizontal is-content-justification-center is-layout-flex wp-container-core-buttons-is-layout-cbcdc57d wp-block-buttons-is-layout-flex\">\n<div class=\"wp-block-button has-custom-font-size is-style-outline has-small-font-size is-style-outline--5\"><a class=\"wp-block-button__link has-luminous-vivid-amber-color has-black-background-color has-text-color has-background wp-element-button\" href=\"https:\/\/songwriter-norbert-mueller.de\/?page_id=103\"><span style=\"color:#fcb900\" class=\"tadv-color\"><strong>\u25c4<\/strong><\/span><\/a><\/div>\n\n\n\n<div class=\"wp-block-button has-custom-font-size is-style-outline has-small-font-size is-style-outline--6\"><a class=\"wp-block-button__link has-luminous-vivid-amber-color has-black-background-color has-text-color has-background wp-element-button\" href=\"https:\/\/songwriter-norbert-mueller.de\/?page_id=14\">\u25b2 CD-\u00dcbersicht<\/a><\/div>\n\n\n\n<div class=\"wp-block-button has-custom-font-size is-style-outline has-small-font-size is-style-outline--7\"><a class=\"wp-block-button__link has-luminous-vivid-amber-color has-black-background-color has-text-color has-background wp-element-button\" href=\"https:\/\/songwriter-norbert-mueller.de\/?page_id=650\"><strong>\u25ba<\/strong><\/a><\/div>\n<\/div>\n","protected":false},"excerpt":{"rendered":"<p>Ist Dir das schon mal passiert, dass Dir aus heiterem Himmel etwas einf\u00e4llt und pl\u00f6tzlich mit vollem Elan, Ideen aus Dir heraussprudeln? Das Dich so beansprucht, dass Du gar nicht mehr anders kannst?! Dieser Flow hat mich gelegentlich mal \u00fcberfallen<\/p>\n","protected":false},"author":1,"featured_media":0,"parent":14,"menu_order":0,"comment_status":"closed","ping_status":"closed","template":"","meta":{"_crdt_document":"","footnotes":""},"class_list":["post-104","page","type-page","status-publish","hentry"],"yoast_head":"<!-- This site is optimized with the Yoast SEO plugin v27.3 - https:\/\/yoast.com\/product\/yoast-seo-wordpress\/ -->\n<title>10 - Wia\\&#039;ra Gluat - Songwriter Norbert M\u00fcller<\/title>\n<meta name=\"description\" content=\"Pl\u00f6tzlich sprudeln aus heiterem Himmel Ideen aus einem heraus, und man ist in einem Flow der einem in einen Kreativit\u00e4tsrausch versetzt!\" \/>\n<meta name=\"robots\" content=\"index, follow, max-snippet:-1, max-image-preview:large, max-video-preview:-1\" \/>\n<link rel=\"canonical\" href=\"https:\/\/songwriter-norbert-mueller.de\/?page_id=104\" \/>\n<meta property=\"og:locale\" content=\"de_DE\" \/>\n<meta property=\"og:type\" content=\"article\" \/>\n<meta property=\"og:title\" content=\"10 - Wia\\&#039;ra Gluat - Songwriter Norbert M\u00fcller\" \/>\n<meta property=\"og:description\" content=\"Pl\u00f6tzlich sprudeln aus heiterem Himmel Ideen aus einem heraus, und man ist in einem Flow der einem in einen Kreativit\u00e4tsrausch versetzt!\" \/>\n<meta property=\"og:url\" content=\"https:\/\/songwriter-norbert-mueller.de\/?page_id=104\" \/>\n<meta property=\"og:site_name\" content=\"Songwriter Norbert M\u00fcller\" \/>\n<meta property=\"article:publisher\" content=\"https:\/\/www.facebook.com\/gscheiterhaufen\" \/>\n<meta property=\"article:modified_time\" content=\"2022-09-03T19:41:56+00:00\" \/>\n<meta name=\"twitter:card\" content=\"summary_large_image\" \/>\n<meta name=\"twitter:label1\" content=\"Gesch\u00e4tzte Lesezeit\" \/>\n\t<meta name=\"twitter:data1\" content=\"2\u00a0Minuten\" \/>\n<script type=\"application\/ld+json\" class=\"yoast-schema-graph\">{\"@context\":\"https:\\\/\\\/schema.org\",\"@graph\":[{\"@type\":\"WebPage\",\"@id\":\"https:\\\/\\\/songwriter-norbert-mueller.de\\\/?page_id=104\",\"url\":\"https:\\\/\\\/songwriter-norbert-mueller.de\\\/?page_id=104\",\"name\":\"10 - Wia\\\\'ra Gluat - Songwriter Norbert M\u00fcller\",\"isPartOf\":{\"@id\":\"https:\\\/\\\/songwriter-norbert-mueller.de\\\/#website\"},\"datePublished\":\"2021-10-09T20:42:47+00:00\",\"dateModified\":\"2022-09-03T19:41:56+00:00\",\"description\":\"Pl\u00f6tzlich sprudeln aus heiterem Himmel Ideen aus einem heraus, und man ist in einem Flow der einem in einen Kreativit\u00e4tsrausch versetzt!\",\"breadcrumb\":{\"@id\":\"https:\\\/\\\/songwriter-norbert-mueller.de\\\/?page_id=104#breadcrumb\"},\"inLanguage\":\"de\",\"potentialAction\":[{\"@type\":\"ReadAction\",\"target\":[\"https:\\\/\\\/songwriter-norbert-mueller.de\\\/?page_id=104\"]}]},{\"@type\":\"BreadcrumbList\",\"@id\":\"https:\\\/\\\/songwriter-norbert-mueller.de\\\/?page_id=104#breadcrumb\",\"itemListElement\":[{\"@type\":\"ListItem\",\"position\":1,\"name\":\"Startseite\",\"item\":\"https:\\\/\\\/songwriter-norbert-mueller.de\\\/\"},{\"@type\":\"ListItem\",\"position\":2,\"name\":\"Da Bayrische Coolman\",\"item\":\"https:\\\/\\\/songwriter-norbert-mueller.de\\\/?page_id=14\"},{\"@type\":\"ListItem\",\"position\":3,\"name\":\"10 &#8211; Wia&#8217;ra Gluat\"}]},{\"@type\":\"WebSite\",\"@id\":\"https:\\\/\\\/songwriter-norbert-mueller.de\\\/#website\",\"url\":\"https:\\\/\\\/songwriter-norbert-mueller.de\\\/\",\"name\":\"Songwriter Norbert M\u00fcller\",\"description\":\"Bayrischer Swing, Blues, Rock, Funk..., Songwriter, Norbert M\u00fcller, Michael Exenberger,\",\"publisher\":{\"@id\":\"https:\\\/\\\/songwriter-norbert-mueller.de\\\/#\\\/schema\\\/person\\\/4fc578fc2cccac12080b6903b28e4726\"},\"potentialAction\":[{\"@type\":\"SearchAction\",\"target\":{\"@type\":\"EntryPoint\",\"urlTemplate\":\"https:\\\/\\\/songwriter-norbert-mueller.de\\\/?s={search_term_string}\"},\"query-input\":{\"@type\":\"PropertyValueSpecification\",\"valueRequired\":true,\"valueName\":\"search_term_string\"}}],\"inLanguage\":\"de\"},{\"@type\":[\"Person\",\"Organization\"],\"@id\":\"https:\\\/\\\/songwriter-norbert-mueller.de\\\/#\\\/schema\\\/person\\\/4fc578fc2cccac12080b6903b28e4726\",\"name\":\"nmSongwriter\",\"image\":{\"@type\":\"ImageObject\",\"inLanguage\":\"de\",\"@id\":\"https:\\\/\\\/songwriter-norbert-mueller.de\\\/wp-content\\\/uploads\\\/2021\\\/10\\\/Avatar-Spoify.jpg\",\"url\":\"https:\\\/\\\/songwriter-norbert-mueller.de\\\/wp-content\\\/uploads\\\/2021\\\/10\\\/Avatar-Spoify.jpg\",\"contentUrl\":\"https:\\\/\\\/songwriter-norbert-mueller.de\\\/wp-content\\\/uploads\\\/2021\\\/10\\\/Avatar-Spoify.jpg\",\"width\":750,\"height\":750,\"caption\":\"nmSongwriter\"},\"logo\":{\"@id\":\"https:\\\/\\\/songwriter-norbert-mueller.de\\\/wp-content\\\/uploads\\\/2021\\\/10\\\/Avatar-Spoify.jpg\"},\"sameAs\":[\"http:\\\/\\\/mueller-norbert.de\",\"https:\\\/\\\/www.facebook.com\\\/gscheiterhaufen\",\"https:\\\/\\\/www.youtube.com\\\/channel\\\/UC-pqqUsP8t8Jk2bCdN-aUNw\",\"https:\\\/\\\/soundcloud.com\\\/norbert-mueller-903526782\"]}]}<\/script>\n<!-- \/ Yoast SEO plugin. -->","yoast_head_json":{"title":"10 - Wia\\'ra Gluat - Songwriter Norbert M\u00fcller","description":"Pl\u00f6tzlich sprudeln aus heiterem Himmel Ideen aus einem heraus, und man ist in einem Flow der einem in einen Kreativit\u00e4tsrausch versetzt!","robots":{"index":"index","follow":"follow","max-snippet":"max-snippet:-1","max-image-preview":"max-image-preview:large","max-video-preview":"max-video-preview:-1"},"canonical":"https:\/\/songwriter-norbert-mueller.de\/?page_id=104","og_locale":"de_DE","og_type":"article","og_title":"10 - Wia\\'ra Gluat - Songwriter Norbert M\u00fcller","og_description":"Pl\u00f6tzlich sprudeln aus heiterem Himmel Ideen aus einem heraus, und man ist in einem Flow der einem in einen Kreativit\u00e4tsrausch versetzt!","og_url":"https:\/\/songwriter-norbert-mueller.de\/?page_id=104","og_site_name":"Songwriter Norbert M\u00fcller","article_publisher":"https:\/\/www.facebook.com\/gscheiterhaufen","article_modified_time":"2022-09-03T19:41:56+00:00","twitter_card":"summary_large_image","twitter_misc":{"Gesch\u00e4tzte Lesezeit":"2\u00a0Minuten"},"schema":{"@context":"https:\/\/schema.org","@graph":[{"@type":"WebPage","@id":"https:\/\/songwriter-norbert-mueller.de\/?page_id=104","url":"https:\/\/songwriter-norbert-mueller.de\/?page_id=104","name":"10 - Wia\\'ra Gluat - Songwriter Norbert M\u00fcller","isPartOf":{"@id":"https:\/\/songwriter-norbert-mueller.de\/#website"},"datePublished":"2021-10-09T20:42:47+00:00","dateModified":"2022-09-03T19:41:56+00:00","description":"Pl\u00f6tzlich sprudeln aus heiterem Himmel Ideen aus einem heraus, und man ist in einem Flow der einem in einen Kreativit\u00e4tsrausch versetzt!","breadcrumb":{"@id":"https:\/\/songwriter-norbert-mueller.de\/?page_id=104#breadcrumb"},"inLanguage":"de","potentialAction":[{"@type":"ReadAction","target":["https:\/\/songwriter-norbert-mueller.de\/?page_id=104"]}]},{"@type":"BreadcrumbList","@id":"https:\/\/songwriter-norbert-mueller.de\/?page_id=104#breadcrumb","itemListElement":[{"@type":"ListItem","position":1,"name":"Startseite","item":"https:\/\/songwriter-norbert-mueller.de\/"},{"@type":"ListItem","position":2,"name":"Da Bayrische Coolman","item":"https:\/\/songwriter-norbert-mueller.de\/?page_id=14"},{"@type":"ListItem","position":3,"name":"10 &#8211; Wia&#8217;ra Gluat"}]},{"@type":"WebSite","@id":"https:\/\/songwriter-norbert-mueller.de\/#website","url":"https:\/\/songwriter-norbert-mueller.de\/","name":"Songwriter Norbert M\u00fcller","description":"Bayrischer Swing, Blues, Rock, Funk..., Songwriter, Norbert M\u00fcller, Michael Exenberger,","publisher":{"@id":"https:\/\/songwriter-norbert-mueller.de\/#\/schema\/person\/4fc578fc2cccac12080b6903b28e4726"},"potentialAction":[{"@type":"SearchAction","target":{"@type":"EntryPoint","urlTemplate":"https:\/\/songwriter-norbert-mueller.de\/?s={search_term_string}"},"query-input":{"@type":"PropertyValueSpecification","valueRequired":true,"valueName":"search_term_string"}}],"inLanguage":"de"},{"@type":["Person","Organization"],"@id":"https:\/\/songwriter-norbert-mueller.de\/#\/schema\/person\/4fc578fc2cccac12080b6903b28e4726","name":"nmSongwriter","image":{"@type":"ImageObject","inLanguage":"de","@id":"https:\/\/songwriter-norbert-mueller.de\/wp-content\/uploads\/2021\/10\/Avatar-Spoify.jpg","url":"https:\/\/songwriter-norbert-mueller.de\/wp-content\/uploads\/2021\/10\/Avatar-Spoify.jpg","contentUrl":"https:\/\/songwriter-norbert-mueller.de\/wp-content\/uploads\/2021\/10\/Avatar-Spoify.jpg","width":750,"height":750,"caption":"nmSongwriter"},"logo":{"@id":"https:\/\/songwriter-norbert-mueller.de\/wp-content\/uploads\/2021\/10\/Avatar-Spoify.jpg"},"sameAs":["http:\/\/mueller-norbert.de","https:\/\/www.facebook.com\/gscheiterhaufen","https:\/\/www.youtube.com\/channel\/UC-pqqUsP8t8Jk2bCdN-aUNw","https:\/\/soundcloud.com\/norbert-mueller-903526782"]}]}},"_links":{"self":[{"href":"https:\/\/songwriter-norbert-mueller.de\/index.php?rest_route=\/wp\/v2\/pages\/104","targetHints":{"allow":["GET"]}}],"collection":[{"href":"https:\/\/songwriter-norbert-mueller.de\/index.php?rest_route=\/wp\/v2\/pages"}],"about":[{"href":"https:\/\/songwriter-norbert-mueller.de\/index.php?rest_route=\/wp\/v2\/types\/page"}],"author":[{"embeddable":true,"href":"https:\/\/songwriter-norbert-mueller.de\/index.php?rest_route=\/wp\/v2\/users\/1"}],"replies":[{"embeddable":true,"href":"https:\/\/songwriter-norbert-mueller.de\/index.php?rest_route=%2Fwp%2Fv2%2Fcomments&post=104"}],"version-history":[{"count":27,"href":"https:\/\/songwriter-norbert-mueller.de\/index.php?rest_route=\/wp\/v2\/pages\/104\/revisions"}],"predecessor-version":[{"id":2338,"href":"https:\/\/songwriter-norbert-mueller.de\/index.php?rest_route=\/wp\/v2\/pages\/104\/revisions\/2338"}],"up":[{"embeddable":true,"href":"https:\/\/songwriter-norbert-mueller.de\/index.php?rest_route=\/wp\/v2\/pages\/14"}],"wp:attachment":[{"href":"https:\/\/songwriter-norbert-mueller.de\/index.php?rest_route=%2Fwp%2Fv2%2Fmedia&parent=104"}],"curies":[{"name":"wp","href":"https:\/\/api.w.org\/{rel}","templated":true}]}}