{"id":14,"date":"2021-10-09T17:19:09","date_gmt":"2021-10-09T17:19:09","guid":{"rendered":"http:\/\/mueller-norbert.de\/?page_id=14"},"modified":"2025-01-31T23:45:18","modified_gmt":"2025-01-31T23:45:18","slug":"14-2","status":"publish","type":"page","link":"https:\/\/songwriter-norbert-mueller.de\/?page_id=14","title":{"rendered":"Meine erste CD: &#8220;Da Bayrische Coolman&#8221;"},"content":{"rendered":"\n<div class=\"wp-block-media-text alignwide is-stacked-on-mobile is-vertically-aligned-center has-yellow-color has-text-color\" style=\"grid-template-columns:60% auto\"><figure class=\"wp-block-media-text__media\"><img loading=\"lazy\" decoding=\"async\" width=\"948\" height=\"943\" src=\"https:\/\/songwriter-norbert-mueller.de\/wp-content\/uploads\/2021\/10\/BayrischeCoolman.jpg\" alt=\"\" class=\"wp-image-15 size-full\" srcset=\"https:\/\/songwriter-norbert-mueller.de\/wp-content\/uploads\/2021\/10\/BayrischeCoolman.jpg 948w, https:\/\/songwriter-norbert-mueller.de\/wp-content\/uploads\/2021\/10\/BayrischeCoolman-300x298.jpg 300w, https:\/\/songwriter-norbert-mueller.de\/wp-content\/uploads\/2021\/10\/BayrischeCoolman-150x150.jpg 150w, https:\/\/songwriter-norbert-mueller.de\/wp-content\/uploads\/2021\/10\/BayrischeCoolman-768x764.jpg 768w\" sizes=\"auto, (max-width: 948px) 100vw, 948px\" \/><\/figure><div class=\"wp-block-media-text__content\">\n<p class=\"has-normal-font-size wp-block-paragraph\"><mark style=\"background-color:rgba(0, 0, 0, 0)\" class=\"has-inline-color has-yellow-color\"><a href=\"https:\/\/songwriter-norbert-mueller.de\/?page_id=66\"><strong><span style=\"color:#fcb900\" class=\"tadv-color\">0<\/span><\/strong><\/a><strong><a href=\"https:\/\/songwriter-norbert-mueller.de\/?page_id=66\"><span style=\"color:#fcb900\" class=\"tadv-color\">1 Da Bayrische Coolman<\/span><\/a><\/strong><a href=\"https:\/\/songwriter-norbert-mueller.de\/?page_id=66\"><strong><span style=\"color:#fcb900\" class=\"tadv-color\"> <\/span><\/strong><\/a><\/mark><\/p>\n\n\n\n<p class=\"wp-block-paragraph\"><strong><mark style=\"background-color:rgba(0, 0, 0, 0)\" class=\"has-inline-color has-yellow-color\"><a href=\"https:\/\/songwriter-norbert-mueller.de\/?page_id=68\" data-type=\"page\" data-id=\"68\"><span style=\"color:#fcb900\" class=\"tadv-color\">02 Wia De Zeit Vageht<\/span><\/a><\/mark><\/strong> <\/p>\n\n\n\n<p class=\"wp-block-paragraph\"><strong><a href=\"https:\/\/songwriter-norbert-mueller.de\/?page_id=69\" data-type=\"page\" data-id=\"69\"><mark style=\"background-color:rgba(0, 0, 0, 0)\" class=\"has-inline-color has-luminous-vivid-amber-color\">03 I Schmei\u00df Des Naus<\/mark><\/a><\/strong><\/p>\n\n\n\n<p class=\"wp-block-paragraph\"><strong><a href=\"https:\/\/songwriter-norbert-mueller.de\/?page_id=98\" data-type=\"page\" data-id=\"98\"><mark style=\"background-color:rgba(0, 0, 0, 0)\" class=\"has-inline-color has-luminous-vivid-amber-color\">04 Relax Day<\/mark><\/a><\/strong><\/p>\n\n\n\n<p class=\"wp-block-paragraph\"><strong><a data-type=\"page\" data-id=\"99\" href=\"https:\/\/songwriter-norbert-mueller.de\/?page_id=99\"><mark style=\"background-color:rgba(0, 0, 0, 0)\" class=\"has-inline-color has-luminous-vivid-amber-color\">05 Do Wo&#8217;d Vogerln Singa<\/mark><\/a><\/strong><\/p>\n\n\n\n<p class=\"wp-block-paragraph\"><strong><a href=\"https:\/\/songwriter-norbert-mueller.de\/?page_id=100\" data-type=\"page\" data-id=\"100\"><mark style=\"background-color:rgba(0, 0, 0, 0)\" class=\"has-inline-color has-luminous-vivid-amber-color\">06 Bad Luck Blues<\/mark><\/a><\/strong><\/p>\n\n\n\n<p class=\"wp-block-paragraph\"><strong><a href=\"https:\/\/songwriter-norbert-mueller.de\/?page_id=708\" data-type=\"page\" data-id=\"708\"><mark style=\"background-color:rgba(0, 0, 0, 0)\" class=\"has-inline-color has-luminous-vivid-amber-color\">07 H\u00e4 Du!<\/mark><\/a><\/strong><\/p>\n\n\n\n<p class=\"wp-block-paragraph\"><strong><a href=\"https:\/\/songwriter-norbert-mueller.de\/?page_id=102\" data-type=\"page\" data-id=\"102\"><mark style=\"background-color:rgba(0, 0, 0, 0)\" class=\"has-inline-color has-luminous-vivid-amber-color\">08 I Erinner Mi<\/mark><\/a><\/strong><\/p>\n\n\n\n<p class=\"wp-block-paragraph\"><strong><mark style=\"background-color:rgba(0, 0, 0, 0)\" class=\"has-inline-color has-luminous-vivid-amber-color\"><a href=\"https:\/\/songwriter-norbert-mueller.de\/?page_id=103\" data-type=\"page\" data-id=\"103\"><span style=\"color:#fcb900\" class=\"tadv-color\">09 Blo\u00df A Pfitzn<\/span><\/a><\/mark><\/strong><\/p>\n\n\n\n<p class=\"wp-block-paragraph\"><strong><a href=\"https:\/\/songwriter-norbert-mueller.de\/?page_id=104\" data-type=\"page\" data-id=\"104\"><mark style=\"background-color:rgba(0, 0, 0, 0)\" class=\"has-inline-color has-luminous-vivid-amber-color\">10 Wia&#8217;ra Gluat<\/mark><\/a><\/strong><\/p>\n\n\n\n<p class=\"wp-block-paragraph\"><a href=\"https:\/\/songwriter-norbert-mueller.de\/?page_id=650\" data-type=\"page\" data-id=\"650\"><mark style=\"background-color:rgba(0, 0, 0, 0)\" class=\"has-inline-color has-luminous-vivid-amber-color\"><strong>11 Herzeinschleicher<\/strong><\/mark><\/a><\/p>\n\n\n\n<p class=\"wp-block-paragraph\"><strong><a href=\"https:\/\/songwriter-norbert-mueller.de\/?page_id=105\" data-type=\"page\" data-id=\"105\"><mark style=\"background-color:rgba(0, 0, 0, 0)\" class=\"has-inline-color has-luminous-vivid-amber-color\">12 Echte Freund<\/mark><\/a> <\/strong> (Bonus Track <br>Text: Michael Exenberger)<\/p>\n\n\n\n<p class=\"wp-block-paragraph\"><strong><a data-type=\"page\" data-id=\"1748\" href=\"https:\/\/songwriter-norbert-mueller.de\/?page_id=1748\"><span style=\"color:#fcb900\" class=\"tadv-color\">13 Sicher Land<\/span> <\/a><\/strong> (Bonus Track <br>Text: Michael Exenberger<\/p>\n<\/div><\/div>\n\n\n\n<div class=\"wp-block-buttons is-horizontal is-content-justification-center is-layout-flex wp-container-core-buttons-is-layout-cbcdc57d wp-block-buttons-is-layout-flex\">\n<div class=\"wp-block-button is-style-outline is-style-outline--2\"><a class=\"wp-block-button__link has-luminous-vivid-amber-color has-black-background-color has-text-color has-background has-small-font-size has-custom-font-size wp-element-button\" href=\"https:\/\/songwriter-norbert-mueller.de\/?page_id=105\"><span style=\"color:#fcb900\" class=\"tadv-color\"><strong>\u25c4<\/strong><\/span><\/a><\/div>\n\n\n\n<div class=\"wp-block-button\"><a class=\"wp-block-button__link has-small-font-size has-custom-font-size wp-element-button\"><strong><span class=\"has-inline-color has-luminous-vivid-amber-color\">CD &#8211; \u00dcbersicht<\/span><\/strong><\/a><\/div>\n\n\n\n<div class=\"wp-block-button is-style-outline is-style-outline--3\"><a class=\"wp-block-button__link has-luminous-vivid-amber-color has-black-background-color has-text-color has-background has-small-font-size has-custom-font-size wp-element-button\" href=\"https:\/\/songwriter-norbert-mueller.de\/?page_id=66\"><strong>\u25ba<\/strong><\/a><\/div>\n<\/div>\n\n\n\n<div style=\"height:40px\" aria-hidden=\"true\" class=\"wp-block-spacer\"><\/div>\n\n\n\n<p>\u2117 &amp; \u00a9 Norbert M\u00fcller: Text, Musik, Gesang, Akustikgitarre, Stage-Piano, Keyboards, Drums Toontrack EZ-Drummer 2 ; 3<\/p>\n<p>Bonus Track-12: &#8220;Echte Freund&#8221; Text: Michael Exenberger, Musik und Gesang Norbert M\u00fcller. Gesang Elisabeth Wechselberger und Dominik Waltl, Sologitarre Gerold Rigger<\/p>\n<p>Bonus Track-13: &#8220;Sicher Land&#8221; Text: Michael Exenberger, Musik und Gesang Norbert M\u00fcller.<\/p>\n<p>Aufgenommen, produziert und gemischt im\u00a0 priv. Homestudio\u00a0 \u00a0\u2117 &amp; \u00a9 by Songwriter-Norbert-M\u00fcller 2019\/2021<\/p>\n<p>Cover &amp; Webdesign: Norbert M\u00fcller<\/p>\n<p>Fotos: Norbert M\u00fcller und www.pixabay kostenlose &amp; lizenzfreie Bilder<\/p>\n<p>Besonderer Dank geht an meine Frau Michaela, ich bin ihr <a href=\"https:\/\/songwriter-norbert-mueller.de\/?page_id=650\" data-type=\"page\" data-id=\"650\">Herzeinschleicher<\/a>, so entstand auch dieses sch\u00f6ne Lied! Weiterer Dank an Michael Exenberger f\u00fcr Texte und sonstige Unterst\u00fctzung und nat\u00fcrlich die vielen vielen Facebook Freunde, die mir mit Rat und Tat zur Seite standen, sowie alle Fans und alle die meine Musik m\u00f6gen und gerne anh\u00f6ren! \ud83d\ude42<\/p>\n\n\n<style>.wp-block-kadence-spacer.kt-block-spacer-14_522f88-2f .kt-block-spacer{height:60px;}.wp-block-kadence-spacer.kt-block-spacer-14_522f88-2f .kt-divider{border-top-width:1px;height:1px;border-top-color:#eee;width:80%;border-top-style:solid;}<\/style>\n<div class=\"wp-block-kadence-spacer aligncenter kt-block-spacer-14_522f88-2f\"><div class=\"kt-block-spacer kt-block-spacer-halign-center\"><hr class=\"kt-divider\"\/><\/div><\/div>\n\n\n\n<p class=\"has-medium-font-size wp-block-paragraph\"><span style=\"\" class=\"tadv-color\"><font color=\"#e8554e\"><b>Wenn Du eine CD bei mir kaufen wills, dann schreibe mir eine E-Mail<\/b><\/font><\/span><\/p>\n\n\n\n<p class=\"wp-block-paragraph\"><\/p>\n\n\n\n<p class=\"wp-block-paragraph\">songwriter@mueller-norbert.de<\/p>\n\n\n\n<p class=\"wp-block-paragraph\"><\/p>\n","protected":false},"excerpt":{"rendered":"<p>01 Da Bayrische Coolman 02 Wia De Zeit Vageht 03 I Schmei\u00df Des Naus 04 Relax Day 05 Do Wo&#8217;d Vogerln Singa 06 Bad Luck Blues 07 H\u00e4 Du! 08 I Erinner Mi 09 Blo\u00df A Pfitzn 10 Wia&#8217;ra Gluat<\/p>\n","protected":false},"author":1,"featured_media":0,"parent":0,"menu_order":0,"comment_status":"closed","ping_status":"closed","template":"","meta":{"_crdt_document":"","footnotes":""},"class_list":["post-14","page","type-page","status-publish","hentry"],"yoast_head":"<!-- This site is optimized with the Yoast SEO plugin v27.3 - https:\/\/yoast.com\/product\/yoast-seo-wordpress\/ -->\n<title>Meine erste CD: &quot;Da Bayrische Coolman&quot; - Songwriter Norbert M\u00fcller<\/title>\n<meta name=\"description\" content=\"Pr\u00e4sentiere Euch meine 1. CD: &quot;Da Bayrische Coolman&quot; mit Swing, Blues, Rock, Funk... Musik und Lieder mit Texten von Michael Exenberger\" \/>\n<meta name=\"robots\" content=\"index, follow, max-snippet:-1, max-image-preview:large, max-video-preview:-1\" \/>\n<link rel=\"canonical\" href=\"https:\/\/songwriter-norbert-mueller.de\/?page_id=14\" \/>\n<meta property=\"og:locale\" content=\"de_DE\" \/>\n<meta property=\"og:type\" content=\"article\" \/>\n<meta property=\"og:title\" content=\"Da Bayrische Coolman\" \/>\n<meta property=\"og:description\" content=\"Singer Songwriter Norbert M\u00fcller und sein Album \/ CD &quot;Da Bayrische Coolman&quot;\" \/>\n<meta property=\"og:url\" content=\"https:\/\/songwriter-norbert-mueller.de\/?page_id=14\" \/>\n<meta property=\"og:site_name\" content=\"Songwriter Norbert M\u00fcller\" \/>\n<meta property=\"article:publisher\" content=\"https:\/\/www.facebook.com\/gscheiterhaufen\" \/>\n<meta property=\"article:modified_time\" content=\"2025-01-31T23:45:18+00:00\" \/>\n<meta property=\"og:image\" content=\"https:\/\/songwriter-norbert-mueller.de\/wp-content\/uploads\/2021\/10\/Songwriter_Titel.jpg\" \/>\n\t<meta property=\"og:image:width\" content=\"943\" \/>\n\t<meta property=\"og:image:height\" content=\"945\" \/>\n\t<meta property=\"og:image:type\" content=\"image\/jpeg\" \/>\n<meta name=\"twitter:card\" content=\"summary_large_image\" \/>\n<meta name=\"twitter:label1\" content=\"Gesch\u00e4tzte Lesezeit\" \/>\n\t<meta name=\"twitter:data1\" content=\"2\u00a0Minuten\" \/>\n<script type=\"application\/ld+json\" class=\"yoast-schema-graph\">{\"@context\":\"https:\\\/\\\/schema.org\",\"@graph\":[{\"@type\":\"WebPage\",\"@id\":\"https:\\\/\\\/songwriter-norbert-mueller.de\\\/?page_id=14\",\"url\":\"https:\\\/\\\/songwriter-norbert-mueller.de\\\/?page_id=14\",\"name\":\"Meine erste CD: \\\"Da Bayrische Coolman\\\" - Songwriter Norbert M\u00fcller\",\"isPartOf\":{\"@id\":\"https:\\\/\\\/songwriter-norbert-mueller.de\\\/#website\"},\"primaryImageOfPage\":{\"@id\":\"https:\\\/\\\/songwriter-norbert-mueller.de\\\/?page_id=14#primaryimage\"},\"image\":{\"@id\":\"https:\\\/\\\/songwriter-norbert-mueller.de\\\/?page_id=14#primaryimage\"},\"thumbnailUrl\":\"https:\\\/\\\/songwriter-norbert-mueller.de\\\/wp-content\\\/uploads\\\/2021\\\/10\\\/BayrischeCoolman.jpg\",\"datePublished\":\"2021-10-09T17:19:09+00:00\",\"dateModified\":\"2025-01-31T23:45:18+00:00\",\"description\":\"Pr\u00e4sentiere Euch meine 1. CD: \\\"Da Bayrische Coolman\\\" mit Swing, Blues, Rock, Funk... Musik und Lieder mit Texten von Michael Exenberger\",\"breadcrumb\":{\"@id\":\"https:\\\/\\\/songwriter-norbert-mueller.de\\\/?page_id=14#breadcrumb\"},\"inLanguage\":\"de\",\"potentialAction\":[{\"@type\":\"ReadAction\",\"target\":[\"https:\\\/\\\/songwriter-norbert-mueller.de\\\/?page_id=14\"]}]},{\"@type\":\"ImageObject\",\"inLanguage\":\"de\",\"@id\":\"https:\\\/\\\/songwriter-norbert-mueller.de\\\/?page_id=14#primaryimage\",\"url\":\"https:\\\/\\\/songwriter-norbert-mueller.de\\\/wp-content\\\/uploads\\\/2021\\\/10\\\/BayrischeCoolman.jpg\",\"contentUrl\":\"https:\\\/\\\/songwriter-norbert-mueller.de\\\/wp-content\\\/uploads\\\/2021\\\/10\\\/BayrischeCoolman.jpg\",\"width\":948,\"height\":943},{\"@type\":\"BreadcrumbList\",\"@id\":\"https:\\\/\\\/songwriter-norbert-mueller.de\\\/?page_id=14#breadcrumb\",\"itemListElement\":[{\"@type\":\"ListItem\",\"position\":1,\"name\":\"Startseite\",\"item\":\"https:\\\/\\\/songwriter-norbert-mueller.de\\\/\"},{\"@type\":\"ListItem\",\"position\":2,\"name\":\"Da Bayrische Coolman\"}]},{\"@type\":\"WebSite\",\"@id\":\"https:\\\/\\\/songwriter-norbert-mueller.de\\\/#website\",\"url\":\"https:\\\/\\\/songwriter-norbert-mueller.de\\\/\",\"name\":\"Songwriter Norbert M\u00fcller\",\"description\":\"Bayrischer Swing, Blues, Rock, Funk..., Songwriter, Norbert M\u00fcller, Michael Exenberger,\",\"publisher\":{\"@id\":\"https:\\\/\\\/songwriter-norbert-mueller.de\\\/#\\\/schema\\\/person\\\/4fc578fc2cccac12080b6903b28e4726\"},\"potentialAction\":[{\"@type\":\"SearchAction\",\"target\":{\"@type\":\"EntryPoint\",\"urlTemplate\":\"https:\\\/\\\/songwriter-norbert-mueller.de\\\/?s={search_term_string}\"},\"query-input\":{\"@type\":\"PropertyValueSpecification\",\"valueRequired\":true,\"valueName\":\"search_term_string\"}}],\"inLanguage\":\"de\"},{\"@type\":[\"Person\",\"Organization\"],\"@id\":\"https:\\\/\\\/songwriter-norbert-mueller.de\\\/#\\\/schema\\\/person\\\/4fc578fc2cccac12080b6903b28e4726\",\"name\":\"nmSongwriter\",\"image\":{\"@type\":\"ImageObject\",\"inLanguage\":\"de\",\"@id\":\"https:\\\/\\\/songwriter-norbert-mueller.de\\\/wp-content\\\/uploads\\\/2021\\\/10\\\/Avatar-Spoify.jpg\",\"url\":\"https:\\\/\\\/songwriter-norbert-mueller.de\\\/wp-content\\\/uploads\\\/2021\\\/10\\\/Avatar-Spoify.jpg\",\"contentUrl\":\"https:\\\/\\\/songwriter-norbert-mueller.de\\\/wp-content\\\/uploads\\\/2021\\\/10\\\/Avatar-Spoify.jpg\",\"width\":750,\"height\":750,\"caption\":\"nmSongwriter\"},\"logo\":{\"@id\":\"https:\\\/\\\/songwriter-norbert-mueller.de\\\/wp-content\\\/uploads\\\/2021\\\/10\\\/Avatar-Spoify.jpg\"},\"sameAs\":[\"http:\\\/\\\/mueller-norbert.de\",\"https:\\\/\\\/www.facebook.com\\\/gscheiterhaufen\",\"https:\\\/\\\/www.youtube.com\\\/channel\\\/UC-pqqUsP8t8Jk2bCdN-aUNw\",\"https:\\\/\\\/soundcloud.com\\\/norbert-mueller-903526782\"]}]}<\/script>\n<!-- \/ Yoast SEO plugin. -->","yoast_head_json":{"title":"Meine erste CD: \"Da Bayrische Coolman\" - Songwriter Norbert M\u00fcller","description":"Pr\u00e4sentiere Euch meine 1. CD: \"Da Bayrische Coolman\" mit Swing, Blues, Rock, Funk... Musik und Lieder mit Texten von Michael Exenberger","robots":{"index":"index","follow":"follow","max-snippet":"max-snippet:-1","max-image-preview":"max-image-preview:large","max-video-preview":"max-video-preview:-1"},"canonical":"https:\/\/songwriter-norbert-mueller.de\/?page_id=14","og_locale":"de_DE","og_type":"article","og_title":"Da Bayrische Coolman","og_description":"Singer Songwriter Norbert M\u00fcller und sein Album \/ CD \"Da Bayrische Coolman\"","og_url":"https:\/\/songwriter-norbert-mueller.de\/?page_id=14","og_site_name":"Songwriter Norbert M\u00fcller","article_publisher":"https:\/\/www.facebook.com\/gscheiterhaufen","article_modified_time":"2025-01-31T23:45:18+00:00","og_image":[{"width":943,"height":945,"url":"https:\/\/songwriter-norbert-mueller.de\/wp-content\/uploads\/2021\/10\/Songwriter_Titel.jpg","type":"image\/jpeg"}],"twitter_card":"summary_large_image","twitter_misc":{"Gesch\u00e4tzte Lesezeit":"2\u00a0Minuten"},"schema":{"@context":"https:\/\/schema.org","@graph":[{"@type":"WebPage","@id":"https:\/\/songwriter-norbert-mueller.de\/?page_id=14","url":"https:\/\/songwriter-norbert-mueller.de\/?page_id=14","name":"Meine erste CD: \"Da Bayrische Coolman\" - Songwriter Norbert M\u00fcller","isPartOf":{"@id":"https:\/\/songwriter-norbert-mueller.de\/#website"},"primaryImageOfPage":{"@id":"https:\/\/songwriter-norbert-mueller.de\/?page_id=14#primaryimage"},"image":{"@id":"https:\/\/songwriter-norbert-mueller.de\/?page_id=14#primaryimage"},"thumbnailUrl":"https:\/\/songwriter-norbert-mueller.de\/wp-content\/uploads\/2021\/10\/BayrischeCoolman.jpg","datePublished":"2021-10-09T17:19:09+00:00","dateModified":"2025-01-31T23:45:18+00:00","description":"Pr\u00e4sentiere Euch meine 1. CD: \"Da Bayrische Coolman\" mit Swing, Blues, Rock, Funk... Musik und Lieder mit Texten von Michael Exenberger","breadcrumb":{"@id":"https:\/\/songwriter-norbert-mueller.de\/?page_id=14#breadcrumb"},"inLanguage":"de","potentialAction":[{"@type":"ReadAction","target":["https:\/\/songwriter-norbert-mueller.de\/?page_id=14"]}]},{"@type":"ImageObject","inLanguage":"de","@id":"https:\/\/songwriter-norbert-mueller.de\/?page_id=14#primaryimage","url":"https:\/\/songwriter-norbert-mueller.de\/wp-content\/uploads\/2021\/10\/BayrischeCoolman.jpg","contentUrl":"https:\/\/songwriter-norbert-mueller.de\/wp-content\/uploads\/2021\/10\/BayrischeCoolman.jpg","width":948,"height":943},{"@type":"BreadcrumbList","@id":"https:\/\/songwriter-norbert-mueller.de\/?page_id=14#breadcrumb","itemListElement":[{"@type":"ListItem","position":1,"name":"Startseite","item":"https:\/\/songwriter-norbert-mueller.de\/"},{"@type":"ListItem","position":2,"name":"Da Bayrische Coolman"}]},{"@type":"WebSite","@id":"https:\/\/songwriter-norbert-mueller.de\/#website","url":"https:\/\/songwriter-norbert-mueller.de\/","name":"Songwriter Norbert M\u00fcller","description":"Bayrischer Swing, Blues, Rock, Funk..., Songwriter, Norbert M\u00fcller, Michael Exenberger,","publisher":{"@id":"https:\/\/songwriter-norbert-mueller.de\/#\/schema\/person\/4fc578fc2cccac12080b6903b28e4726"},"potentialAction":[{"@type":"SearchAction","target":{"@type":"EntryPoint","urlTemplate":"https:\/\/songwriter-norbert-mueller.de\/?s={search_term_string}"},"query-input":{"@type":"PropertyValueSpecification","valueRequired":true,"valueName":"search_term_string"}}],"inLanguage":"de"},{"@type":["Person","Organization"],"@id":"https:\/\/songwriter-norbert-mueller.de\/#\/schema\/person\/4fc578fc2cccac12080b6903b28e4726","name":"nmSongwriter","image":{"@type":"ImageObject","inLanguage":"de","@id":"https:\/\/songwriter-norbert-mueller.de\/wp-content\/uploads\/2021\/10\/Avatar-Spoify.jpg","url":"https:\/\/songwriter-norbert-mueller.de\/wp-content\/uploads\/2021\/10\/Avatar-Spoify.jpg","contentUrl":"https:\/\/songwriter-norbert-mueller.de\/wp-content\/uploads\/2021\/10\/Avatar-Spoify.jpg","width":750,"height":750,"caption":"nmSongwriter"},"logo":{"@id":"https:\/\/songwriter-norbert-mueller.de\/wp-content\/uploads\/2021\/10\/Avatar-Spoify.jpg"},"sameAs":["http:\/\/mueller-norbert.de","https:\/\/www.facebook.com\/gscheiterhaufen","https:\/\/www.youtube.com\/channel\/UC-pqqUsP8t8Jk2bCdN-aUNw","https:\/\/soundcloud.com\/norbert-mueller-903526782"]}]}},"_links":{"self":[{"href":"https:\/\/songwriter-norbert-mueller.de\/index.php?rest_route=\/wp\/v2\/pages\/14","targetHints":{"allow":["GET"]}}],"collection":[{"href":"https:\/\/songwriter-norbert-mueller.de\/index.php?rest_route=\/wp\/v2\/pages"}],"about":[{"href":"https:\/\/songwriter-norbert-mueller.de\/index.php?rest_route=\/wp\/v2\/types\/page"}],"author":[{"embeddable":true,"href":"https:\/\/songwriter-norbert-mueller.de\/index.php?rest_route=\/wp\/v2\/users\/1"}],"replies":[{"embeddable":true,"href":"https:\/\/songwriter-norbert-mueller.de\/index.php?rest_route=%2Fwp%2Fv2%2Fcomments&post=14"}],"version-history":[{"count":93,"href":"https:\/\/songwriter-norbert-mueller.de\/index.php?rest_route=\/wp\/v2\/pages\/14\/revisions"}],"predecessor-version":[{"id":2719,"href":"https:\/\/songwriter-norbert-mueller.de\/index.php?rest_route=\/wp\/v2\/pages\/14\/revisions\/2719"}],"wp:attachment":[{"href":"https:\/\/songwriter-norbert-mueller.de\/index.php?rest_route=%2Fwp%2Fv2%2Fmedia&parent=14"}],"curies":[{"name":"wp","href":"https:\/\/api.w.org\/{rel}","templated":true}]}}