{"id":1748,"date":"2021-11-24T21:42:07","date_gmt":"2021-11-24T21:42:07","guid":{"rendered":"https:\/\/songwriter-norbert-mueller.de\/?page_id=1748"},"modified":"2022-03-05T16:16:46","modified_gmt":"2022-03-05T16:16:46","slug":"13-sicher-land","status":"publish","type":"page","link":"https:\/\/songwriter-norbert-mueller.de\/?page_id=1748","title":{"rendered":"13 &#8211; Sicher Land"},"content":{"rendered":"\n<p class=\"wp-block-paragraph\"><\/p>\n\n\n\n<figure class=\"wp-block-embed is-type-video is-provider-youtube wp-block-embed-youtube wp-embed-aspect-16-9 wp-has-aspect-ratio\"><div class=\"wp-block-embed__wrapper\">\n<iframe loading=\"lazy\" title=\"Sicher Land\" width=\"750\" height=\"422\" src=\"https:\/\/www.youtube.com\/embed\/RTxacDk0fKs?feature=oembed\" frameborder=\"0\" allow=\"accelerometer; autoplay; clipboard-write; encrypted-media; gyroscope; picture-in-picture\" allowfullscreen><\/iframe>\n<\/div><figcaption>\u2117 &amp; \u00a9 by Songwriter Norbert M\u00fcller 2020. Text Michael Exenberger, <br>Musik Norbert M\u00fcller, Gesang, Akustikgitarre, Stage-Piano, Keyboards. Foto \u00a9 Joseph Berardi<\/figcaption><\/figure>\n\n\n\n<div style=\"height:28px\" aria-hidden=\"true\" class=\"wp-block-spacer\"><\/div>\n\n\n\n<p class=\"wp-block-paragraph\">Jetzt gibt es doch noch einen 2. Boustrack! Das Lied,  das unter die Haut geht, das Menschen Hoffnung und Mut gibt. Eine Hand, die hilft! Diesen ber\u00fchrenden Text hat Michael Exenberger auf facebook, auf eine K\u00fcnstlerseite gestellt und bedauerte, dass es keine Melodie dazu g\u00e4be! Nun k\u00f6nnt ihr es auch auf der CD h\u00f6ren!<\/p>\n\n\n\n<div class=\"wp-block-buttons is-horizontal is-content-justification-center is-layout-flex wp-container-core-buttons-is-layout-cbcdc57d wp-block-buttons-is-layout-flex\">\n<div class=\"wp-block-button has-custom-font-size is-style-outline has-small-font-size is-style-outline--2\"><a class=\"wp-block-button__link has-luminous-vivid-amber-color has-black-background-color has-text-color has-background\" href=\"https:\/\/songwriter-norbert-mueller.de\/?page_id=105\"><span style=\"color:#fcb900\" class=\"tadv-color\"><strong>\u25c4<\/strong><\/span><\/a><\/div>\n\n\n\n<div class=\"wp-block-button has-custom-font-size is-style-outline has-small-font-size is-style-outline--3\"><a class=\"wp-block-button__link has-luminous-vivid-amber-color has-black-background-color has-text-color has-background\" href=\"https:\/\/songwriter-norbert-mueller.de\/?page_id=14\">\u25b2 CD-\u00dcbersicht<\/a><\/div>\n\n\n\n<div class=\"wp-block-button has-custom-font-size is-style-outline has-small-font-size is-style-outline--4\"><a class=\"wp-block-button__link has-luminous-vivid-amber-color has-black-background-color has-text-color has-background\" href=\"https:\/\/songwriter-norbert-mueller.de\/?page_id=66\"><strong>\u25ba<\/strong><\/a><\/div>\n<\/div>\n\n\n\n<div style=\"height:50px\" aria-hidden=\"true\" class=\"wp-block-spacer\"><\/div>\n\n\n\n<div class=\"ns4p8fja j83agx80 cbu4d94t a6sixzi8 bkfpd7mw d2edcug0 kb5gq1qc nred35xi pcp91wgn dflh9lhu\" role=\"none\">\n<div class=\"pfnyh3mw ciadx1gn mudddibn aovydwv3 j83agx80\">&nbsp;<\/div>\n<\/div>\n<div class=\"j83agx80 buofh1pr e409flbk\" role=\"none\" data-testid=\"message-container\">\n<div class=\"ns4p8fja j83agx80 cbu4d94t a6sixzi8 bkfpd7mw a1xu1aao nred35xi\" role=\"none\">\n<div class=\"ll8tlv6m j83agx80 cbu4d94t d2edcug0 l9j0dhe7\">\n<div class=\"j83agx80 k4urcfbm\" role=\"none\">\n<div class=\"l60d2q6s d1544ag0 sj5x9vvc tw6a2znq l9j0dhe7 ni8dbmo4 stjgntxs e72ty7fz qlfml3jp inkptoze qmr60zad jm1wdb64 qv66sw1b ljqsnud1 odn2s2vf tkr6xdv7\" role=\"none\">\n<div class=\"rq0escxv l9j0dhe7 du4w35lb __fb-light-mode\" role=\"none\">\n<h4 class=\"oo9gr5id ii04i59q\" dir=\"auto\" role=\"none\"><span style=\"color: #ffcc99;\"><em><strong>Sicher Land <\/strong><\/em><\/span><\/h4>\n<div dir=\"auto\" role=\"none\">&nbsp;<\/div>\n<div class=\"oo9gr5id ii04i59q\" dir=\"auto\" role=\"none\"><span style=\"color: #ffcc99;\"><em>Wer will schon einen Loser<\/em><\/span><\/div>\n<div class=\"oo9gr5id ii04i59q\" dir=\"auto\" role=\"none\"><span style=\"color: #ffcc99;\"><em>einen, der einfach gar nichts hat<\/em><\/span><\/div>\n<div class=\"oo9gr5id ii04i59q\" dir=\"auto\" role=\"none\"><span style=\"color: #ffcc99;\"><em>der oft gespielt hat<\/em><\/span><\/div>\n<div class=\"oo9gr5id ii04i59q\" dir=\"auto\" role=\"none\"><span style=\"color: #ffcc99;\"><em>doch heute, schachmatt<\/em><\/span><\/div>\n<div dir=\"auto\" role=\"none\">&nbsp;<\/div>\n<div class=\"oo9gr5id ii04i59q\" dir=\"auto\" role=\"none\"><span style=\"color: #ffcc99;\"><em>Der alles gegeben<\/em><\/span><\/div>\n<div class=\"oo9gr5id ii04i59q\" dir=\"auto\" role=\"none\"><span style=\"color: #ffcc99;\"><em>doch war es oft nicht viel<\/em><\/span><\/div>\n<div class=\"oo9gr5id ii04i59q\" dir=\"auto\" role=\"none\"><span style=\"color: #ffcc99;\"><em>wollte doch nur leben<\/em><\/span><\/div>\n<div class=\"oo9gr5id ii04i59q\" dir=\"auto\" role=\"none\"><span style=\"color: #ffcc99;\"><em>verloren im gro\u00dfen Spiel<\/em><\/span><\/div>\n<div dir=\"auto\" role=\"none\">&nbsp;<\/div>\n<div class=\"oo9gr5id ii04i59q\" dir=\"auto\" role=\"none\"><span style=\"color: #ffcc99;\"><em>Doch Du nimmst einfach meine Hand<\/em><\/span><\/div>\n<div class=\"oo9gr5id ii04i59q\" dir=\"auto\" role=\"none\"><span style=\"color: #ffcc99;\"><em>ist egal was war<\/em><\/span><\/div>\n<div class=\"oo9gr5id ii04i59q\" dir=\"auto\" role=\"none\"><span style=\"color: #ffcc99;\"><em>Du gibst mir,,, sicher Land<\/em><\/span><\/div>\n<div dir=\"auto\" role=\"none\">&nbsp;<\/div>\n<div class=\"oo9gr5id ii04i59q\" dir=\"auto\" role=\"none\"><span style=\"color: #ffcc99;\"><em>Wer will schon h\u00f6ren,<\/em><\/span><\/div>\n<div class=\"oo9gr5id ii04i59q\" dir=\"auto\" role=\"none\"><span style=\"color: #ffcc99;\"><em>was alles nicht mehr geht<\/em><\/span><\/div>\n<div class=\"oo9gr5id ii04i59q\" dir=\"auto\" role=\"none\"><span style=\"color: #ffcc99;\"><em>wer will schon wissen,<\/em><\/span><\/div>\n<div class=\"oo9gr5id ii04i59q\" dir=\"auto\" role=\"none\"><span style=\"color: #ffcc99;\"><em>wie es um einen steht<\/em><\/span><\/div>\n<div dir=\"auto\" role=\"none\">&nbsp;<\/div>\n<div class=\"oo9gr5id ii04i59q\" dir=\"auto\" role=\"none\"><span style=\"color: #ffcc99;\"><em>Warum und wieso,<\/em><\/span><\/div>\n<div class=\"oo9gr5id ii04i59q\" dir=\"auto\" role=\"none\"><span style=\"color: #ffcc99;\"><em>nur das, euch interessiert<\/em><\/span><\/div>\n<div class=\"oo9gr5id ii04i59q\" dir=\"auto\" role=\"none\"><span style=\"color: #ffcc99;\"><em>Schei\u00df auf die Tr\u00e4nen<\/em><\/span><\/div>\n<div class=\"oo9gr5id ii04i59q\" dir=\"auto\" role=\"none\"><span style=\"color: #ffcc99;\"><em>wird schon passen,&nbsp; was passiert<\/em><\/span><\/div>\n<div dir=\"auto\" role=\"none\">&nbsp;<\/div>\n<div class=\"oo9gr5id ii04i59q\" dir=\"auto\" role=\"none\"><span style=\"color: #ffcc99;\"><em>Doch Du nimmst einfach meine Hand<\/em><\/span><\/div>\n<div class=\"oo9gr5id ii04i59q\" dir=\"auto\" role=\"none\"><span style=\"color: #ffcc99;\"><em>ist egal was war Du gibst mir,,,, sicher Land<\/em><\/span><\/div>\n<div dir=\"auto\" role=\"none\">&nbsp;<\/div>\n<div class=\"oo9gr5id ii04i59q\" dir=\"auto\" role=\"none\"><span style=\"color: #ffcc99;\"><em>Doch Du nimmst einfach meine Hand<\/em><\/span><\/div>\n<div class=\"oo9gr5id ii04i59q\" dir=\"auto\" role=\"none\"><span style=\"color: #ffcc99;\"><em>ist egal was war Du gibst mir,,,, sicher Land<\/em><\/span><\/div>\n<div dir=\"auto\" role=\"none\">&nbsp;<\/div>\n<div class=\"oo9gr5id ii04i59q\" dir=\"auto\" role=\"none\"><span style=\"color: #ffcc99;\">\u00a9&nbsp; E X I 2020<\/span><\/div>\n<\/div>\n<\/div>\n<\/div>\n<\/div>\n<\/div>\n<\/div>\n\n\n\n<div style=\"height:55px\" aria-hidden=\"true\" class=\"wp-block-spacer\"><\/div>\n\n\n\n<div class=\"wp-block-buttons is-horizontal is-content-justification-center is-layout-flex wp-container-core-buttons-is-layout-cbcdc57d wp-block-buttons-is-layout-flex\">\n<div class=\"wp-block-button has-custom-font-size is-style-outline has-small-font-size is-style-outline--5\"><a class=\"wp-block-button__link has-luminous-vivid-amber-color has-black-background-color has-text-color has-background\" href=\"https:\/\/songwriter-norbert-mueller.de\/?page_id=105\"><span style=\"color:#fcb900\" class=\"tadv-color\"><strong>\u25c4<\/strong><\/span><\/a><\/div>\n\n\n\n<div class=\"wp-block-button has-custom-font-size is-style-outline has-small-font-size is-style-outline--6\"><a class=\"wp-block-button__link has-luminous-vivid-amber-color has-black-background-color has-text-color has-background\" href=\"https:\/\/songwriter-norbert-mueller.de\/?page_id=14\">\u25b2 CD-\u00dcbersicht<\/a><\/div>\n\n\n\n<div class=\"wp-block-button has-custom-font-size is-style-outline has-small-font-size is-style-outline--7\"><a class=\"wp-block-button__link has-luminous-vivid-amber-color has-black-background-color has-text-color has-background\" href=\"https:\/\/songwriter-norbert-mueller.de\/?page_id=66\"><strong>\u25ba<\/strong><\/a><\/div>\n<\/div>\n","protected":false},"excerpt":{"rendered":"<p>Jetzt gibt es doch noch einen 2. Boustrack! Das Lied, das unter die Haut geht, das Menschen Hoffnung und Mut gibt. Eine Hand, die hilft! Diesen ber\u00fchrenden Text hat Michael Exenberger auf facebook, auf eine K\u00fcnstlerseite gestellt und bedauerte, dass<\/p>\n","protected":false},"author":1,"featured_media":0,"parent":14,"menu_order":0,"comment_status":"closed","ping_status":"closed","template":"","meta":{"_crdt_document":"","footnotes":""},"class_list":["post-1748","page","type-page","status-publish","hentry"],"yoast_head":"<!-- This site is optimized with the Yoast SEO plugin v27.3 - https:\/\/yoast.com\/product\/yoast-seo-wordpress\/ -->\n<title>13 - Sicher Land - Songwriter Norbert M\u00fcller<\/title>\n<meta name=\"description\" content=\"Das Lied das unter die Haut geht, das Menschen Hoffnung und Mut gibt. Eine Hand die hilft! Diesen ber\u00fchrenden Text schrieb Michael Exenberger\" \/>\n<meta name=\"robots\" content=\"index, follow, max-snippet:-1, max-image-preview:large, max-video-preview:-1\" \/>\n<link rel=\"canonical\" href=\"https:\/\/songwriter-norbert-mueller.de\/?page_id=1748\" \/>\n<meta property=\"og:locale\" content=\"de_DE\" \/>\n<meta property=\"og:type\" content=\"article\" \/>\n<meta property=\"og:title\" content=\"13 - Sicher Land - Songwriter Norbert M\u00fcller\" \/>\n<meta property=\"og:description\" content=\"Das Lied das unter die Haut geht, das Menschen Hoffnung und Mut gibt. Eine Hand die hilft! Diesen ber\u00fchrenden Text schrieb Michael Exenberger\" \/>\n<meta property=\"og:url\" content=\"https:\/\/songwriter-norbert-mueller.de\/?page_id=1748\" \/>\n<meta property=\"og:site_name\" content=\"Songwriter Norbert M\u00fcller\" \/>\n<meta property=\"article:publisher\" content=\"https:\/\/www.facebook.com\/gscheiterhaufen\" \/>\n<meta property=\"article:modified_time\" content=\"2022-03-05T16:16:46+00:00\" \/>\n<meta name=\"twitter:card\" content=\"summary_large_image\" \/>\n<meta name=\"twitter:label1\" content=\"Gesch\u00e4tzte Lesezeit\" \/>\n\t<meta name=\"twitter:data1\" content=\"2\u00a0Minuten\" \/>\n<script type=\"application\/ld+json\" class=\"yoast-schema-graph\">{\"@context\":\"https:\\\/\\\/schema.org\",\"@graph\":[{\"@type\":\"WebPage\",\"@id\":\"https:\\\/\\\/songwriter-norbert-mueller.de\\\/?page_id=1748\",\"url\":\"https:\\\/\\\/songwriter-norbert-mueller.de\\\/?page_id=1748\",\"name\":\"13 - Sicher Land - Songwriter Norbert M\u00fcller\",\"isPartOf\":{\"@id\":\"https:\\\/\\\/songwriter-norbert-mueller.de\\\/#website\"},\"datePublished\":\"2021-11-24T21:42:07+00:00\",\"dateModified\":\"2022-03-05T16:16:46+00:00\",\"description\":\"Das Lied das unter die Haut geht, das Menschen Hoffnung und Mut gibt. Eine Hand die hilft! Diesen ber\u00fchrenden Text schrieb Michael Exenberger\",\"breadcrumb\":{\"@id\":\"https:\\\/\\\/songwriter-norbert-mueller.de\\\/?page_id=1748#breadcrumb\"},\"inLanguage\":\"de\",\"potentialAction\":[{\"@type\":\"ReadAction\",\"target\":[\"https:\\\/\\\/songwriter-norbert-mueller.de\\\/?page_id=1748\"]}]},{\"@type\":\"BreadcrumbList\",\"@id\":\"https:\\\/\\\/songwriter-norbert-mueller.de\\\/?page_id=1748#breadcrumb\",\"itemListElement\":[{\"@type\":\"ListItem\",\"position\":1,\"name\":\"Startseite\",\"item\":\"https:\\\/\\\/songwriter-norbert-mueller.de\\\/\"},{\"@type\":\"ListItem\",\"position\":2,\"name\":\"Da Bayrische Coolman\",\"item\":\"https:\\\/\\\/songwriter-norbert-mueller.de\\\/?page_id=14\"},{\"@type\":\"ListItem\",\"position\":3,\"name\":\"13 &#8211; Sicher Land\"}]},{\"@type\":\"WebSite\",\"@id\":\"https:\\\/\\\/songwriter-norbert-mueller.de\\\/#website\",\"url\":\"https:\\\/\\\/songwriter-norbert-mueller.de\\\/\",\"name\":\"Songwriter Norbert M\u00fcller\",\"description\":\"Bayrischer Swing, Blues, Rock, Funk..., Songwriter, Norbert M\u00fcller, Michael Exenberger,\",\"publisher\":{\"@id\":\"https:\\\/\\\/songwriter-norbert-mueller.de\\\/#\\\/schema\\\/person\\\/4fc578fc2cccac12080b6903b28e4726\"},\"potentialAction\":[{\"@type\":\"SearchAction\",\"target\":{\"@type\":\"EntryPoint\",\"urlTemplate\":\"https:\\\/\\\/songwriter-norbert-mueller.de\\\/?s={search_term_string}\"},\"query-input\":{\"@type\":\"PropertyValueSpecification\",\"valueRequired\":true,\"valueName\":\"search_term_string\"}}],\"inLanguage\":\"de\"},{\"@type\":[\"Person\",\"Organization\"],\"@id\":\"https:\\\/\\\/songwriter-norbert-mueller.de\\\/#\\\/schema\\\/person\\\/4fc578fc2cccac12080b6903b28e4726\",\"name\":\"nmSongwriter\",\"image\":{\"@type\":\"ImageObject\",\"inLanguage\":\"de\",\"@id\":\"https:\\\/\\\/songwriter-norbert-mueller.de\\\/wp-content\\\/uploads\\\/2021\\\/10\\\/Avatar-Spoify.jpg\",\"url\":\"https:\\\/\\\/songwriter-norbert-mueller.de\\\/wp-content\\\/uploads\\\/2021\\\/10\\\/Avatar-Spoify.jpg\",\"contentUrl\":\"https:\\\/\\\/songwriter-norbert-mueller.de\\\/wp-content\\\/uploads\\\/2021\\\/10\\\/Avatar-Spoify.jpg\",\"width\":750,\"height\":750,\"caption\":\"nmSongwriter\"},\"logo\":{\"@id\":\"https:\\\/\\\/songwriter-norbert-mueller.de\\\/wp-content\\\/uploads\\\/2021\\\/10\\\/Avatar-Spoify.jpg\"},\"sameAs\":[\"http:\\\/\\\/mueller-norbert.de\",\"https:\\\/\\\/www.facebook.com\\\/gscheiterhaufen\",\"https:\\\/\\\/www.youtube.com\\\/channel\\\/UC-pqqUsP8t8Jk2bCdN-aUNw\",\"https:\\\/\\\/soundcloud.com\\\/norbert-mueller-903526782\"]}]}<\/script>\n<!-- \/ Yoast SEO plugin. -->","yoast_head_json":{"title":"13 - Sicher Land - Songwriter Norbert M\u00fcller","description":"Das Lied das unter die Haut geht, das Menschen Hoffnung und Mut gibt. Eine Hand die hilft! Diesen ber\u00fchrenden Text schrieb Michael Exenberger","robots":{"index":"index","follow":"follow","max-snippet":"max-snippet:-1","max-image-preview":"max-image-preview:large","max-video-preview":"max-video-preview:-1"},"canonical":"https:\/\/songwriter-norbert-mueller.de\/?page_id=1748","og_locale":"de_DE","og_type":"article","og_title":"13 - Sicher Land - Songwriter Norbert M\u00fcller","og_description":"Das Lied das unter die Haut geht, das Menschen Hoffnung und Mut gibt. Eine Hand die hilft! Diesen ber\u00fchrenden Text schrieb Michael Exenberger","og_url":"https:\/\/songwriter-norbert-mueller.de\/?page_id=1748","og_site_name":"Songwriter Norbert M\u00fcller","article_publisher":"https:\/\/www.facebook.com\/gscheiterhaufen","article_modified_time":"2022-03-05T16:16:46+00:00","twitter_card":"summary_large_image","twitter_misc":{"Gesch\u00e4tzte Lesezeit":"2\u00a0Minuten"},"schema":{"@context":"https:\/\/schema.org","@graph":[{"@type":"WebPage","@id":"https:\/\/songwriter-norbert-mueller.de\/?page_id=1748","url":"https:\/\/songwriter-norbert-mueller.de\/?page_id=1748","name":"13 - Sicher Land - Songwriter Norbert M\u00fcller","isPartOf":{"@id":"https:\/\/songwriter-norbert-mueller.de\/#website"},"datePublished":"2021-11-24T21:42:07+00:00","dateModified":"2022-03-05T16:16:46+00:00","description":"Das Lied das unter die Haut geht, das Menschen Hoffnung und Mut gibt. Eine Hand die hilft! Diesen ber\u00fchrenden Text schrieb Michael Exenberger","breadcrumb":{"@id":"https:\/\/songwriter-norbert-mueller.de\/?page_id=1748#breadcrumb"},"inLanguage":"de","potentialAction":[{"@type":"ReadAction","target":["https:\/\/songwriter-norbert-mueller.de\/?page_id=1748"]}]},{"@type":"BreadcrumbList","@id":"https:\/\/songwriter-norbert-mueller.de\/?page_id=1748#breadcrumb","itemListElement":[{"@type":"ListItem","position":1,"name":"Startseite","item":"https:\/\/songwriter-norbert-mueller.de\/"},{"@type":"ListItem","position":2,"name":"Da Bayrische Coolman","item":"https:\/\/songwriter-norbert-mueller.de\/?page_id=14"},{"@type":"ListItem","position":3,"name":"13 &#8211; Sicher Land"}]},{"@type":"WebSite","@id":"https:\/\/songwriter-norbert-mueller.de\/#website","url":"https:\/\/songwriter-norbert-mueller.de\/","name":"Songwriter Norbert M\u00fcller","description":"Bayrischer Swing, Blues, Rock, Funk..., Songwriter, Norbert M\u00fcller, Michael Exenberger,","publisher":{"@id":"https:\/\/songwriter-norbert-mueller.de\/#\/schema\/person\/4fc578fc2cccac12080b6903b28e4726"},"potentialAction":[{"@type":"SearchAction","target":{"@type":"EntryPoint","urlTemplate":"https:\/\/songwriter-norbert-mueller.de\/?s={search_term_string}"},"query-input":{"@type":"PropertyValueSpecification","valueRequired":true,"valueName":"search_term_string"}}],"inLanguage":"de"},{"@type":["Person","Organization"],"@id":"https:\/\/songwriter-norbert-mueller.de\/#\/schema\/person\/4fc578fc2cccac12080b6903b28e4726","name":"nmSongwriter","image":{"@type":"ImageObject","inLanguage":"de","@id":"https:\/\/songwriter-norbert-mueller.de\/wp-content\/uploads\/2021\/10\/Avatar-Spoify.jpg","url":"https:\/\/songwriter-norbert-mueller.de\/wp-content\/uploads\/2021\/10\/Avatar-Spoify.jpg","contentUrl":"https:\/\/songwriter-norbert-mueller.de\/wp-content\/uploads\/2021\/10\/Avatar-Spoify.jpg","width":750,"height":750,"caption":"nmSongwriter"},"logo":{"@id":"https:\/\/songwriter-norbert-mueller.de\/wp-content\/uploads\/2021\/10\/Avatar-Spoify.jpg"},"sameAs":["http:\/\/mueller-norbert.de","https:\/\/www.facebook.com\/gscheiterhaufen","https:\/\/www.youtube.com\/channel\/UC-pqqUsP8t8Jk2bCdN-aUNw","https:\/\/soundcloud.com\/norbert-mueller-903526782"]}]}},"_links":{"self":[{"href":"https:\/\/songwriter-norbert-mueller.de\/index.php?rest_route=\/wp\/v2\/pages\/1748","targetHints":{"allow":["GET"]}}],"collection":[{"href":"https:\/\/songwriter-norbert-mueller.de\/index.php?rest_route=\/wp\/v2\/pages"}],"about":[{"href":"https:\/\/songwriter-norbert-mueller.de\/index.php?rest_route=\/wp\/v2\/types\/page"}],"author":[{"embeddable":true,"href":"https:\/\/songwriter-norbert-mueller.de\/index.php?rest_route=\/wp\/v2\/users\/1"}],"replies":[{"embeddable":true,"href":"https:\/\/songwriter-norbert-mueller.de\/index.php?rest_route=%2Fwp%2Fv2%2Fcomments&post=1748"}],"version-history":[{"count":9,"href":"https:\/\/songwriter-norbert-mueller.de\/index.php?rest_route=\/wp\/v2\/pages\/1748\/revisions"}],"predecessor-version":[{"id":1979,"href":"https:\/\/songwriter-norbert-mueller.de\/index.php?rest_route=\/wp\/v2\/pages\/1748\/revisions\/1979"}],"up":[{"embeddable":true,"href":"https:\/\/songwriter-norbert-mueller.de\/index.php?rest_route=\/wp\/v2\/pages\/14"}],"wp:attachment":[{"href":"https:\/\/songwriter-norbert-mueller.de\/index.php?rest_route=%2Fwp%2Fv2%2Fmedia&parent=1748"}],"curies":[{"name":"wp","href":"https:\/\/api.w.org\/{rel}","templated":true}]}}