{"id":190,"date":"2021-10-10T21:44:24","date_gmt":"2021-10-10T21:44:24","guid":{"rendered":"https:\/\/mueller-norbert.de\/?page_id=190"},"modified":"2025-01-12T12:15:31","modified_gmt":"2025-01-12T12:15:31","slug":"ueber-mich","status":"publish","type":"page","link":"https:\/\/songwriter-norbert-mueller.de\/?page_id=190","title":{"rendered":"\u00dcber mich"},"content":{"rendered":"\n<p class=\"wp-block-paragraph\"><strong><mark style=\"background-color:rgba(0, 0, 0, 0)\" class=\"has-inline-color has-luminous-vivid-amber-color\"><a href=\"https:\/\/songwriter-norbert-mueller.de\/?page_id=910\" data-type=\"page\" data-id=\"910\">Meine 1. Ban<\/a><\/mark><a href=\"https:\/\/songwriter-norbert-mueller.de\/meine-1-band\" data-type=\"page\" data-id=\"910\">d<\/a>  ***   <a href=\"https:\/\/songwriter-norbert-mueller.de\/?page_id=912\" data-type=\"page\" data-id=\"912\">Snooties And The Cats<\/a>  ***  <a href=\"https:\/\/songwriter-norbert-mueller.de\/?page_id=914\" data-type=\"page\" data-id=\"914\">Get Up Rock-Cover <\/a><a href=\"https:\/\/songwriter-norbert-mueller.de\/get-up-rock-cover\" data-type=\"page\" data-id=\"914\">  <\/a>***  <a href=\"https:\/\/songwriter-norbert-mueller.de\/?page_id=918\" data-type=\"page\" data-id=\"918\">Zahnfleisch GmbH<\/a>  ***   <a href=\"https:\/\/songwriter-norbert-mueller.de\/?page_id=916\" data-type=\"page\" data-id=\"916\">g&#8217;scheiterhaufen<\/a><\/strong><\/p>\n\n\n\n<p class=\"wp-block-paragraph\"><\/p>\n\n\n\n<div class=\"wp-block-buttons is-horizontal is-content-justification-center is-layout-flex wp-container-core-buttons-is-layout-cbcdc57d wp-block-buttons-is-layout-flex\">\n<div class=\"wp-block-button is-style-outline is-style-outline--2\"><a class=\"wp-block-button__link has-luminous-vivid-amber-color has-black-background-color has-text-color has-background has-small-font-size has-custom-font-size wp-element-button\" href=\"https:\/\/songwriter-norbert-mueller.de\/?page_id=916\"><span style=\"color:#fcb900\" class=\"tadv-color\"><strong>\u25c4<\/strong><\/span><\/a><\/div>\n\n\n\n<div class=\"wp-block-button is-style-fill\"><a class=\"wp-block-button__link has-luminous-vivid-amber-color has-black-background-color has-text-color has-background has-small-font-size has-custom-font-size wp-element-button\">\u25b2 \u00dcber mich<\/a><\/div>\n\n\n\n<div class=\"wp-block-button is-style-outline is-style-outline--3\"><a class=\"wp-block-button__link has-luminous-vivid-amber-color has-black-background-color has-text-color has-background has-small-font-size has-custom-font-size wp-element-button\" href=\"https:\/\/songwriter-norbert-mueller.de\/?page_id=910\"><strong>\u25ba<\/strong><\/a><\/div>\n<\/div>\n\n\n\n<div style=\"height:60px\" aria-hidden=\"true\" class=\"wp-block-spacer\"><\/div>\n\n\n\n<p class=\"wp-block-paragraph\"><\/p>\n\n\n\n<div class=\"wp-block-columns is-layout-flex wp-container-core-columns-is-layout-7387b849 wp-block-columns-is-layout-flex\">\n<div class=\"wp-block-column is-layout-flow wp-block-column-is-layout-flow\" style=\"flex-basis:10px\"><\/div>\n\n\n\n<div class=\"wp-block-column is-layout-flow wp-block-column-is-layout-flow\" style=\"flex-basis:50%\">\n<p class=\"wp-block-paragraph\">Ich schreibe Songs \u00fcberwiegend in Bayrischer Mundart. Bin geb\u00fcrtiger Ingolst\u00e4dter (Baujahr 1956) mitten in Bayern! Mein Hobby ist Musik machen. Keine Angst, keine Bayrische Humtata Musik! Sondern geile Sounds und Rhythmen wie Blues, Swing, Jazz, Funk, Rock\u2026 eben alles was gut klingt und thematisch zur Textaussage und mit dem verbundenen Gef\u00fchl passt.<\/p>\n\n\n\n<p class=\"wp-block-paragraph\">Meine Themen sind vielf\u00e4ltig, es geht um Lebensgef\u00fchle und Erfahrungen, Umwelt, Gesellschaft, philosophisch, gem\u00fctlich, kritisch<\/p>\n\n\n\n<p class=\"wp-block-paragraph\">Mittlerweile gibt es schon eine CD von mir, alles komplett, mit Ausnahme der beiden Bonus-Tracks,  von mir selbst produziert: Texte, Musik, Gesang, Instrumente, Produktion, Mix, Mastering\u2026 <\/p>\n\n\n\n<p class=\"wp-block-paragraph\">Auf der CD findest Du einen QR-Code, der dich auf diese Seiten leitet und quasi das Inlay der CD ersetzen soll, da die CD selbst nur ein einfaches Karton-Cover besitzt. Hier werden die Texte, Bilder und kleine Geschichten zum Song angeboten.<\/p>\n<\/div>\n\n\n\n<div class=\"wp-block-column is-layout-flow wp-block-column-is-layout-flow\" style=\"flex-basis:33.33%\">\n<figure class=\"wp-block-image size-full is-style-default\"><img loading=\"lazy\" decoding=\"async\" width=\"705\" height=\"960\" src=\"https:\/\/songwriter-norbert-mueller.de\/wp-content\/uploads\/2021\/11\/70512611_2496884850388418_7089799538818416640_n.jpg\" alt=\"Hier trage ich gerade einen meiner Song im Pils Pub Alisa vor\" class=\"wp-image-885\" srcset=\"https:\/\/songwriter-norbert-mueller.de\/wp-content\/uploads\/2021\/11\/70512611_2496884850388418_7089799538818416640_n.jpg 705w, https:\/\/songwriter-norbert-mueller.de\/wp-content\/uploads\/2021\/11\/70512611_2496884850388418_7089799538818416640_n-220x300.jpg 220w\" sizes=\"auto, (max-width: 705px) 100vw, 705px\" \/><\/figure>\n<\/div>\n<\/div>\n\n\n\n<div class=\"wp-block-columns is-layout-flex wp-container-core-columns-is-layout-7387b849 wp-block-columns-is-layout-flex\">\n<div class=\"wp-block-column is-layout-flow wp-block-column-is-layout-flow\" style=\"flex-basis:10px\"><\/div>\n\n\n\n<div class=\"wp-block-column is-layout-flow wp-block-column-is-layout-flow\" style=\"flex-basis:50%\">\n<p class=\"wp-block-paragraph\">Mein musikalischer&nbsp; Werdegang begann als ich ca. 7 Jahre alt war, damals zeigte mir mein Onkel die ersten Gitarrengriffe: A und E und so konnte ich auf der Gitarre &#8220;Kuckuck Kuckuck ruft aus den Wald&#8221; singen und spielen. Bei uns stand auch ein altes Klavier herum, dann suchte ich auf den Tasten die T\u00f6ne die ich auf der Gitarre spielte und schon konnte ich Kuckuck auf dem Klavier spielen \ud83d\ude09 Kann mich noch gut daran erinnern, wie meine Mutter mich bestaunte, denn das Klavierspielen hat mir ja niemand gezeigt!<\/p>\n\n\n\n<p class=\"wp-block-paragraph\"><\/p>\n\n\n\n<p class=\"wp-block-paragraph\">Sie schickte mich dann in einen Klavierunterricht und&nbsp; gleichzeitig bot ein Lehrer in der Grundschule Gitarrenspielen an, so dass ich von Anfang an beide Instrumente spielte.<br>Sp\u00e4ter auf dem Gymnasium musste ich im Klavierunterricht Beethoven, Mozart, Bach\u2026 spielen. Dann gab es mal einen Spieleabend, zu dem alle Eltern eingeladen waren und die Sch\u00fcler zeigten ihr K\u00f6nnen. Kann mich noch erinnern als meine Klavierlehrerin mich fragte: &#8220;Norbert, welches St\u00fcck&nbsp; kannst du am Besten und welches willst du den spielen?&#8221; Wir probierten so einige rum, \u00fcberall hatte ich H\u00e4nger! \ud83d\ude00 Nur Albumblatt f\u00fcr Elise ging gut. Aber sie meinte, das spielt schon jemand anderes an diesem Abend! Dann waren wir beide bisschen deprimiert, als ich ihr, meiner Klavierlehrerin gestand, dass ich eigene St\u00fccke am Klavier improvisiert habe. Sie war voll \u00fcberrascht, was ich ihr alles vorspielte! Ja und ich war dann der einzige Sch\u00fcler an diesem Spielabend der ein eigenes St\u00fcck, ganz ohne Noten vorspielte. Sie erw\u00e4hnte das auch noch extra und ich bekam viel Applaus daf\u00fcr!<\/p>\n<\/div>\n\n\n\n<div class=\"wp-block-column is-layout-flow wp-block-column-is-layout-flow\" style=\"flex-basis:33.33%\">\n<figure class=\"wp-block-image size-large\"><img loading=\"lazy\" decoding=\"async\" width=\"1021\" height=\"1024\" src=\"https:\/\/songwriter-norbert-mueller.de\/wp-content\/uploads\/2021\/11\/Scannen0001-e1635887377938-1021x1024.jpg\" alt=\"Ich wei\u00df nicht mehr wie alt ich da war, im Hof meines Elternhauses\" class=\"wp-image-903\" srcset=\"https:\/\/songwriter-norbert-mueller.de\/wp-content\/uploads\/2021\/11\/Scannen0001-e1635887377938-1021x1024.jpg 1021w, https:\/\/songwriter-norbert-mueller.de\/wp-content\/uploads\/2021\/11\/Scannen0001-e1635887377938-300x300.jpg 300w, https:\/\/songwriter-norbert-mueller.de\/wp-content\/uploads\/2021\/11\/Scannen0001-e1635887377938-150x150.jpg 150w, https:\/\/songwriter-norbert-mueller.de\/wp-content\/uploads\/2021\/11\/Scannen0001-e1635887377938-768x770.jpg 768w, https:\/\/songwriter-norbert-mueller.de\/wp-content\/uploads\/2021\/11\/Scannen0001-e1635887377938-1532x1536.jpg 1532w, https:\/\/songwriter-norbert-mueller.de\/wp-content\/uploads\/2021\/11\/Scannen0001-e1635887377938-270x270.jpg 270w, https:\/\/songwriter-norbert-mueller.de\/wp-content\/uploads\/2021\/11\/Scannen0001-e1635887377938-230x230.jpg 230w, https:\/\/songwriter-norbert-mueller.de\/wp-content\/uploads\/2021\/11\/Scannen0001-e1635887377938.jpg 1845w\" sizes=\"auto, (max-width: 1021px) 100vw, 1021px\" \/><\/figure>\n<\/div>\n<\/div>\n\n\n\n<div class=\"wp-block-columns is-layout-flex wp-container-core-columns-is-layout-7387b849 wp-block-columns-is-layout-flex\">\n<div class=\"wp-block-column is-layout-flow wp-block-column-is-layout-flow\" style=\"flex-basis:10px\"><\/div>\n\n\n\n<div class=\"wp-block-column is-layout-flow wp-block-column-is-layout-flow\" style=\"flex-basis:80%\">\n<p class=\"wp-block-paragraph\">Im Alter zwischen 7 und 25 Jahren machte ich schon eigene Songs, die ersten waren auf Grund meiner Erziehung eher christlich motiviert. Damals waren die Texte in Hochdeutsch verfasst. Sp\u00e4ter als ich mich von den christlichen Zw\u00e4ngen befreite, waren die Texte meist in Englisch. Damals schrieb auch ein Freund Englische Texte f\u00fcr mich, zu denen ich Melodien machte. Damals hatte ich schon ein 4-Spur Tonbandger\u00e4t und es gibt&nbsp; sogar noch Aufnahmen aus dieser Zeit.&nbsp;<\/p>\n\n\n\n<p class=\"wp-block-paragraph\">Sp\u00e4ter kamen verschiedene Bands, einige findet ihr hier auf den weiteren Seiten.&nbsp;<\/p>\n\n\n\n<p class=\"wp-block-paragraph\">Eine Zeit lang war ich nur als Keyboarder und Pianist unterwegs in diversen Bands mit unterschiedlichem Genre: Swing, Rock, Blues, Beat, Country, Funk. 2011-2012 gab es noch die ehemalige Sch\u00fclerband vom Musikhaus Kunst &amp; Musik in Ingolstadt \/ Gaimersheim die &#8220;Rock-Blues-Cover&#8221; Band mit Werner Ketzler, legend\u00e4r waren auch die Weihnachtsauftritte im Musikladen.  2012 &#8211; 2016 gab es  Auftritte mit Cash &amp; Carry, mit Eric Damster, eine Ingolst\u00e4dter Country-Band. <\/p>\n\n\n\n<p class=\"wp-block-paragraph\">Irgendwann war es vorbei mit den Bands, das war im Dezember 2019. Erinnere mich noch gut an das Abschiedskonzert mit der <a data-type=\"page\" data-id=\"918\" href=\"https:\/\/songwriter-norbert-mueller.de\/?page_id=918\">Zahnfleisch GmbH<\/a>, mit &#8220;Extremfrohlocker&#8221; im Altstadttheater Ingolstadt.<\/p>\n\n\n\n<p class=\"wp-block-paragraph\">Dann kam 2020 Corona mit Lockdown, ich nutzte diese Zeit um eigene Songs zu schreiben, haupts\u00e4chlich auf Bayrisch, so entstand auch der Untertitel: &#8220;Bayrischer Swing, Blues, Rock, Funk\u2026&#8221;<\/p>\n\n\n\n<p class=\"wp-block-paragraph\"><br>Irgendwie habe ich hier meine urspr\u00fcnglichen Songwriter Aktivit\u00e4ten fortgesetzt, die ich Anfang der 80er eingestellt hatte. Aber dieses mal wesentlich professioneller und auch aus folgendem Grund: Ich kann jetzt ohne Band ganz alleine auf die B\u00fchne und etwas vortragen. Hierzu muss man ge\u00fcbt und sicher sein! So spielte ich fast t\u00e4glich Gitarre, sang meine eigenen Songs und fand dann auch Zeit und Lust sie mit dem Computer aufzunehmen. Nun kann ich Euch stolz meine 1. CD von mir pr\u00e4sentieren!&nbsp; \ud83d\ude42<br><\/p>\n\n\n\n<p class=\"wp-block-paragraph\">Die Sounds, neben Akustikgitarre, kommen aus meinem Roland Stagepiano und Yamaha Keyboard. Anf\u00e4nglich mit dem Schlagzeug aus dem Keyboard, sp\u00e4ter dann Toontrack EZ-Drummer-2, alles aufgenommen, gemischt und gemastert mit Magix Samplitude&nbsp; Music Studio.<\/p>\n\n\n\n<p class=\"wp-block-paragraph\"><\/p>\n<\/div>\n\n\n\n<div class=\"wp-block-column is-layout-flow wp-block-column-is-layout-flow\" style=\"flex-basis:10%\">\n<p class=\"wp-block-paragraph\"><\/p>\n<\/div>\n<\/div>\n\n\n\n<div class=\"wp-block-columns is-layout-flex wp-container-core-columns-is-layout-7387b849 wp-block-columns-is-layout-flex\">\n<div class=\"wp-block-column is-layout-flow wp-block-column-is-layout-flow\" style=\"flex-basis:100%\"><\/div>\n<\/div>\n\n\n\n<div class=\"wp-block-buttons is-horizontal is-content-justification-center is-layout-flex wp-container-core-buttons-is-layout-cbcdc57d wp-block-buttons-is-layout-flex\">\n<div class=\"wp-block-button is-style-outline is-style-outline--4\"><a class=\"wp-block-button__link has-luminous-vivid-amber-color has-black-background-color has-text-color has-background has-small-font-size has-custom-font-size wp-element-button\" href=\"https:\/\/songwriter-norbert-mueller.de\/?page_id=916\"><span style=\"color:#fcb900\" class=\"tadv-color\"><strong>\u25c4<\/strong><\/span><\/a><\/div>\n\n\n\n<div class=\"wp-block-button is-style-fill\"><a class=\"wp-block-button__link has-luminous-vivid-amber-color has-black-background-color has-text-color has-background has-small-font-size has-custom-font-size wp-element-button\">\u25b2 \u00dcber mich<\/a><\/div>\n\n\n\n<div class=\"wp-block-button is-style-outline is-style-outline--5\"><a class=\"wp-block-button__link has-luminous-vivid-amber-color has-black-background-color has-text-color has-background has-small-font-size has-custom-font-size wp-element-button\" href=\"https:\/\/songwriter-norbert-mueller.de\/?page_id=910\"><strong>\u25ba<\/strong><\/a><\/div>\n<\/div>\n","protected":false},"excerpt":{"rendered":"<p>Meine 1. Band *** Snooties And The Cats *** Get Up Rock-Cover *** Zahnfleisch GmbH *** g&#8217;scheiterhaufen Ich schreibe Songs \u00fcberwiegend in Bayrischer Mundart. Bin geb\u00fcrtiger Ingolst\u00e4dter (Baujahr 1956) mitten in Bayern! Mein Hobby ist Musik machen. Keine Angst, keine<\/p>\n","protected":false},"author":1,"featured_media":0,"parent":0,"menu_order":0,"comment_status":"closed","ping_status":"closed","template":"","meta":{"_crdt_document":"","footnotes":""},"class_list":["post-190","page","type-page","status-publish","hentry"],"yoast_head":"<!-- This site is optimized with the Yoast SEO plugin v27.3 - https:\/\/yoast.com\/product\/yoast-seo-wordpress\/ -->\n<title>\u00dcber mich - Songwriter Norbert M\u00fcller<\/title>\n<meta name=\"description\" content=\"Ich schreibe Songs \u00fcberwiegend in Bayrischer Mundart mit Swing, Jazz, Funk, Rock\u2026, bin geb\u00fcrtiger Ingolst\u00e4dter\" \/>\n<meta name=\"robots\" content=\"index, follow, max-snippet:-1, max-image-preview:large, max-video-preview:-1\" \/>\n<link rel=\"canonical\" href=\"https:\/\/songwriter-norbert-mueller.de\/?page_id=190\" \/>\n<meta property=\"og:locale\" content=\"de_DE\" \/>\n<meta property=\"og:type\" content=\"article\" \/>\n<meta property=\"og:title\" content=\"\u00dcber mich - Songwriter Norbert M\u00fcller\" \/>\n<meta property=\"og:description\" content=\"Ich schreibe Songs \u00fcberwiegend in Bayrischer Mundart mit Swing, Jazz, Funk, Rock\u2026, bin geb\u00fcrtiger Ingolst\u00e4dter\" \/>\n<meta property=\"og:url\" content=\"https:\/\/songwriter-norbert-mueller.de\/?page_id=190\" \/>\n<meta property=\"og:site_name\" content=\"Songwriter Norbert M\u00fcller\" \/>\n<meta property=\"article:publisher\" content=\"https:\/\/www.facebook.com\/gscheiterhaufen\" \/>\n<meta property=\"article:modified_time\" content=\"2025-01-12T12:15:31+00:00\" \/>\n<meta property=\"og:image\" content=\"https:\/\/songwriter-norbert-mueller.de\/wp-content\/uploads\/2021\/11\/70512611_2496884850388418_7089799538818416640_n.jpg\" \/>\n\t<meta property=\"og:image:width\" content=\"705\" \/>\n\t<meta property=\"og:image:height\" content=\"960\" \/>\n\t<meta property=\"og:image:type\" content=\"image\/jpeg\" \/>\n<meta name=\"twitter:card\" content=\"summary_large_image\" \/>\n<meta name=\"twitter:label1\" content=\"Gesch\u00e4tzte Lesezeit\" \/>\n\t<meta name=\"twitter:data1\" content=\"5\u00a0Minuten\" \/>\n<script type=\"application\/ld+json\" class=\"yoast-schema-graph\">{\"@context\":\"https:\\\/\\\/schema.org\",\"@graph\":[{\"@type\":\"WebPage\",\"@id\":\"https:\\\/\\\/songwriter-norbert-mueller.de\\\/?page_id=190\",\"url\":\"https:\\\/\\\/songwriter-norbert-mueller.de\\\/?page_id=190\",\"name\":\"\u00dcber mich - Songwriter Norbert M\u00fcller\",\"isPartOf\":{\"@id\":\"https:\\\/\\\/songwriter-norbert-mueller.de\\\/#website\"},\"primaryImageOfPage\":{\"@id\":\"https:\\\/\\\/songwriter-norbert-mueller.de\\\/?page_id=190#primaryimage\"},\"image\":{\"@id\":\"https:\\\/\\\/songwriter-norbert-mueller.de\\\/?page_id=190#primaryimage\"},\"thumbnailUrl\":\"https:\\\/\\\/songwriter-norbert-mueller.de\\\/wp-content\\\/uploads\\\/2021\\\/11\\\/70512611_2496884850388418_7089799538818416640_n.jpg\",\"datePublished\":\"2021-10-10T21:44:24+00:00\",\"dateModified\":\"2025-01-12T12:15:31+00:00\",\"description\":\"Ich schreibe Songs \u00fcberwiegend in Bayrischer Mundart mit Swing, Jazz, Funk, Rock\u2026, bin geb\u00fcrtiger Ingolst\u00e4dter\",\"breadcrumb\":{\"@id\":\"https:\\\/\\\/songwriter-norbert-mueller.de\\\/?page_id=190#breadcrumb\"},\"inLanguage\":\"de\",\"potentialAction\":[{\"@type\":\"ReadAction\",\"target\":[\"https:\\\/\\\/songwriter-norbert-mueller.de\\\/?page_id=190\"]}]},{\"@type\":\"ImageObject\",\"inLanguage\":\"de\",\"@id\":\"https:\\\/\\\/songwriter-norbert-mueller.de\\\/?page_id=190#primaryimage\",\"url\":\"https:\\\/\\\/songwriter-norbert-mueller.de\\\/wp-content\\\/uploads\\\/2021\\\/11\\\/70512611_2496884850388418_7089799538818416640_n.jpg\",\"contentUrl\":\"https:\\\/\\\/songwriter-norbert-mueller.de\\\/wp-content\\\/uploads\\\/2021\\\/11\\\/70512611_2496884850388418_7089799538818416640_n.jpg\",\"width\":705,\"height\":960},{\"@type\":\"BreadcrumbList\",\"@id\":\"https:\\\/\\\/songwriter-norbert-mueller.de\\\/?page_id=190#breadcrumb\",\"itemListElement\":[{\"@type\":\"ListItem\",\"position\":1,\"name\":\"Startseite\",\"item\":\"https:\\\/\\\/songwriter-norbert-mueller.de\\\/\"},{\"@type\":\"ListItem\",\"position\":2,\"name\":\"\u00dcber mich\"}]},{\"@type\":\"WebSite\",\"@id\":\"https:\\\/\\\/songwriter-norbert-mueller.de\\\/#website\",\"url\":\"https:\\\/\\\/songwriter-norbert-mueller.de\\\/\",\"name\":\"Songwriter Norbert M\u00fcller\",\"description\":\"Bayrischer Swing, Blues, Rock, Funk..., Songwriter, Norbert M\u00fcller, Michael Exenberger,\",\"publisher\":{\"@id\":\"https:\\\/\\\/songwriter-norbert-mueller.de\\\/#\\\/schema\\\/person\\\/4fc578fc2cccac12080b6903b28e4726\"},\"potentialAction\":[{\"@type\":\"SearchAction\",\"target\":{\"@type\":\"EntryPoint\",\"urlTemplate\":\"https:\\\/\\\/songwriter-norbert-mueller.de\\\/?s={search_term_string}\"},\"query-input\":{\"@type\":\"PropertyValueSpecification\",\"valueRequired\":true,\"valueName\":\"search_term_string\"}}],\"inLanguage\":\"de\"},{\"@type\":[\"Person\",\"Organization\"],\"@id\":\"https:\\\/\\\/songwriter-norbert-mueller.de\\\/#\\\/schema\\\/person\\\/4fc578fc2cccac12080b6903b28e4726\",\"name\":\"nmSongwriter\",\"image\":{\"@type\":\"ImageObject\",\"inLanguage\":\"de\",\"@id\":\"https:\\\/\\\/songwriter-norbert-mueller.de\\\/wp-content\\\/uploads\\\/2021\\\/10\\\/Avatar-Spoify.jpg\",\"url\":\"https:\\\/\\\/songwriter-norbert-mueller.de\\\/wp-content\\\/uploads\\\/2021\\\/10\\\/Avatar-Spoify.jpg\",\"contentUrl\":\"https:\\\/\\\/songwriter-norbert-mueller.de\\\/wp-content\\\/uploads\\\/2021\\\/10\\\/Avatar-Spoify.jpg\",\"width\":750,\"height\":750,\"caption\":\"nmSongwriter\"},\"logo\":{\"@id\":\"https:\\\/\\\/songwriter-norbert-mueller.de\\\/wp-content\\\/uploads\\\/2021\\\/10\\\/Avatar-Spoify.jpg\"},\"sameAs\":[\"http:\\\/\\\/mueller-norbert.de\",\"https:\\\/\\\/www.facebook.com\\\/gscheiterhaufen\",\"https:\\\/\\\/www.youtube.com\\\/channel\\\/UC-pqqUsP8t8Jk2bCdN-aUNw\",\"https:\\\/\\\/soundcloud.com\\\/norbert-mueller-903526782\"]}]}<\/script>\n<!-- \/ Yoast SEO plugin. -->","yoast_head_json":{"title":"\u00dcber mich - Songwriter Norbert M\u00fcller","description":"Ich schreibe Songs \u00fcberwiegend in Bayrischer Mundart mit Swing, Jazz, Funk, Rock\u2026, bin geb\u00fcrtiger Ingolst\u00e4dter","robots":{"index":"index","follow":"follow","max-snippet":"max-snippet:-1","max-image-preview":"max-image-preview:large","max-video-preview":"max-video-preview:-1"},"canonical":"https:\/\/songwriter-norbert-mueller.de\/?page_id=190","og_locale":"de_DE","og_type":"article","og_title":"\u00dcber mich - Songwriter Norbert M\u00fcller","og_description":"Ich schreibe Songs \u00fcberwiegend in Bayrischer Mundart mit Swing, Jazz, Funk, Rock\u2026, bin geb\u00fcrtiger Ingolst\u00e4dter","og_url":"https:\/\/songwriter-norbert-mueller.de\/?page_id=190","og_site_name":"Songwriter Norbert M\u00fcller","article_publisher":"https:\/\/www.facebook.com\/gscheiterhaufen","article_modified_time":"2025-01-12T12:15:31+00:00","og_image":[{"width":705,"height":960,"url":"https:\/\/songwriter-norbert-mueller.de\/wp-content\/uploads\/2021\/11\/70512611_2496884850388418_7089799538818416640_n.jpg","type":"image\/jpeg"}],"twitter_card":"summary_large_image","twitter_misc":{"Gesch\u00e4tzte Lesezeit":"5\u00a0Minuten"},"schema":{"@context":"https:\/\/schema.org","@graph":[{"@type":"WebPage","@id":"https:\/\/songwriter-norbert-mueller.de\/?page_id=190","url":"https:\/\/songwriter-norbert-mueller.de\/?page_id=190","name":"\u00dcber mich - Songwriter Norbert M\u00fcller","isPartOf":{"@id":"https:\/\/songwriter-norbert-mueller.de\/#website"},"primaryImageOfPage":{"@id":"https:\/\/songwriter-norbert-mueller.de\/?page_id=190#primaryimage"},"image":{"@id":"https:\/\/songwriter-norbert-mueller.de\/?page_id=190#primaryimage"},"thumbnailUrl":"https:\/\/songwriter-norbert-mueller.de\/wp-content\/uploads\/2021\/11\/70512611_2496884850388418_7089799538818416640_n.jpg","datePublished":"2021-10-10T21:44:24+00:00","dateModified":"2025-01-12T12:15:31+00:00","description":"Ich schreibe Songs \u00fcberwiegend in Bayrischer Mundart mit Swing, Jazz, Funk, Rock\u2026, bin geb\u00fcrtiger Ingolst\u00e4dter","breadcrumb":{"@id":"https:\/\/songwriter-norbert-mueller.de\/?page_id=190#breadcrumb"},"inLanguage":"de","potentialAction":[{"@type":"ReadAction","target":["https:\/\/songwriter-norbert-mueller.de\/?page_id=190"]}]},{"@type":"ImageObject","inLanguage":"de","@id":"https:\/\/songwriter-norbert-mueller.de\/?page_id=190#primaryimage","url":"https:\/\/songwriter-norbert-mueller.de\/wp-content\/uploads\/2021\/11\/70512611_2496884850388418_7089799538818416640_n.jpg","contentUrl":"https:\/\/songwriter-norbert-mueller.de\/wp-content\/uploads\/2021\/11\/70512611_2496884850388418_7089799538818416640_n.jpg","width":705,"height":960},{"@type":"BreadcrumbList","@id":"https:\/\/songwriter-norbert-mueller.de\/?page_id=190#breadcrumb","itemListElement":[{"@type":"ListItem","position":1,"name":"Startseite","item":"https:\/\/songwriter-norbert-mueller.de\/"},{"@type":"ListItem","position":2,"name":"\u00dcber mich"}]},{"@type":"WebSite","@id":"https:\/\/songwriter-norbert-mueller.de\/#website","url":"https:\/\/songwriter-norbert-mueller.de\/","name":"Songwriter Norbert M\u00fcller","description":"Bayrischer Swing, Blues, Rock, Funk..., Songwriter, Norbert M\u00fcller, Michael Exenberger,","publisher":{"@id":"https:\/\/songwriter-norbert-mueller.de\/#\/schema\/person\/4fc578fc2cccac12080b6903b28e4726"},"potentialAction":[{"@type":"SearchAction","target":{"@type":"EntryPoint","urlTemplate":"https:\/\/songwriter-norbert-mueller.de\/?s={search_term_string}"},"query-input":{"@type":"PropertyValueSpecification","valueRequired":true,"valueName":"search_term_string"}}],"inLanguage":"de"},{"@type":["Person","Organization"],"@id":"https:\/\/songwriter-norbert-mueller.de\/#\/schema\/person\/4fc578fc2cccac12080b6903b28e4726","name":"nmSongwriter","image":{"@type":"ImageObject","inLanguage":"de","@id":"https:\/\/songwriter-norbert-mueller.de\/wp-content\/uploads\/2021\/10\/Avatar-Spoify.jpg","url":"https:\/\/songwriter-norbert-mueller.de\/wp-content\/uploads\/2021\/10\/Avatar-Spoify.jpg","contentUrl":"https:\/\/songwriter-norbert-mueller.de\/wp-content\/uploads\/2021\/10\/Avatar-Spoify.jpg","width":750,"height":750,"caption":"nmSongwriter"},"logo":{"@id":"https:\/\/songwriter-norbert-mueller.de\/wp-content\/uploads\/2021\/10\/Avatar-Spoify.jpg"},"sameAs":["http:\/\/mueller-norbert.de","https:\/\/www.facebook.com\/gscheiterhaufen","https:\/\/www.youtube.com\/channel\/UC-pqqUsP8t8Jk2bCdN-aUNw","https:\/\/soundcloud.com\/norbert-mueller-903526782"]}]}},"_links":{"self":[{"href":"https:\/\/songwriter-norbert-mueller.de\/index.php?rest_route=\/wp\/v2\/pages\/190","targetHints":{"allow":["GET"]}}],"collection":[{"href":"https:\/\/songwriter-norbert-mueller.de\/index.php?rest_route=\/wp\/v2\/pages"}],"about":[{"href":"https:\/\/songwriter-norbert-mueller.de\/index.php?rest_route=\/wp\/v2\/types\/page"}],"author":[{"embeddable":true,"href":"https:\/\/songwriter-norbert-mueller.de\/index.php?rest_route=\/wp\/v2\/users\/1"}],"replies":[{"embeddable":true,"href":"https:\/\/songwriter-norbert-mueller.de\/index.php?rest_route=%2Fwp%2Fv2%2Fcomments&post=190"}],"version-history":[{"count":59,"href":"https:\/\/songwriter-norbert-mueller.de\/index.php?rest_route=\/wp\/v2\/pages\/190\/revisions"}],"predecessor-version":[{"id":2714,"href":"https:\/\/songwriter-norbert-mueller.de\/index.php?rest_route=\/wp\/v2\/pages\/190\/revisions\/2714"}],"wp:attachment":[{"href":"https:\/\/songwriter-norbert-mueller.de\/index.php?rest_route=%2Fwp%2Fv2%2Fmedia&parent=190"}],"curies":[{"name":"wp","href":"https:\/\/api.w.org\/{rel}","templated":true}]}}