{"id":2043,"date":"2022-04-03T12:15:29","date_gmt":"2022-04-03T12:15:29","guid":{"rendered":"https:\/\/songwriter-norbert-mueller.de\/?page_id=2043"},"modified":"2026-04-13T21:20:59","modified_gmt":"2026-04-13T21:20:59","slug":"termine","status":"publish","type":"page","link":"https:\/\/songwriter-norbert-mueller.de\/?page_id=2043","title":{"rendered":"Termine"},"content":{"rendered":"\n<div class=\"wp-block-buttons has-custom-font-size has-small-font-size is-horizontal is-content-justification-center is-layout-flex wp-container-core-buttons-is-layout-cbcdc57d wp-block-buttons-is-layout-flex\">\n<div class=\"wp-block-button is-style-fill\"><a class=\"wp-block-button__link has-luminous-vivid-amber-color has-black-background-color has-text-color has-background has-small-font-size has-custom-font-size wp-element-button\" style=\"border-radius:100px\">Termine<\/a><\/div>\n\n\n\n<div class=\"wp-block-button is-style-outline is-style-outline--2\"><a class=\"wp-block-button__link has-luminous-vivid-amber-color has-black-background-color has-text-color has-background has-small-font-size has-custom-font-size wp-element-button\" href=\"https:\/\/songwriter-norbert-mueller.de\/?page_id=2050\"><strong><mark style=\"background-color:rgba(0, 0, 0, 0)\" class=\"has-inline-color has-luminous-vivid-amber-color\">Archiv<\/mark><\/strong><\/a><\/div>\n<\/div>\n\n\n\n<div style=\"height:16px\" aria-hidden=\"true\" class=\"wp-block-spacer\"><\/div>\n\n\n\n<p class=\"has-medium-font-size wp-block-paragraph\"><strong>Bevorstehende Termine 2026<\/strong><\/p>\n\n\n\n<div style=\"height:15px\" aria-hidden=\"true\" class=\"wp-block-spacer\"><\/div>\n\n\n\n<p class=\"wp-block-paragraph\"><strong>19.04.2026<\/strong> Fensterkonzert im <a href=\"https:\/\/kap94.de\/event\/fensterkonzert_2026-1\/\" type=\"link\" id=\"https:\/\/kap94.de\/event\/fensterkonzert_2026-1\/\">KAP94<\/a> in Ingolstadt, 18 &#8211; 19 Uhr<\/p>\n\n\n\n<p class=\"wp-block-paragraph\"><\/p>\n\n\n\n<div style=\"height:25px\" aria-hidden=\"true\" class=\"wp-block-spacer\"><\/div>\n\n\n\n<figure class=\"wp-block-video aligncenter\"><video height=\"1920\" style=\"aspect-ratio: 1084 \/ 1920;\" width=\"1084\" autoplay controls loop muted src=\"https:\/\/songwriter-norbert-mueller.de\/wp-content\/uploads\/2026\/03\/2026-03-22KAP94-Fensterkonzert-Werbe-Story.mp4\" playsinline><\/video><\/figure>\n\n\n\n<p class=\"wp-block-paragraph\"><\/p>\n","protected":false},"excerpt":{"rendered":"<p>Bevorstehende Termine 2026 19.04.2026 Fensterkonzert im KAP94 in Ingolstadt, 18 &#8211; 19 Uhr<\/p>\n","protected":false},"author":1,"featured_media":0,"parent":0,"menu_order":0,"comment_status":"closed","ping_status":"closed","template":"","meta":{"_crdt_document":"{\"document\":\"AAAG5MHrpwt8XwgQhE0EAgECCgBKEAIBAgoBAAZGAQJKACwBAgoBAQhIAQFKfqgFAQIKSgAQAQIKAkIASgCqAQECCkoAEAECCgJCSgCkBgECCgBKABIBAgpKABABAgoBCEoAJAECCgBKAJUBKAMnAAQAJwAEACcAKAQnACgAJwAHACgDJwAoAScABwAoAycAKAEnAAQAKAQnAIcAKAMnACgCJwAEACgDJwCHACgDJwAoACcAhwAoAycBBAAoAScAhwAoAycAKAAnAIcAKAMnAQQAKAAnAIcAKAMnASgAJwCHACgDJwAoACcAhwAoAycAKAAnACgIJwCHACgDJwEoACeJIPcec3RhdGV2ZXJzaW9uZG9jdW1lbnRkYXRlZG9jdW1lbnRzbHVnZG9jdW1lbnRzdGF0dXNkb2N1bWVudHRpdGxlVGVybWluZWRvY3VtZW50Y29udGVudDwhLS0gd3A6YnV0dG9ucyB7ImZvbnRTaXplIjoic21hbGwiLCJsYXlvdXQiOnsidHlwZSI6ImZsZXgiLCJqdXN0aWZ5Q29udGVudCI6ImNlbnRlciIsIm9yaWVudGF0aW9uIjoiaG9yaXpvbnRhbCJ9fSAtLT4KPGRpdiBjbGFzcz0id3AtYmxvY2stYnV0dG9ucyBoYXMtY3VzdG9tLWZvbnQtc2l6ZSBoYXMtc21hbGwtZm9udC1zaXplIj48IS0tIHdwOmJ1dHRvbiB7ImJhY2tncm91bmRDb2xvciI6ImJsYWNrIiwidGV4dENvbG9yIjoibHVtaW5vdXMtdml2aWQtYW1iZXIiLCJjbGFzc05hbWUiOiJpcy1zdHlsZS1maWxsIiwic3R5bGUiOnsiYm9yZGVyIjp7InJhZGl1cyI6IjEwMHB4In19LCJmb250U2l6ZSI6InNtYWxsIn0gLS0+CjxkaXYgY2xhc3M9IndwLWJsb2NrLWJ1dHRvbiBpcy1zdHlsZS1maWxsIj48YSBjbGFzcz0id3AtYmxvY2stYnV0dG9uX19saW5rIGhhcy1sdW1pbm91cy12aXZpZC1hbWJlci1jb2xvciBoYXMtYmxhY2stYmFja2dyb3VuZC1jb2xvciBoYXMtdGV4dC1jb2xvciBoYXMtYmFja2dyb3VuZCBoYXMtc21hbGwtZm9udC1zaXplIGhhcy1jdXN0b20tZm9udC1zaXplIHdwLWVsZW1lbnQtYnV0dG9uIiBzdHlsZT0iYm9yZGVyLXJhZGl1czoxMDBweCI+VGVybWluZTwvYT48L2Rpdj4KPCEtLSAvd3A6YnV0dG9uIC0tPgoKPCEtLSB3cDpidXR0b24geyJiYWNrZ3JvdW5kQ29sb3IiOiJibGFjayIsInRleHRDb2xvciI6Imx1bWlub3VzLXZpdmlkLWFtYmVyIiwiY2xhc3NOYW1lIjoiaXMtc3R5bGUtb3V0bGluZSIsImZvbnRTaXplIjoic21hbGwifSAtLT4KPGRpdiBjbGFzcz0id3AtYmxvY2stYnV0dG9uIGlzLXN0eWxlLW91dGxpbmUiPjxhIGNsYXNzPSJ3cC1ibG9jay1idXR0b25fX2xpbmsgaGFzLWx1bWlub3VzLXZpdmlkLWFtYmVyLWNvbG9yIGhhcy1ibGFjay1iYWNrZ3JvdW5kLWNvbG9yIGhhcy10ZXh0LWNvbG9yIGhhcy1iYWNrZ3JvdW5kIGhhcy1zbWFsbC1mb250LXNpemUgaGFzLWN1c3RvbS1mb250LXNpemUgd3AtZWxlbWVudC1idXR0b24iIGhyZWY9Imh0dHBzOi8vc29uZ3dyaXRlci1ub3JiZXJ0LW11ZWxsZXIuZGUvP3BhZ2VfaWQ9MjA1MCI+PHN0cm9uZz48bWFyayBzdHlsZT0iYmFja2dyb3VuZC1jb2xvcjpyZ2JhKDAsIDAsIDAsIDApIiBjbGFzcz0iaGFzLWlubGluZS1jb2xvciBoYXMtbHVtaW5vdXMtdml2aWQtYW1iZXItY29sb3IiPkFyY2hpdjwvbWFyaz48L3N0cm9uZz48L2E+PC9kaXY+CjwhLS0gL3dwOmJ1dHRvbiAtLT48L2Rpdj4KPCEtLSAvd3A6YnV0dG9ucyAtLT4KCjwhLS0gd3A6c3BhY2VyIHsiaGVpZ2h0IjoiMTZweCJ9IC0tPgo8ZGl2IHN0eWxlPSJoZWlnaHQ6MTZweCIgYXJpYS1oaWRkZW49InRydWUiIGNsYXNzPSJ3cC1ibG9jay1zcGFjZXIiPjwvZGl2Pgo8IS0tIC93cDpzcGFjZXIgLS0+Cgo8IS0tIHdwOnBhcmFncmFwaCB7ImZvbnRTaXplIjoibWVkaXVtIn0gLS0+CjxwIGNsYXNzPSJoYXMtbWVkaXVtLWZvbnQtc2l6ZSI+PHN0cm9uZz5CZXZvcnN0ZWhlbmRlIFRlcm1pbmUgMjAyNjwvc3Ryb25nPjwvcD4KPCEtLSAvd3A6cGFyYWdyYXBoIC0tPgoKPCEtLSB3cDpzcGFjZXIgeyJoZWlnaHQiOiIxNXB4In0gLS0+CjxkaXYgc3R5bGU9ImhlaWdodDoxNXB4IiBhcmlhLWhpZGRlbj0idHJ1ZSIgY2xhc3M9IndwLWJsb2NrLXNwYWNlciI+PC9kaXY+CjwhLS0gL3dwOnNwYWNlciAtLT4KCjwhLS0gd3A6cGFyYWdyYXBoIC0tPgo8cD48c3Ryb25nPjE5LjA0LjIwMjY8L3N0cm9uZz4gRmVuc3RlcmtvbnplcnQgaW0gPGEgaHJlZj0iaHR0cHM6Ly9rYXA5NC5kZS9ldmVudC9mZW5zdGVya29uemVydF8yMDI2LTEvIiB0eXBlPSJsaW5rIiBpZD0iaHR0cHM6Ly9rYXA5NC5kZS9ldmVudC9mZW5zdGVya29uemVydF8yMDI2LTEvIj5LQVA5NDwvYT4gaW4gSW5nb2xzdGFkdCwgMTggLSAxOSBVaHI8L3A+CjwhLS0gL3dwOnBhcmFncmFwaCAtLT4KCjwhLS0gd3A6cGFyYWdyYXBoIC0tPgo8cD48L3A+CjwhLS0gL3dwOnBhcmFncmFwaCAtLT4KCjwhLS0gd3A6c3BhY2VyIHsiaGVpZ2h0IjoiMjVweCJ9IC0tPgo8ZGl2IHN0eWxlPSJoZWlnaHQ6MjVweCIgYXJpYS1oaWRkZW49InRydWUiIGNsYXNzPSJ3cC1ibG9jay1zcGFjZXIiPjwvZGl2Pgo8IS0tIC93cDpzcGFjZXIgLS0+Cgo8IS0tIHdwOnZpZGVvIHsiaWQiOjI3OTQsImFsaWduIjoiY2VudGVyIn0gLS0+CjxmaWd1cmUgY2xhc3M9IndwLWJsb2NrLXZpZGVvIGFsaWduY2VudGVyIj48dmlkZW8gYXV0b3BsYXkgY29udHJvbHMgbG9vcCBtdXRlZCBzcmM9Imh0dHBzOi8vc29uZ3dyaXRlci1ub3JiZXJ0LW11ZWxsZXIuZGUvd3AtY29udGVudC91cGxvYWRzLzIwMjYvMDMvMjAyNi0wMy0yMktBUDk0LUZlbnN0ZXJrb256ZXJ0LVdlcmJlLVN0b3J5Lm1wNCIgcGxheXNpbmxpbmU+PC92aWRlbz48L2ZpZ3VyZT4KPCEtLSAvd3A6dmlkZW8gLS0+Cgo8IS0tIHdwOnBhcmFncmFwaCAtLT4KPHA+PC9wPgo8IS0tIC93cDpwYXJhZ3JhcGggLS0+ZG9jdW1lbnRleGNlcnB0ZG9jdW1lbnRhdXRob3Jkb2N1bWVudGZlYXR1cmVkX21lZGlhZG9jdW1lbnRjb21tZW50X3N0YXR1c2RvY3VtZW50cGluZ19zdGF0dXNkb2N1bWVudHRlbXBsYXRlZG9jdW1lbnRtZXRhZm9vdG5vdGVzZG9jdW1lbnRibG9ja3NjbGllbnRJZGlzVmFsaWRvcmlnaW5hbENvbnRlbnRuYW1lYXR0cmlidXRlc2ZvbnRTaXplbGF5b3V0aW5uZXJCbG9ja3NjbGllbnRJZGlzVmFsaWRvcmlnaW5hbENvbnRlbnRuYW1lYXR0cmlidXRlc3RhZ05hbWV0eXBldGV4dFRlcm1pbmViYWNrZ3JvdW5kQ29sb3J0ZXh0Q29sb3JjbGFzc05hbWVzdHlsZWZvbnRTaXplaW5uZXJCbG9ja3NjbGllbnRJZGlzVmFsaWRvcmlnaW5hbENvbnRlbnRuYW1lYXR0cmlidXRlc3RhZ05hbWV0eXBldXJsdGV4dDxzdHJvbmc+PG1hcmsgc3R5bGU9ImJhY2tncm91bmQtY29sb3I6cmdiYSgwLCAwLCAwLCAwKSIgY2xhc3M9Imhhcy1pbmxpbmUtY29sb3IgaGFzLWx1bWlub3VzLXZpdmlkLWFtYmVyLWNvbG9yIj5BcmNoaXY8L21hcms+PC9zdHJvbmc+YmFja2dyb3VuZENvbG9ydGV4dENvbG9yY2xhc3NOYW1lZm9udFNpemVpbm5lckJsb2Nrc2NsaWVudElkaXNWYWxpZG9yaWdpbmFsQ29udGVudG5hbWVhdHRyaWJ1dGVzaGVpZ2h0aW5uZXJCbG9ja3NjbGllbnRJZGlzVmFsaWRvcmlnaW5hbENvbnRlbnRuYW1lYXR0cmlidXRlc2NvbnRlbnQ8c3Ryb25nPkJldm9yc3RlaGVuZGUgVGVybWluZSAyMDI2PC9zdHJvbmc+ZHJvcENhcGZvbnRTaXplaW5uZXJCbG9ja3NjbGllbnRJZGlzVmFsaWRvcmlnaW5hbENvbnRlbnRuYW1lYXR0cmlidXRlc2hlaWdodGlubmVyQmxvY2tzY2xpZW50SWRpc1ZhbGlkb3JpZ2luYWxDb250ZW50bmFtZWF0dHJpYnV0ZXNjb250ZW50PHN0cm9uZz4xOS4wNC4yMDI2PC9zdHJvbmc+IEZlbnN0ZXJrb256ZXJ0IGltIDxhIGhyZWY9Imh0dHBzOi8va2FwOTQuZGUvZXZlbnQvZmVuc3RlcmtvbnplcnRfMjAyNi0xLyIgdHlwZT0ibGluayIgaWQ9Imh0dHBzOi8va2FwOTQuZGUvZXZlbnQvZmVuc3RlcmtvbnplcnRfMjAyNi0xLyI+S0FQOTQ8L2E+IGluIEluZ29sc3RhZHQsIDE4IC0gMTkgVWhyZHJvcENhcGlubmVyQmxvY2tzY2xpZW50SWRpc1ZhbGlkb3JpZ2luYWxDb250ZW50bmFtZWF0dHJpYnV0ZXNjb250ZW50ZHJvcENhcGlubmVyQmxvY2tzY2xpZW50SWRpc1ZhbGlkb3JpZ2luYWxDb250ZW50bmFtZWF0dHJpYnV0ZXNoZWlnaHRpbm5lckJsb2Nrc2NsaWVudElkaXNWYWxpZG9yaWdpbmFsQ29udGVudG5hbWVhdHRyaWJ1dGVzYXV0b3BsYXljYXB0aW9uY29udHJvbHNpZGxvb3BtdXRlZHByZWxvYWRzcmNwbGF5c0lubGluZXRyYWNrc2FsaWduaW5uZXJCbG9ja3NjbGllbnRJZGlzVmFsaWRvcmlnaW5hbENvbnRlbnRuYW1lYXR0cmlidXRlc2NvbnRlbnRkcm9wQ2FwaW5uZXJCbG9ja3MFBwgECAQIBggFBwgHmyYIBwgGCA4IDggLSAEECQgGCAcPBAoIBgsIBw8ECgdEAAcPSQAFCAsIBw8ECgcEAwSGAg9JAAgLCAcPBAoGCwgHDwQKBysHCAsIBw8ECgYLCAcPBAoHiQMHCwgHDwQKRwALCAcPBAoGCwgHDwQKCAcIAgQFBwMLBgULCAcPBApHAAsPAQQAAAEAAAABBgAAAQAALEIBAQBBAABBAAIAQQACAEEAAEEAAgBBAABBAAIAQQACAEEAAEEAAgBBAAIAAkFWAYsBAH0BdxMyMDIyLTA0LTAzVDEyOjE1OjI5dwd0ZXJtaW5ldwdwdWJsaXNofQF9AHcGY2xvc2VkdwZjbG9zZWR3AHcAdyQyYjQwMWM2MS01MmMyLTRmODItYTJhNi1mMDFjN2RkNjNhYTN4d088ZGl2IGNsYXNzPSJ3cC1ibG9jay1idXR0b25zIGhhcy1jdXN0b20tZm9udC1zaXplIGhhcy1zbWFsbC1mb250LXNpemUiPgoKPC9kaXY+dwxjb3JlL2J1dHRvbnN3BXNtYWxsdgMEdHlwZXcEZmxleA5qdXN0aWZ5Q29udGVudHcGY2VudGVyC29yaWVudGF0aW9udwpob3Jpem9udGFsdyRiODM2OGIwMy1iNzMyLTQ1MWUtYmEzZi04MDQwNzhkYzBjYmR4d4wCPGRpdiBjbGFzcz0id3AtYmxvY2stYnV0dG9uIGlzLXN0eWxlLWZpbGwiPjxhIGNsYXNzPSJ3cC1ibG9jay1idXR0b25fX2xpbmsgaGFzLWx1bWlub3VzLXZpdmlkLWFtYmVyLWNvbG9yIGhhcy1ibGFjay1iYWNrZ3JvdW5kLWNvbG9yIGhhcy10ZXh0LWNvbG9yIGhhcy1iYWNrZ3JvdW5kIGhhcy1zbWFsbC1mb250LXNpemUgaGFzLWN1c3RvbS1mb250LXNpemUgd3AtZWxlbWVudC1idXR0b24iIHN0eWxlPSJib3JkZXItcmFkaXVzOjEwMHB4Ij5UZXJtaW5lPC9hPjwvZGl2PncLY29yZS9idXR0b253AWF3BmJ1dHRvbncFYmxhY2t3FGx1bWlub3VzLXZpdmlkLWFtYmVydw1pcy1zdHlsZS1maWxsdgEGYm9yZGVydgEGcmFkaXVzdwUxMDBweHcFc21hbGx3JGU3ZjMwYzYwLTcxOTQtNGI3MS04NDYxLWRlYjA5YTI1MTZiNnh3rQM8ZGl2IGNsYXNzPSJ3cC1ibG9jay1idXR0b24gaXMtc3R5bGUtb3V0bGluZSI+PGEgY2xhc3M9IndwLWJsb2NrLWJ1dHRvbl9fbGluayBoYXMtbHVtaW5vdXMtdml2aWQtYW1iZXItY29sb3IgaGFzLWJsYWNrLWJhY2tncm91bmQtY29sb3IgaGFzLXRleHQtY29sb3IgaGFzLWJhY2tncm91bmQgaGFzLXNtYWxsLWZvbnQtc2l6ZSBoYXMtY3VzdG9tLWZvbnQtc2l6ZSB3cC1lbGVtZW50LWJ1dHRvbiIgaHJlZj0iaHR0cHM6Ly9zb25nd3JpdGVyLW5vcmJlcnQtbXVlbGxlci5kZS8\/cGFnZV9pZD0yMDUwIj48c3Ryb25nPjxtYXJrIHN0eWxlPSJiYWNrZ3JvdW5kLWNvbG9yOnJnYmEoMCwgMCwgMCwgMCkiIGNsYXNzPSJoYXMtaW5saW5lLWNvbG9yIGhhcy1sdW1pbm91cy12aXZpZC1hbWJlci1jb2xvciI+QXJjaGl2PC9tYXJrPjwvc3Ryb25nPjwvYT48L2Rpdj53C2NvcmUvYnV0dG9udwFhdwZidXR0b253M2h0dHBzOi8vc29uZ3dyaXRlci1ub3JiZXJ0LW11ZWxsZXIuZGUvP3BhZ2VfaWQ9MjA1MHcFYmxhY2t3FGx1bWlub3VzLXZpdmlkLWFtYmVydxBpcy1zdHlsZS1vdXRsaW5ldwVzbWFsbHckN2ZiNDg2OTctMTE2Yi00ODFhLWE4MzctMTI2N2Y0MDRlYzdmeHdKPGRpdiBzdHlsZT0iaGVpZ2h0OjE2cHgiIGFyaWEtaGlkZGVuPSJ0cnVlIiBjbGFzcz0id3AtYmxvY2stc3BhY2VyIj48L2Rpdj53C2NvcmUvc3BhY2VydwQxNnB4dyQ4OTUyOTIxMi1lMTRmLTQ0NTQtYTI1NS1jOWY4YTMyYWM5YmF4d088cCBjbGFzcz0iaGFzLW1lZGl1bS1mb250LXNpemUiPjxzdHJvbmc+QmV2b3JzdGVoZW5kZSBUZXJtaW5lIDIwMjY8L3N0cm9uZz48L3A+dw5jb3JlL3BhcmFncmFwaHl3Bm1lZGl1bXckMzc0ZDQ1MzYtM2ExOC00OTk3LTlmYjUtZThiMjY4NzNhMjFheHdKPGRpdiBzdHlsZT0iaGVpZ2h0OjE1cHgiIGFyaWEtaGlkZGVuPSJ0cnVlIiBjbGFzcz0id3AtYmxvY2stc3BhY2VyIj48L2Rpdj53C2NvcmUvc3BhY2VydwQxNXB4dyQyMDM2M2I3ZS04NThiLTQxOTctYWM2YS1hYjljN2NmMzRhZTJ4d9ABPHA+PHN0cm9uZz4xOS4wNC4yMDI2PC9zdHJvbmc+IEZlbnN0ZXJrb256ZXJ0IGltIDxhIGhyZWY9Imh0dHBzOi8va2FwOTQuZGUvZXZlbnQvZmVuc3RlcmtvbnplcnRfMjAyNi0xLyIgdHlwZT0ibGluayIgaWQ9Imh0dHBzOi8va2FwOTQuZGUvZXZlbnQvZmVuc3RlcmtvbnplcnRfMjAyNi0xLyI+S0FQOTQ8L2E+IGluIEluZ29sc3RhZHQsIDE4IC0gMTkgVWhyPC9wPncOY29yZS9wYXJhZ3JhcGh5dyRmN2RmZTg0OS1kMDk3LTQzNGYtOGM4MC1iZDEyMzUyODgwMDF4dwc8cD48L3A+dw5jb3JlL3BhcmFncmFwaHl3JDM3Yjk3ODJhLThmYjgtNDc2NS1iOGNmLTE4ZDk5MTBhN2FmN3h3SjxkaXYgc3R5bGU9ImhlaWdodDoyNXB4IiBhcmlhLWhpZGRlbj0idHJ1ZSIgY2xhc3M9IndwLWJsb2NrLXNwYWNlciI+PC9kaXY+dwtjb3JlL3NwYWNlcncEMjVweHckZGFhZDMyMjUtM2YwMS00MjY3LWJmYzItMGRkNGI0ZjRhY2Q5eHfiATxmaWd1cmUgY2xhc3M9IndwLWJsb2NrLXZpZGVvIGFsaWduY2VudGVyIj48dmlkZW8gYXV0b3BsYXkgY29udHJvbHMgbG9vcCBtdXRlZCBzcmM9Imh0dHBzOi8vc29uZ3dyaXRlci1ub3JiZXJ0LW11ZWxsZXIuZGUvd3AtY29udGVudC91cGxvYWRzLzIwMjYvMDMvMjAyNi0wMy0yMktBUDk0LUZlbnN0ZXJrb256ZXJ0LVdlcmJlLVN0b3J5Lm1wNCIgcGxheXNpbmxpbmU+PC92aWRlbz48L2ZpZ3VyZT53CmNvcmUvdmlkZW94eH2qK3h4dwhtZXRhZGF0YXdvaHR0cHM6Ly9zb25nd3JpdGVyLW5vcmJlcnQtbXVlbGxlci5kZS93cC1jb250ZW50L3VwbG9hZHMvMjAyNi8wMy8yMDI2LTAzLTIyS0FQOTQtRmVuc3RlcmtvbnplcnQtV2VyYmUtU3RvcnkubXA0eHUAdwZjZW50ZXJ3JGY5YzdiZTk4LWYwNDktNDk0OC04OGVkLWMxYTFmODA2Mzk1Nnh3BzxwPjwvcD53DmNvcmUvcGFyYWdyYXBoeQA=\",\"updateId\":963819721}","footnotes":""},"class_list":["post-2043","page","type-page","status-publish","hentry"],"yoast_head":"<!-- This site is optimized with the Yoast SEO plugin v27.5 - https:\/\/yoast.com\/product\/yoast-seo-wordpress\/ -->\n<title>Termine - Songwriter Norbert M\u00fcller %Termine<\/title>\n<meta name=\"description\" content=\"Aktuelle Termine von Songwriter Norbert M\u00fcller an verschiedenen Auftrittsorten \u00fcberall wo es m\u00f6glich ist und wo eine B\u00fchne angeboten wird.\" \/>\n<meta name=\"robots\" content=\"index, follow, max-snippet:-1, max-image-preview:large, max-video-preview:-1\" \/>\n<link rel=\"canonical\" href=\"https:\/\/songwriter-norbert-mueller.de\/?page_id=2043\" \/>\n<meta property=\"og:locale\" content=\"de_DE\" \/>\n<meta property=\"og:type\" content=\"article\" \/>\n<meta property=\"og:title\" content=\"Termine - Songwriter Norbert M\u00fcller %Termine\" \/>\n<meta property=\"og:description\" content=\"Aktuelle Termine von Songwriter Norbert M\u00fcller an verschiedenen Auftrittsorten \u00fcberall wo es m\u00f6glich ist und wo eine B\u00fchne angeboten wird.\" \/>\n<meta property=\"og:url\" content=\"https:\/\/songwriter-norbert-mueller.de\/?page_id=2043\" \/>\n<meta property=\"og:site_name\" content=\"Songwriter Norbert M\u00fcller\" \/>\n<meta property=\"article:publisher\" content=\"https:\/\/www.facebook.com\/gscheiterhaufen\" \/>\n<meta property=\"article:modified_time\" content=\"2026-04-13T21:20:59+00:00\" \/>\n<meta name=\"twitter:card\" content=\"summary_large_image\" \/>\n<meta name=\"twitter:label1\" content=\"Gesch\u00e4tzte Lesezeit\" \/>\n\t<meta name=\"twitter:data1\" content=\"1\u00a0Minute\" \/>\n<script type=\"application\/ld+json\" class=\"yoast-schema-graph\">{\"@context\":\"https:\\\/\\\/schema.org\",\"@graph\":[{\"@type\":\"WebPage\",\"@id\":\"https:\\\/\\\/songwriter-norbert-mueller.de\\\/?page_id=2043\",\"url\":\"https:\\\/\\\/songwriter-norbert-mueller.de\\\/?page_id=2043\",\"name\":\"Termine - Songwriter Norbert M\u00fcller %Termine\",\"isPartOf\":{\"@id\":\"https:\\\/\\\/songwriter-norbert-mueller.de\\\/#website\"},\"datePublished\":\"2022-04-03T12:15:29+00:00\",\"dateModified\":\"2026-04-13T21:20:59+00:00\",\"description\":\"Aktuelle Termine von Songwriter Norbert M\u00fcller an verschiedenen Auftrittsorten \u00fcberall wo es m\u00f6glich ist und wo eine B\u00fchne angeboten wird.\",\"breadcrumb\":{\"@id\":\"https:\\\/\\\/songwriter-norbert-mueller.de\\\/?page_id=2043#breadcrumb\"},\"inLanguage\":\"de\",\"potentialAction\":[{\"@type\":\"ReadAction\",\"target\":[\"https:\\\/\\\/songwriter-norbert-mueller.de\\\/?page_id=2043\"]}]},{\"@type\":\"BreadcrumbList\",\"@id\":\"https:\\\/\\\/songwriter-norbert-mueller.de\\\/?page_id=2043#breadcrumb\",\"itemListElement\":[{\"@type\":\"ListItem\",\"position\":1,\"name\":\"Startseite\",\"item\":\"https:\\\/\\\/songwriter-norbert-mueller.de\\\/\"},{\"@type\":\"ListItem\",\"position\":2,\"name\":\"Termine\"}]},{\"@type\":\"WebSite\",\"@id\":\"https:\\\/\\\/songwriter-norbert-mueller.de\\\/#website\",\"url\":\"https:\\\/\\\/songwriter-norbert-mueller.de\\\/\",\"name\":\"Songwriter Norbert M\u00fcller\",\"description\":\"Bayrischer Swing, Blues, Rock, Funk..., Songwriter, Norbert M\u00fcller, Michael Exenberger,\",\"publisher\":{\"@id\":\"https:\\\/\\\/songwriter-norbert-mueller.de\\\/#\\\/schema\\\/person\\\/4fc578fc2cccac12080b6903b28e4726\"},\"potentialAction\":[{\"@type\":\"SearchAction\",\"target\":{\"@type\":\"EntryPoint\",\"urlTemplate\":\"https:\\\/\\\/songwriter-norbert-mueller.de\\\/?s={search_term_string}\"},\"query-input\":{\"@type\":\"PropertyValueSpecification\",\"valueRequired\":true,\"valueName\":\"search_term_string\"}}],\"inLanguage\":\"de\"},{\"@type\":[\"Person\",\"Organization\"],\"@id\":\"https:\\\/\\\/songwriter-norbert-mueller.de\\\/#\\\/schema\\\/person\\\/4fc578fc2cccac12080b6903b28e4726\",\"name\":\"nmSongwriter\",\"image\":{\"@type\":\"ImageObject\",\"inLanguage\":\"de\",\"@id\":\"https:\\\/\\\/songwriter-norbert-mueller.de\\\/wp-content\\\/uploads\\\/2021\\\/10\\\/Avatar-Spoify.jpg\",\"url\":\"https:\\\/\\\/songwriter-norbert-mueller.de\\\/wp-content\\\/uploads\\\/2021\\\/10\\\/Avatar-Spoify.jpg\",\"contentUrl\":\"https:\\\/\\\/songwriter-norbert-mueller.de\\\/wp-content\\\/uploads\\\/2021\\\/10\\\/Avatar-Spoify.jpg\",\"width\":750,\"height\":750,\"caption\":\"nmSongwriter\"},\"logo\":{\"@id\":\"https:\\\/\\\/songwriter-norbert-mueller.de\\\/wp-content\\\/uploads\\\/2021\\\/10\\\/Avatar-Spoify.jpg\"},\"sameAs\":[\"http:\\\/\\\/mueller-norbert.de\",\"https:\\\/\\\/www.facebook.com\\\/gscheiterhaufen\",\"https:\\\/\\\/www.youtube.com\\\/channel\\\/UC-pqqUsP8t8Jk2bCdN-aUNw\",\"https:\\\/\\\/soundcloud.com\\\/norbert-mueller-903526782\"]}]}<\/script>\n<!-- \/ Yoast SEO plugin. -->","yoast_head_json":{"title":"Termine - Songwriter Norbert M\u00fcller %Termine","description":"Aktuelle Termine von Songwriter Norbert M\u00fcller an verschiedenen Auftrittsorten \u00fcberall wo es m\u00f6glich ist und wo eine B\u00fchne angeboten wird.","robots":{"index":"index","follow":"follow","max-snippet":"max-snippet:-1","max-image-preview":"max-image-preview:large","max-video-preview":"max-video-preview:-1"},"canonical":"https:\/\/songwriter-norbert-mueller.de\/?page_id=2043","og_locale":"de_DE","og_type":"article","og_title":"Termine - Songwriter Norbert M\u00fcller %Termine","og_description":"Aktuelle Termine von Songwriter Norbert M\u00fcller an verschiedenen Auftrittsorten \u00fcberall wo es m\u00f6glich ist und wo eine B\u00fchne angeboten wird.","og_url":"https:\/\/songwriter-norbert-mueller.de\/?page_id=2043","og_site_name":"Songwriter Norbert M\u00fcller","article_publisher":"https:\/\/www.facebook.com\/gscheiterhaufen","article_modified_time":"2026-04-13T21:20:59+00:00","twitter_card":"summary_large_image","twitter_misc":{"Gesch\u00e4tzte Lesezeit":"1\u00a0Minute"},"schema":{"@context":"https:\/\/schema.org","@graph":[{"@type":"WebPage","@id":"https:\/\/songwriter-norbert-mueller.de\/?page_id=2043","url":"https:\/\/songwriter-norbert-mueller.de\/?page_id=2043","name":"Termine - Songwriter Norbert M\u00fcller %Termine","isPartOf":{"@id":"https:\/\/songwriter-norbert-mueller.de\/#website"},"datePublished":"2022-04-03T12:15:29+00:00","dateModified":"2026-04-13T21:20:59+00:00","description":"Aktuelle Termine von Songwriter Norbert M\u00fcller an verschiedenen Auftrittsorten \u00fcberall wo es m\u00f6glich ist und wo eine B\u00fchne angeboten wird.","breadcrumb":{"@id":"https:\/\/songwriter-norbert-mueller.de\/?page_id=2043#breadcrumb"},"inLanguage":"de","potentialAction":[{"@type":"ReadAction","target":["https:\/\/songwriter-norbert-mueller.de\/?page_id=2043"]}]},{"@type":"BreadcrumbList","@id":"https:\/\/songwriter-norbert-mueller.de\/?page_id=2043#breadcrumb","itemListElement":[{"@type":"ListItem","position":1,"name":"Startseite","item":"https:\/\/songwriter-norbert-mueller.de\/"},{"@type":"ListItem","position":2,"name":"Termine"}]},{"@type":"WebSite","@id":"https:\/\/songwriter-norbert-mueller.de\/#website","url":"https:\/\/songwriter-norbert-mueller.de\/","name":"Songwriter Norbert M\u00fcller","description":"Bayrischer Swing, Blues, Rock, Funk..., Songwriter, Norbert M\u00fcller, Michael Exenberger,","publisher":{"@id":"https:\/\/songwriter-norbert-mueller.de\/#\/schema\/person\/4fc578fc2cccac12080b6903b28e4726"},"potentialAction":[{"@type":"SearchAction","target":{"@type":"EntryPoint","urlTemplate":"https:\/\/songwriter-norbert-mueller.de\/?s={search_term_string}"},"query-input":{"@type":"PropertyValueSpecification","valueRequired":true,"valueName":"search_term_string"}}],"inLanguage":"de"},{"@type":["Person","Organization"],"@id":"https:\/\/songwriter-norbert-mueller.de\/#\/schema\/person\/4fc578fc2cccac12080b6903b28e4726","name":"nmSongwriter","image":{"@type":"ImageObject","inLanguage":"de","@id":"https:\/\/songwriter-norbert-mueller.de\/wp-content\/uploads\/2021\/10\/Avatar-Spoify.jpg","url":"https:\/\/songwriter-norbert-mueller.de\/wp-content\/uploads\/2021\/10\/Avatar-Spoify.jpg","contentUrl":"https:\/\/songwriter-norbert-mueller.de\/wp-content\/uploads\/2021\/10\/Avatar-Spoify.jpg","width":750,"height":750,"caption":"nmSongwriter"},"logo":{"@id":"https:\/\/songwriter-norbert-mueller.de\/wp-content\/uploads\/2021\/10\/Avatar-Spoify.jpg"},"sameAs":["http:\/\/mueller-norbert.de","https:\/\/www.facebook.com\/gscheiterhaufen","https:\/\/www.youtube.com\/channel\/UC-pqqUsP8t8Jk2bCdN-aUNw","https:\/\/soundcloud.com\/norbert-mueller-903526782"]}]}},"_links":{"self":[{"href":"https:\/\/songwriter-norbert-mueller.de\/index.php?rest_route=\/wp\/v2\/pages\/2043","targetHints":{"allow":["GET"]}}],"collection":[{"href":"https:\/\/songwriter-norbert-mueller.de\/index.php?rest_route=\/wp\/v2\/pages"}],"about":[{"href":"https:\/\/songwriter-norbert-mueller.de\/index.php?rest_route=\/wp\/v2\/types\/page"}],"author":[{"embeddable":true,"href":"https:\/\/songwriter-norbert-mueller.de\/index.php?rest_route=\/wp\/v2\/users\/1"}],"replies":[{"embeddable":true,"href":"https:\/\/songwriter-norbert-mueller.de\/index.php?rest_route=%2Fwp%2Fv2%2Fcomments&post=2043"}],"version-history":[{"count":69,"href":"https:\/\/songwriter-norbert-mueller.de\/index.php?rest_route=\/wp\/v2\/pages\/2043\/revisions"}],"predecessor-version":[{"id":2798,"href":"https:\/\/songwriter-norbert-mueller.de\/index.php?rest_route=\/wp\/v2\/pages\/2043\/revisions\/2798"}],"wp:attachment":[{"href":"https:\/\/songwriter-norbert-mueller.de\/index.php?rest_route=%2Fwp%2Fv2%2Fmedia&parent=2043"}],"curies":[{"name":"wp","href":"https:\/\/api.w.org\/{rel}","templated":true}]}}