{"id":2046,"date":"2022-04-03T12:18:23","date_gmt":"2022-04-03T12:18:23","guid":{"rendered":"https:\/\/songwriter-norbert-mueller.de\/?page_id=2046"},"modified":"2024-04-03T10:52:32","modified_gmt":"2024-04-03T10:52:32","slug":"termine-archiv","status":"publish","type":"page","link":"https:\/\/songwriter-norbert-mueller.de\/?page_id=2046","title":{"rendered":"4. 11. 2021. Besser als Fernsehen"},"content":{"rendered":"\n<div class=\"wp-block-buttons has-custom-font-size has-small-font-size is-horizontal is-content-justification-center is-layout-flex wp-container-core-buttons-is-layout-cbcdc57d wp-block-buttons-is-layout-flex\">\n<div class=\"wp-block-button has-custom-font-size is-style-outline has-small-font-size is-style-outline--2\"><a class=\"wp-block-button__link has-luminous-vivid-amber-color has-black-background-color has-text-color has-background wp-element-button\" href=\"https:\/\/songwriter-norbert-mueller.de\/?page_id=2043\"><strong>Termine<\/strong><\/a><\/div>\n\n\n\n<div class=\"wp-block-button has-custom-font-size is-style-outline has-small-font-size is-style-outline--3\"><a class=\"wp-block-button__link has-luminous-vivid-amber-color has-black-background-color has-text-color has-background wp-element-button\" href=\"https:\/\/songwriter-norbert-mueller.de\/?page_id=2050\"><strong><mark style=\"background-color:rgba(0, 0, 0, 0)\" class=\"has-inline-color has-luminous-vivid-amber-color\">Archiv<\/mark><\/strong><\/a><\/div>\n<\/div>\n\n\n\n<div style=\"height:16px\" aria-hidden=\"true\" class=\"wp-block-spacer\"><\/div>\n\n\n\n<p class=\"wp-block-paragraph\">Vielen Dank f\u00fcr&#8217;s Zuh\u00f6ren! Es war ein interessanter Auftritt als Gast bei der Leseb\u00fchne &#8220;Besser als Fernsehen&#8221; mit dabei zu sein, im gut besuchten Kap94 in Ingolstadt am 4.11.2021<\/p>\n\n\n<style>.kb-image2046_1a3b7c-c0 .kb-image-has-overlay:after{opacity:0.3;}<\/style>\n<figure class=\"wp-block-kadence-image kb-image2046_1a3b7c-c0 size-large\"><img loading=\"lazy\" decoding=\"async\" width=\"1024\" height=\"768\" src=\"https:\/\/songwriter-norbert-mueller.de\/wp-content\/uploads\/2022\/04\/BesserAlsFernsehen_Nov-2021-1024x768.jpg\" alt=\"\" class=\"kb-img wp-image-2062\" srcset=\"https:\/\/songwriter-norbert-mueller.de\/wp-content\/uploads\/2022\/04\/BesserAlsFernsehen_Nov-2021-1024x768.jpg 1024w, https:\/\/songwriter-norbert-mueller.de\/wp-content\/uploads\/2022\/04\/BesserAlsFernsehen_Nov-2021-300x225.jpg 300w, https:\/\/songwriter-norbert-mueller.de\/wp-content\/uploads\/2022\/04\/BesserAlsFernsehen_Nov-2021-768x576.jpg 768w, https:\/\/songwriter-norbert-mueller.de\/wp-content\/uploads\/2022\/04\/BesserAlsFernsehen_Nov-2021-1536x1152.jpg 1536w, https:\/\/songwriter-norbert-mueller.de\/wp-content\/uploads\/2022\/04\/BesserAlsFernsehen_Nov-2021.jpg 2048w\" sizes=\"auto, (max-width: 1024px) 100vw, 1024px\" \/><\/figure>\n\n\n\n<p class=\"wp-block-paragraph\"><strong><a href=\"https:\/\/www.facebook.com\/LesebuehneBesserAlsFernsehen\" target=\"_blank\" rel=\"noreferrer noopener\">Besser als Fernsehen<\/a><\/strong><\/p>\n\n\n\n<div style=\"height:56px\" aria-hidden=\"true\" class=\"wp-block-spacer\"><\/div>\n\n\n\n<div class=\"wp-block-buttons has-custom-font-size has-small-font-size is-horizontal is-content-justification-center is-layout-flex wp-container-core-buttons-is-layout-cbcdc57d wp-block-buttons-is-layout-flex\">\n<div class=\"wp-block-button has-custom-font-size is-style-outline has-small-font-size is-style-outline--4\"><a class=\"wp-block-button__link has-luminous-vivid-amber-color has-black-background-color has-text-color has-background wp-element-button\" href=\"https:\/\/songwriter-norbert-mueller.de\/?page_id=2043\"><strong>Termine<\/strong><\/a><\/div>\n\n\n\n<div class=\"wp-block-button has-custom-font-size is-style-outline has-small-font-size is-style-outline--5\"><a class=\"wp-block-button__link has-luminous-vivid-amber-color has-black-background-color has-text-color has-background wp-element-button\" href=\"https:\/\/songwriter-norbert-mueller.de\/?page_id=2050\"><strong><mark style=\"background-color:rgba(0, 0, 0, 0)\" class=\"has-inline-color has-luminous-vivid-amber-color\">Archiv<\/mark><\/strong><\/a><\/div>\n<\/div>\n","protected":false},"excerpt":{"rendered":"<p>Vielen Dank f\u00fcr&#8217;s Zuh\u00f6ren! Es war ein interessanter Auftritt als Gast bei der Leseb\u00fchne &#8220;Besser als Fernsehen&#8221; mit dabei zu sein, im gut besuchten Kap94 in Ingolstadt am 4.11.2021 Besser als Fernsehen<\/p>\n","protected":false},"author":1,"featured_media":0,"parent":0,"menu_order":0,"comment_status":"closed","ping_status":"closed","template":"","meta":{"_crdt_document":"","footnotes":""},"class_list":["post-2046","page","type-page","status-publish","hentry"],"yoast_head":"<!-- This site is optimized with the Yoast SEO plugin v27.5 - https:\/\/yoast.com\/product\/yoast-seo-wordpress\/ -->\n<title>4. 11. 2021. Besser als Fernsehen - Songwriter Norbert M\u00fcller<\/title>\n<meta name=\"description\" content=\"Besser als Fernsehen im Kap04 am 4.11.2021 Ingolstadt\/Germany veranstaltet Lesungen und hat oft einen musikalischen Gast dabei\" \/>\n<meta name=\"robots\" content=\"index, follow, max-snippet:-1, max-image-preview:large, max-video-preview:-1\" \/>\n<link rel=\"canonical\" href=\"https:\/\/songwriter-norbert-mueller.de\/?page_id=2046\" \/>\n<meta property=\"og:locale\" content=\"de_DE\" \/>\n<meta property=\"og:type\" content=\"article\" \/>\n<meta property=\"og:title\" content=\"4. 11. 2021. Besser als Fernsehen - Songwriter Norbert M\u00fcller\" \/>\n<meta property=\"og:description\" content=\"Besser als Fernsehen im Kap04 am 4.11.2021 Ingolstadt\/Germany veranstaltet Lesungen und hat oft einen musikalischen Gast dabei\" \/>\n<meta property=\"og:url\" content=\"https:\/\/songwriter-norbert-mueller.de\/?page_id=2046\" \/>\n<meta property=\"og:site_name\" content=\"Songwriter Norbert M\u00fcller\" \/>\n<meta property=\"article:publisher\" content=\"https:\/\/www.facebook.com\/gscheiterhaufen\" \/>\n<meta property=\"article:modified_time\" content=\"2024-04-03T10:52:32+00:00\" \/>\n<meta property=\"og:image\" content=\"https:\/\/songwriter-norbert-mueller.de\/wp-content\/uploads\/2022\/04\/BesserAlsFernsehen_Nov-2021-1024x768.jpg\" \/>\n<meta name=\"twitter:card\" content=\"summary_large_image\" \/>\n<meta name=\"twitter:label1\" content=\"Gesch\u00e4tzte Lesezeit\" \/>\n\t<meta name=\"twitter:data1\" content=\"1\u00a0Minute\" \/>\n<script type=\"application\/ld+json\" class=\"yoast-schema-graph\">{\"@context\":\"https:\\\/\\\/schema.org\",\"@graph\":[{\"@type\":\"WebPage\",\"@id\":\"https:\\\/\\\/songwriter-norbert-mueller.de\\\/?page_id=2046\",\"url\":\"https:\\\/\\\/songwriter-norbert-mueller.de\\\/?page_id=2046\",\"name\":\"4. 11. 2021. Besser als Fernsehen - Songwriter Norbert M\u00fcller\",\"isPartOf\":{\"@id\":\"https:\\\/\\\/songwriter-norbert-mueller.de\\\/#website\"},\"primaryImageOfPage\":{\"@id\":\"https:\\\/\\\/songwriter-norbert-mueller.de\\\/?page_id=2046#primaryimage\"},\"image\":{\"@id\":\"https:\\\/\\\/songwriter-norbert-mueller.de\\\/?page_id=2046#primaryimage\"},\"thumbnailUrl\":\"https:\\\/\\\/songwriter-norbert-mueller.de\\\/wp-content\\\/uploads\\\/2022\\\/04\\\/BesserAlsFernsehen_Nov-2021-1024x768.jpg\",\"datePublished\":\"2022-04-03T12:18:23+00:00\",\"dateModified\":\"2024-04-03T10:52:32+00:00\",\"description\":\"Besser als Fernsehen im Kap04 am 4.11.2021 Ingolstadt\\\/Germany veranstaltet Lesungen und hat oft einen musikalischen Gast dabei\",\"breadcrumb\":{\"@id\":\"https:\\\/\\\/songwriter-norbert-mueller.de\\\/?page_id=2046#breadcrumb\"},\"inLanguage\":\"de\",\"potentialAction\":[{\"@type\":\"ReadAction\",\"target\":[\"https:\\\/\\\/songwriter-norbert-mueller.de\\\/?page_id=2046\"]}]},{\"@type\":\"ImageObject\",\"inLanguage\":\"de\",\"@id\":\"https:\\\/\\\/songwriter-norbert-mueller.de\\\/?page_id=2046#primaryimage\",\"url\":\"https:\\\/\\\/songwriter-norbert-mueller.de\\\/wp-content\\\/uploads\\\/2022\\\/04\\\/BesserAlsFernsehen_Nov-2021.jpg\",\"contentUrl\":\"https:\\\/\\\/songwriter-norbert-mueller.de\\\/wp-content\\\/uploads\\\/2022\\\/04\\\/BesserAlsFernsehen_Nov-2021.jpg\",\"width\":2048,\"height\":1536},{\"@type\":\"BreadcrumbList\",\"@id\":\"https:\\\/\\\/songwriter-norbert-mueller.de\\\/?page_id=2046#breadcrumb\",\"itemListElement\":[{\"@type\":\"ListItem\",\"position\":1,\"name\":\"Startseite\",\"item\":\"https:\\\/\\\/songwriter-norbert-mueller.de\\\/\"},{\"@type\":\"ListItem\",\"position\":2,\"name\":\"4. 11. 2021. Besser als Fernsehen\"}]},{\"@type\":\"WebSite\",\"@id\":\"https:\\\/\\\/songwriter-norbert-mueller.de\\\/#website\",\"url\":\"https:\\\/\\\/songwriter-norbert-mueller.de\\\/\",\"name\":\"Songwriter Norbert M\u00fcller\",\"description\":\"Bayrischer Swing, Blues, Rock, Funk..., Songwriter, Norbert M\u00fcller, Michael Exenberger,\",\"publisher\":{\"@id\":\"https:\\\/\\\/songwriter-norbert-mueller.de\\\/#\\\/schema\\\/person\\\/4fc578fc2cccac12080b6903b28e4726\"},\"potentialAction\":[{\"@type\":\"SearchAction\",\"target\":{\"@type\":\"EntryPoint\",\"urlTemplate\":\"https:\\\/\\\/songwriter-norbert-mueller.de\\\/?s={search_term_string}\"},\"query-input\":{\"@type\":\"PropertyValueSpecification\",\"valueRequired\":true,\"valueName\":\"search_term_string\"}}],\"inLanguage\":\"de\"},{\"@type\":[\"Person\",\"Organization\"],\"@id\":\"https:\\\/\\\/songwriter-norbert-mueller.de\\\/#\\\/schema\\\/person\\\/4fc578fc2cccac12080b6903b28e4726\",\"name\":\"nmSongwriter\",\"image\":{\"@type\":\"ImageObject\",\"inLanguage\":\"de\",\"@id\":\"https:\\\/\\\/songwriter-norbert-mueller.de\\\/wp-content\\\/uploads\\\/2021\\\/10\\\/Avatar-Spoify.jpg\",\"url\":\"https:\\\/\\\/songwriter-norbert-mueller.de\\\/wp-content\\\/uploads\\\/2021\\\/10\\\/Avatar-Spoify.jpg\",\"contentUrl\":\"https:\\\/\\\/songwriter-norbert-mueller.de\\\/wp-content\\\/uploads\\\/2021\\\/10\\\/Avatar-Spoify.jpg\",\"width\":750,\"height\":750,\"caption\":\"nmSongwriter\"},\"logo\":{\"@id\":\"https:\\\/\\\/songwriter-norbert-mueller.de\\\/wp-content\\\/uploads\\\/2021\\\/10\\\/Avatar-Spoify.jpg\"},\"sameAs\":[\"http:\\\/\\\/mueller-norbert.de\",\"https:\\\/\\\/www.facebook.com\\\/gscheiterhaufen\",\"https:\\\/\\\/www.youtube.com\\\/channel\\\/UC-pqqUsP8t8Jk2bCdN-aUNw\",\"https:\\\/\\\/soundcloud.com\\\/norbert-mueller-903526782\"]}]}<\/script>\n<!-- \/ Yoast SEO plugin. -->","yoast_head_json":{"title":"4. 11. 2021. Besser als Fernsehen - Songwriter Norbert M\u00fcller","description":"Besser als Fernsehen im Kap04 am 4.11.2021 Ingolstadt\/Germany veranstaltet Lesungen und hat oft einen musikalischen Gast dabei","robots":{"index":"index","follow":"follow","max-snippet":"max-snippet:-1","max-image-preview":"max-image-preview:large","max-video-preview":"max-video-preview:-1"},"canonical":"https:\/\/songwriter-norbert-mueller.de\/?page_id=2046","og_locale":"de_DE","og_type":"article","og_title":"4. 11. 2021. Besser als Fernsehen - Songwriter Norbert M\u00fcller","og_description":"Besser als Fernsehen im Kap04 am 4.11.2021 Ingolstadt\/Germany veranstaltet Lesungen und hat oft einen musikalischen Gast dabei","og_url":"https:\/\/songwriter-norbert-mueller.de\/?page_id=2046","og_site_name":"Songwriter Norbert M\u00fcller","article_publisher":"https:\/\/www.facebook.com\/gscheiterhaufen","article_modified_time":"2024-04-03T10:52:32+00:00","og_image":[{"url":"https:\/\/songwriter-norbert-mueller.de\/wp-content\/uploads\/2022\/04\/BesserAlsFernsehen_Nov-2021-1024x768.jpg","type":"","width":"","height":""}],"twitter_card":"summary_large_image","twitter_misc":{"Gesch\u00e4tzte Lesezeit":"1\u00a0Minute"},"schema":{"@context":"https:\/\/schema.org","@graph":[{"@type":"WebPage","@id":"https:\/\/songwriter-norbert-mueller.de\/?page_id=2046","url":"https:\/\/songwriter-norbert-mueller.de\/?page_id=2046","name":"4. 11. 2021. Besser als Fernsehen - Songwriter Norbert M\u00fcller","isPartOf":{"@id":"https:\/\/songwriter-norbert-mueller.de\/#website"},"primaryImageOfPage":{"@id":"https:\/\/songwriter-norbert-mueller.de\/?page_id=2046#primaryimage"},"image":{"@id":"https:\/\/songwriter-norbert-mueller.de\/?page_id=2046#primaryimage"},"thumbnailUrl":"https:\/\/songwriter-norbert-mueller.de\/wp-content\/uploads\/2022\/04\/BesserAlsFernsehen_Nov-2021-1024x768.jpg","datePublished":"2022-04-03T12:18:23+00:00","dateModified":"2024-04-03T10:52:32+00:00","description":"Besser als Fernsehen im Kap04 am 4.11.2021 Ingolstadt\/Germany veranstaltet Lesungen und hat oft einen musikalischen Gast dabei","breadcrumb":{"@id":"https:\/\/songwriter-norbert-mueller.de\/?page_id=2046#breadcrumb"},"inLanguage":"de","potentialAction":[{"@type":"ReadAction","target":["https:\/\/songwriter-norbert-mueller.de\/?page_id=2046"]}]},{"@type":"ImageObject","inLanguage":"de","@id":"https:\/\/songwriter-norbert-mueller.de\/?page_id=2046#primaryimage","url":"https:\/\/songwriter-norbert-mueller.de\/wp-content\/uploads\/2022\/04\/BesserAlsFernsehen_Nov-2021.jpg","contentUrl":"https:\/\/songwriter-norbert-mueller.de\/wp-content\/uploads\/2022\/04\/BesserAlsFernsehen_Nov-2021.jpg","width":2048,"height":1536},{"@type":"BreadcrumbList","@id":"https:\/\/songwriter-norbert-mueller.de\/?page_id=2046#breadcrumb","itemListElement":[{"@type":"ListItem","position":1,"name":"Startseite","item":"https:\/\/songwriter-norbert-mueller.de\/"},{"@type":"ListItem","position":2,"name":"4. 11. 2021. Besser als Fernsehen"}]},{"@type":"WebSite","@id":"https:\/\/songwriter-norbert-mueller.de\/#website","url":"https:\/\/songwriter-norbert-mueller.de\/","name":"Songwriter Norbert M\u00fcller","description":"Bayrischer Swing, Blues, Rock, Funk..., Songwriter, Norbert M\u00fcller, Michael Exenberger,","publisher":{"@id":"https:\/\/songwriter-norbert-mueller.de\/#\/schema\/person\/4fc578fc2cccac12080b6903b28e4726"},"potentialAction":[{"@type":"SearchAction","target":{"@type":"EntryPoint","urlTemplate":"https:\/\/songwriter-norbert-mueller.de\/?s={search_term_string}"},"query-input":{"@type":"PropertyValueSpecification","valueRequired":true,"valueName":"search_term_string"}}],"inLanguage":"de"},{"@type":["Person","Organization"],"@id":"https:\/\/songwriter-norbert-mueller.de\/#\/schema\/person\/4fc578fc2cccac12080b6903b28e4726","name":"nmSongwriter","image":{"@type":"ImageObject","inLanguage":"de","@id":"https:\/\/songwriter-norbert-mueller.de\/wp-content\/uploads\/2021\/10\/Avatar-Spoify.jpg","url":"https:\/\/songwriter-norbert-mueller.de\/wp-content\/uploads\/2021\/10\/Avatar-Spoify.jpg","contentUrl":"https:\/\/songwriter-norbert-mueller.de\/wp-content\/uploads\/2021\/10\/Avatar-Spoify.jpg","width":750,"height":750,"caption":"nmSongwriter"},"logo":{"@id":"https:\/\/songwriter-norbert-mueller.de\/wp-content\/uploads\/2021\/10\/Avatar-Spoify.jpg"},"sameAs":["http:\/\/mueller-norbert.de","https:\/\/www.facebook.com\/gscheiterhaufen","https:\/\/www.youtube.com\/channel\/UC-pqqUsP8t8Jk2bCdN-aUNw","https:\/\/soundcloud.com\/norbert-mueller-903526782"]}]}},"_links":{"self":[{"href":"https:\/\/songwriter-norbert-mueller.de\/index.php?rest_route=\/wp\/v2\/pages\/2046","targetHints":{"allow":["GET"]}}],"collection":[{"href":"https:\/\/songwriter-norbert-mueller.de\/index.php?rest_route=\/wp\/v2\/pages"}],"about":[{"href":"https:\/\/songwriter-norbert-mueller.de\/index.php?rest_route=\/wp\/v2\/types\/page"}],"author":[{"embeddable":true,"href":"https:\/\/songwriter-norbert-mueller.de\/index.php?rest_route=\/wp\/v2\/users\/1"}],"replies":[{"embeddable":true,"href":"https:\/\/songwriter-norbert-mueller.de\/index.php?rest_route=%2Fwp%2Fv2%2Fcomments&post=2046"}],"version-history":[{"count":11,"href":"https:\/\/songwriter-norbert-mueller.de\/index.php?rest_route=\/wp\/v2\/pages\/2046\/revisions"}],"predecessor-version":[{"id":2525,"href":"https:\/\/songwriter-norbert-mueller.de\/index.php?rest_route=\/wp\/v2\/pages\/2046\/revisions\/2525"}],"wp:attachment":[{"href":"https:\/\/songwriter-norbert-mueller.de\/index.php?rest_route=%2Fwp%2Fv2%2Fmedia&parent=2046"}],"curies":[{"name":"wp","href":"https:\/\/api.w.org\/{rel}","templated":true}]}}