{"id":2050,"date":"2022-04-03T12:27:48","date_gmt":"2022-04-03T12:27:48","guid":{"rendered":"https:\/\/songwriter-norbert-mueller.de\/?page_id=2050"},"modified":"2026-03-23T15:32:47","modified_gmt":"2026-03-23T15:32:47","slug":"termine-2021","status":"publish","type":"page","link":"https:\/\/songwriter-norbert-mueller.de\/?page_id=2050","title":{"rendered":"Archiv Termine"},"content":{"rendered":"\n<div class=\"wp-block-buttons has-custom-font-size has-small-font-size is-horizontal is-content-justification-center is-layout-flex wp-container-core-buttons-is-layout-cbcdc57d wp-block-buttons-is-layout-flex\">\n<div class=\"wp-block-button is-style-outline is-style-outline--2\"><a class=\"wp-block-button__link has-luminous-vivid-amber-color has-black-background-color has-text-color has-background has-small-font-size has-custom-font-size wp-element-button\" href=\"https:\/\/songwriter-norbert-mueller.de\/?page_id=2043\"><strong>Termine<\/strong><\/a><\/div>\n\n\n\n<div class=\"wp-block-button is-style-fill\"><a class=\"wp-block-button__link has-luminous-vivid-amber-color has-black-background-color has-text-color has-background has-small-font-size has-custom-font-size wp-element-button\" href=\"https:\/\/songwriter-norbert-mueller.de\/?page_id=2050\"><strong><mark style=\"background-color:rgba(0, 0, 0, 0)\" class=\"has-inline-color has-luminous-vivid-amber-color\">Archiv<\/mark><\/strong><\/a><\/div>\n<\/div>\n\n\n\n<p class=\"has-medium-font-size wp-block-paragraph\">Archiv Termine 2026<\/p>\n\n\n\n<div style=\"height:28px\" aria-hidden=\"true\" class=\"wp-block-spacer\"><\/div>\n\n\n\n<p class=\"wp-block-paragraph\"><strong>03.03.2026&nbsp;<\/strong>Hut-Konzert Ingolstadt Kleinkunstb\u00fchne Neue Welt<\/p>\n\n\n\n<p class=\"wp-block-paragraph\"><strong>19.02.2026&nbsp;<\/strong>Auftritt Open Stage Geisenfeld, im Alisa<br>Mit Live-\u00dcbertragung im <a href=\"https:\/\/www.tv.pafnet.tv\/?fbclid=IwY2xjawQuO8hleHRuA2FlbQIxMABicmlkETBiZzh6QUp0ZHk4aFozR1BBc3J0YwZhcHBfaWQQMjIyMDM5MTc4ODIwMDg5MgABHpzlBP1XpYMiN8z0ZC9Il3OnRBhooSfO5cOx18OpbRVJk5_6U1kQq7BZJBLj_aem_u_FkiCjgzsYg4vdKgrf61w#show\/10047\" type=\"link\" id=\"https:\/\/www.tv.pafnet.tv\/?fbclid=IwY2xjawQuO8hleHRuA2FlbQIxMABicmlkETBiZzh6QUp0ZHk4aFozR1BBc3J0YwZhcHBfaWQQMjIyMDM5MTc4ODIwMDg5MgABHpzlBP1XpYMiN8z0ZC9Il3OnRBhooSfO5cOx18OpbRVJk5_6U1kQq7BZJBLj_aem_u_FkiCjgzsYg4vdKgrf61w#show\/10047\">pafnet.tv<\/a><\/p>\n\n\n\n<div style=\"height:33px\" aria-hidden=\"true\" class=\"wp-block-spacer\"><\/div>\n\n\n\n<p class=\"has-medium-font-size wp-block-paragraph\">Archiv Termine 2025<\/p>\n\n\n\n<p class=\"wp-block-paragraph\"><strong>27.07.2025<\/strong> Auftritt auf dem Altstadtfest Mainburg auf der Newcomer-B\u00fchne von 19 &#8211; 20 Uhr<br><a href=\"https:\/\/www.mainburg.de\/altstadtfest?fbclid=IwZXh0bgNhZW0CMTAAYnJpZBExNVRKemc4aFhod0dtOXY4SAEelkoKTlWOdnZgCkOKWgfzknrXtlEb0mEUikB0GgwRNYMwohY6RWmYiHhMpek_aem_QyPpng8-PSCTmre8kT87mg\" target=\"_blank\" rel=\"noreferrer noopener\">https:\/\/www.mainburg.de\/altstadtfest<\/a><\/p>\n\n\n\n<p class=\"wp-block-paragraph\"><a href=\"https:\/\/songwriter-norbert-mueller.de\/?page_id=2729\"><strong>13.05.2025 Offene B\u00fchne Neue Welt<\/strong><\/a><\/p>\n\n\n\n<div style=\"height:33px\" aria-hidden=\"true\" class=\"wp-block-spacer\"><\/div>\n\n\n\n<p class=\"has-medium-font-size wp-block-paragraph\">Archiv Termine 2024<\/p>\n\n\n\n<p class=\"wp-block-paragraph\"><a href=\"https:\/\/songwriter-norbert-mueller.de\/?page_id=2675\"><strong>21.12.2024 Kunsthandwerkermarkt am Carraraplatz<\/strong><\/a><\/p>\n\n\n\n<p class=\"wp-block-paragraph\"><strong><a href=\"https:\/\/songwriter-norbert-mueller.de\/?page_id=2699\">14.11.2024 Auftritt im Alisa<\/a><\/strong><\/p>\n\n\n\n<p class=\"wp-block-paragraph\"><strong><a href=\"https:\/\/songwriter-norbert-mueller.de\/?page_id=2651\">Sonntag 8. September 2024, KAP94<\/a><\/strong><br><\/p>\n\n\n\n<p class=\"wp-block-paragraph\"><\/p>\n\n\n\n<p class=\"wp-block-paragraph\"><strong><a href=\"https:\/\/songwriter-norbert-mueller.de\/?page_id=2616\">Freitag, 12. Juli 2024 Konzert im Dachgarten KAP94<\/a><\/strong><br>Norbert M\u00fcller und Xuachd &amp; Gfunna &#8211; Konzert im Dachgarten<br><\/p>\n\n\n\n<p class=\"wp-block-paragraph\"><strong>Freitag 21. Juni 2024  Gasthof Huberbr\u00e4u Markplatz 8, 84085 Langquaid<\/strong><br>Beginn 20 Uhr, Offene B\u00fchne, Eintritt frei<\/p>\n\n\n\n<p class=\"wp-block-paragraph\"><strong>Samstag 15. Juni 2024, Piuspark Ingolstadt 18 &#8211; 19:00 Uhr<\/strong><br>Eintritt frei<\/p>\n\n\n\n<p class=\"wp-block-paragraph\"><a href=\"https:\/\/songwriter-norbert-mueller.de\/?page_id=2560\">7. April 2024 Fensterkonzert KAP94<\/a><\/p>\n\n\n\n<p class=\"wp-block-paragraph\"><a href=\"https:\/\/songwriter-norbert-mueller.de\/?page_id=2532\">15.02.2024 Alisa, Offene B\u00fchne Geisenfeld<\/a><\/p>\n\n\n\n<p class=\"wp-block-paragraph\">11.01.2024  Mit Luraiser im Alisa<\/p>\n\n\n\n<div style=\"height:40px\" aria-hidden=\"true\" class=\"wp-block-spacer\"><\/div>\n\n\n\n<p class=\"has-medium-font-size wp-block-paragraph\">Archiv Termine 2023<\/p>\n\n\n\n<p class=\"wp-block-paragraph\"><a href=\"https:\/\/songwriter-norbert-mueller.de\/?page_id=2495\">30. 09. 2023 Wohnzimmerkonzert<\/a><\/p>\n\n\n\n<p class=\"wp-block-paragraph\">14.09.2023 Alisa, Offene B\u00fchne Geisenfeld<\/p>\n\n\n\n<p class=\"wp-block-paragraph\">13.04.2023 Alisa, Offene B\u00fchne Geisenfeld<\/p>\n\n\n\n<p class=\"wp-block-paragraph\"><a href=\"https:\/\/songwriter-norbert-mueller.de\/?page_id=2411\">08.04.2023 Stubenhocker in Wien<\/a><\/p>\n\n\n\n<div style=\"height:37px\" aria-hidden=\"true\" class=\"wp-block-spacer\"><\/div>\n\n\n\n<p class=\"has-medium-font-size wp-block-paragraph\">Archiv Termine 2022<\/p>\n\n\n\n<p class=\"wp-block-paragraph\">10.11.2022 im Alisa,&nbsp;<a href=\"https:\/\/gobars.de\/02463215\/Offene_B%C3%BChne_-_Open_Stage_Geisenfeld\">Offene B\u00fchne Geisenfeld<\/a>&nbsp;<\/p>\n\n\n\n<p class=\"wp-block-paragraph\">18. August 2022 Offene B\u00fchne, <a href=\"https:\/\/www.donaukurier.de\/lokales\/landkreis-pfaffenhofen\/mitten-in-pfaffenhofen-strassenmusik-wie-in-italien-6522993?fbclid=IwAR3RnxgDen1p3uYDcSXezc92k1B6da5P6tp9D4i0wVYzOtMIGHSqvTQCbQE\" target=\"_blank\" rel=\"noreferrer noopener nofollow\">Stadtstrand Pfaffenhofen<\/a><\/p>\n\n\n\n<p class=\"wp-block-paragraph\"><a href=\"https:\/\/songwriter-norbert-mueller.de\/?page_id=2288\">16. Juli 2022. Spielen zur Lesung (Petra Schindler)<\/a><\/p>\n\n\n\n<p class=\"wp-block-paragraph\"><a href=\"https:\/\/songwriter-norbert-mueller.de\/?page_id=2267\">10. Juli 2022 Spazierg\u00e4ngerkonzert, Ingolstadt Kap94<\/a><\/p>\n\n\n\n<p class=\"wp-block-paragraph\"><a href=\"https:\/\/songwriter-norbert-mueller.de\/?page_id=2250\">20. Juni 2022 Piuspark Ingolstadt<\/a><\/p>\n\n\n\n<p class=\"wp-block-paragraph\"><a href=\"https:\/\/songwriter-norbert-mueller.de\/?page_id=2218\">12. Mai 2022 Alisa<\/a><\/p>\n\n\n\n<p class=\"wp-block-paragraph\"><a href=\"https:\/\/songwriter-norbert-mueller.de\/?page_id=2540\">14. 03. 2022 Interview im Kulturkanal Ingolstadt<\/a><\/p>\n\n\n\n<div style=\"height:36px\" aria-hidden=\"true\" class=\"wp-block-spacer\"><\/div>\n\n\n\n<p class=\"has-medium-font-size wp-block-paragraph\">Archiv Termine 2021<\/p>\n\n\n\n<p class=\"wp-block-paragraph\"><a href=\"https:\/\/songwriter-norbert-mueller.de\/?page_id=2046\">4. November 2021 Besser als Fernsehen, Kap94<\/a><\/p>\n\n\n\n<p class=\"wp-block-paragraph\"><a href=\"https:\/\/songwriter-norbert-mueller.de\/?page_id=2068\">22. August 2021 Fu\u00dfg\u00e4ngerkonzert KAP94<\/a><\/p>\n\n\n\n<p class=\"wp-block-paragraph\"><a href=\"https:\/\/songwriter-norbert-mueller.de\/?page_id=2096\">26. Juni 2021 KAP94 Dachkonzert<\/a><\/p>\n\n\n\n<p class=\"has-medium-font-size wp-block-paragraph\">Archiv Termine 2019<\/p>\n\n\n\n<p class=\"wp-block-paragraph\"><a href=\"https:\/\/songwriter-norbert-mueller.de\/?page_id=2168\">8. November. 2019 Offene B\u00fchne Geisenfeld im Alisa<\/a><\/p>\n\n\n\n<p class=\"wp-block-paragraph\"><\/p>\n\n\n\n<p class=\"wp-block-paragraph\"><\/p>\n","protected":false},"excerpt":{"rendered":"<p>Archiv Termine 2026 03.03.2026&nbsp;Hut-Konzert Ingolstadt Kleinkunstb\u00fchne Neue Welt 19.02.2026&nbsp;Auftritt Open Stage Geisenfeld, im AlisaMit Live-\u00dcbertragung im pafnet.tv Archiv Termine 2025 27.07.2025 Auftritt auf dem Altstadtfest Mainburg auf der Newcomer-B\u00fchne von 19 &#8211; 20 Uhrhttps:\/\/www.mainburg.de\/altstadtfest 13.05.2025 Offene B\u00fchne Neue Welt Archiv<\/p>\n","protected":false},"author":1,"featured_media":0,"parent":0,"menu_order":0,"comment_status":"closed","ping_status":"closed","template":"","meta":{"_crdt_document":"","footnotes":""},"class_list":["post-2050","page","type-page","status-publish","hentry"],"yoast_head":"<!-- This site is optimized with the Yoast SEO plugin v27.5 - https:\/\/yoast.com\/product\/yoast-seo-wordpress\/ -->\n<title>Archiv Termine - Songwriter Norbert M\u00fcller<\/title>\n<meta name=\"description\" content=\"Archiv der vergangenen Termine von Songwriter Norbert M\u00fcller mit Berichten, Bildern und Videos. Absolut sehenswert! :-)\" \/>\n<meta name=\"robots\" content=\"index, follow, max-snippet:-1, max-image-preview:large, max-video-preview:-1\" \/>\n<link rel=\"canonical\" href=\"https:\/\/songwriter-norbert-mueller.de\/?page_id=2050\" \/>\n<meta property=\"og:locale\" content=\"de_DE\" \/>\n<meta property=\"og:type\" content=\"article\" \/>\n<meta property=\"og:title\" content=\"Archiv Termine - Songwriter Norbert M\u00fcller\" \/>\n<meta property=\"og:description\" content=\"Archiv der vergangenen Termine von Songwriter Norbert M\u00fcller mit Berichten, Bildern und Videos. Absolut sehenswert! :-)\" \/>\n<meta property=\"og:url\" content=\"https:\/\/songwriter-norbert-mueller.de\/?page_id=2050\" \/>\n<meta property=\"og:site_name\" content=\"Songwriter Norbert M\u00fcller\" \/>\n<meta property=\"article:publisher\" content=\"https:\/\/www.facebook.com\/gscheiterhaufen\" \/>\n<meta property=\"article:modified_time\" content=\"2026-03-23T15:32:47+00:00\" \/>\n<meta name=\"twitter:card\" content=\"summary_large_image\" \/>\n<meta name=\"twitter:label1\" content=\"Gesch\u00e4tzte Lesezeit\" \/>\n\t<meta name=\"twitter:data1\" content=\"2\u00a0Minuten\" \/>\n<script type=\"application\/ld+json\" class=\"yoast-schema-graph\">{\"@context\":\"https:\\\/\\\/schema.org\",\"@graph\":[{\"@type\":\"WebPage\",\"@id\":\"https:\\\/\\\/songwriter-norbert-mueller.de\\\/?page_id=2050\",\"url\":\"https:\\\/\\\/songwriter-norbert-mueller.de\\\/?page_id=2050\",\"name\":\"Archiv Termine - Songwriter Norbert M\u00fcller\",\"isPartOf\":{\"@id\":\"https:\\\/\\\/songwriter-norbert-mueller.de\\\/#website\"},\"datePublished\":\"2022-04-03T12:27:48+00:00\",\"dateModified\":\"2026-03-23T15:32:47+00:00\",\"description\":\"Archiv der vergangenen Termine von Songwriter Norbert M\u00fcller mit Berichten, Bildern und Videos. Absolut sehenswert! :-)\",\"breadcrumb\":{\"@id\":\"https:\\\/\\\/songwriter-norbert-mueller.de\\\/?page_id=2050#breadcrumb\"},\"inLanguage\":\"de\",\"potentialAction\":[{\"@type\":\"ReadAction\",\"target\":[\"https:\\\/\\\/songwriter-norbert-mueller.de\\\/?page_id=2050\"]}]},{\"@type\":\"BreadcrumbList\",\"@id\":\"https:\\\/\\\/songwriter-norbert-mueller.de\\\/?page_id=2050#breadcrumb\",\"itemListElement\":[{\"@type\":\"ListItem\",\"position\":1,\"name\":\"Startseite\",\"item\":\"https:\\\/\\\/songwriter-norbert-mueller.de\\\/\"},{\"@type\":\"ListItem\",\"position\":2,\"name\":\"Archiv Termine\"}]},{\"@type\":\"WebSite\",\"@id\":\"https:\\\/\\\/songwriter-norbert-mueller.de\\\/#website\",\"url\":\"https:\\\/\\\/songwriter-norbert-mueller.de\\\/\",\"name\":\"Songwriter Norbert M\u00fcller\",\"description\":\"Bayrischer Swing, Blues, Rock, Funk..., Songwriter, Norbert M\u00fcller, Michael Exenberger,\",\"publisher\":{\"@id\":\"https:\\\/\\\/songwriter-norbert-mueller.de\\\/#\\\/schema\\\/person\\\/4fc578fc2cccac12080b6903b28e4726\"},\"potentialAction\":[{\"@type\":\"SearchAction\",\"target\":{\"@type\":\"EntryPoint\",\"urlTemplate\":\"https:\\\/\\\/songwriter-norbert-mueller.de\\\/?s={search_term_string}\"},\"query-input\":{\"@type\":\"PropertyValueSpecification\",\"valueRequired\":true,\"valueName\":\"search_term_string\"}}],\"inLanguage\":\"de\"},{\"@type\":[\"Person\",\"Organization\"],\"@id\":\"https:\\\/\\\/songwriter-norbert-mueller.de\\\/#\\\/schema\\\/person\\\/4fc578fc2cccac12080b6903b28e4726\",\"name\":\"nmSongwriter\",\"image\":{\"@type\":\"ImageObject\",\"inLanguage\":\"de\",\"@id\":\"https:\\\/\\\/songwriter-norbert-mueller.de\\\/wp-content\\\/uploads\\\/2021\\\/10\\\/Avatar-Spoify.jpg\",\"url\":\"https:\\\/\\\/songwriter-norbert-mueller.de\\\/wp-content\\\/uploads\\\/2021\\\/10\\\/Avatar-Spoify.jpg\",\"contentUrl\":\"https:\\\/\\\/songwriter-norbert-mueller.de\\\/wp-content\\\/uploads\\\/2021\\\/10\\\/Avatar-Spoify.jpg\",\"width\":750,\"height\":750,\"caption\":\"nmSongwriter\"},\"logo\":{\"@id\":\"https:\\\/\\\/songwriter-norbert-mueller.de\\\/wp-content\\\/uploads\\\/2021\\\/10\\\/Avatar-Spoify.jpg\"},\"sameAs\":[\"http:\\\/\\\/mueller-norbert.de\",\"https:\\\/\\\/www.facebook.com\\\/gscheiterhaufen\",\"https:\\\/\\\/www.youtube.com\\\/channel\\\/UC-pqqUsP8t8Jk2bCdN-aUNw\",\"https:\\\/\\\/soundcloud.com\\\/norbert-mueller-903526782\"]}]}<\/script>\n<!-- \/ Yoast SEO plugin. -->","yoast_head_json":{"title":"Archiv Termine - Songwriter Norbert M\u00fcller","description":"Archiv der vergangenen Termine von Songwriter Norbert M\u00fcller mit Berichten, Bildern und Videos. Absolut sehenswert! :-)","robots":{"index":"index","follow":"follow","max-snippet":"max-snippet:-1","max-image-preview":"max-image-preview:large","max-video-preview":"max-video-preview:-1"},"canonical":"https:\/\/songwriter-norbert-mueller.de\/?page_id=2050","og_locale":"de_DE","og_type":"article","og_title":"Archiv Termine - Songwriter Norbert M\u00fcller","og_description":"Archiv der vergangenen Termine von Songwriter Norbert M\u00fcller mit Berichten, Bildern und Videos. Absolut sehenswert! :-)","og_url":"https:\/\/songwriter-norbert-mueller.de\/?page_id=2050","og_site_name":"Songwriter Norbert M\u00fcller","article_publisher":"https:\/\/www.facebook.com\/gscheiterhaufen","article_modified_time":"2026-03-23T15:32:47+00:00","twitter_card":"summary_large_image","twitter_misc":{"Gesch\u00e4tzte Lesezeit":"2\u00a0Minuten"},"schema":{"@context":"https:\/\/schema.org","@graph":[{"@type":"WebPage","@id":"https:\/\/songwriter-norbert-mueller.de\/?page_id=2050","url":"https:\/\/songwriter-norbert-mueller.de\/?page_id=2050","name":"Archiv Termine - Songwriter Norbert M\u00fcller","isPartOf":{"@id":"https:\/\/songwriter-norbert-mueller.de\/#website"},"datePublished":"2022-04-03T12:27:48+00:00","dateModified":"2026-03-23T15:32:47+00:00","description":"Archiv der vergangenen Termine von Songwriter Norbert M\u00fcller mit Berichten, Bildern und Videos. Absolut sehenswert! :-)","breadcrumb":{"@id":"https:\/\/songwriter-norbert-mueller.de\/?page_id=2050#breadcrumb"},"inLanguage":"de","potentialAction":[{"@type":"ReadAction","target":["https:\/\/songwriter-norbert-mueller.de\/?page_id=2050"]}]},{"@type":"BreadcrumbList","@id":"https:\/\/songwriter-norbert-mueller.de\/?page_id=2050#breadcrumb","itemListElement":[{"@type":"ListItem","position":1,"name":"Startseite","item":"https:\/\/songwriter-norbert-mueller.de\/"},{"@type":"ListItem","position":2,"name":"Archiv Termine"}]},{"@type":"WebSite","@id":"https:\/\/songwriter-norbert-mueller.de\/#website","url":"https:\/\/songwriter-norbert-mueller.de\/","name":"Songwriter Norbert M\u00fcller","description":"Bayrischer Swing, Blues, Rock, Funk..., Songwriter, Norbert M\u00fcller, Michael Exenberger,","publisher":{"@id":"https:\/\/songwriter-norbert-mueller.de\/#\/schema\/person\/4fc578fc2cccac12080b6903b28e4726"},"potentialAction":[{"@type":"SearchAction","target":{"@type":"EntryPoint","urlTemplate":"https:\/\/songwriter-norbert-mueller.de\/?s={search_term_string}"},"query-input":{"@type":"PropertyValueSpecification","valueRequired":true,"valueName":"search_term_string"}}],"inLanguage":"de"},{"@type":["Person","Organization"],"@id":"https:\/\/songwriter-norbert-mueller.de\/#\/schema\/person\/4fc578fc2cccac12080b6903b28e4726","name":"nmSongwriter","image":{"@type":"ImageObject","inLanguage":"de","@id":"https:\/\/songwriter-norbert-mueller.de\/wp-content\/uploads\/2021\/10\/Avatar-Spoify.jpg","url":"https:\/\/songwriter-norbert-mueller.de\/wp-content\/uploads\/2021\/10\/Avatar-Spoify.jpg","contentUrl":"https:\/\/songwriter-norbert-mueller.de\/wp-content\/uploads\/2021\/10\/Avatar-Spoify.jpg","width":750,"height":750,"caption":"nmSongwriter"},"logo":{"@id":"https:\/\/songwriter-norbert-mueller.de\/wp-content\/uploads\/2021\/10\/Avatar-Spoify.jpg"},"sameAs":["http:\/\/mueller-norbert.de","https:\/\/www.facebook.com\/gscheiterhaufen","https:\/\/www.youtube.com\/channel\/UC-pqqUsP8t8Jk2bCdN-aUNw","https:\/\/soundcloud.com\/norbert-mueller-903526782"]}]}},"_links":{"self":[{"href":"https:\/\/songwriter-norbert-mueller.de\/index.php?rest_route=\/wp\/v2\/pages\/2050","targetHints":{"allow":["GET"]}}],"collection":[{"href":"https:\/\/songwriter-norbert-mueller.de\/index.php?rest_route=\/wp\/v2\/pages"}],"about":[{"href":"https:\/\/songwriter-norbert-mueller.de\/index.php?rest_route=\/wp\/v2\/types\/page"}],"author":[{"embeddable":true,"href":"https:\/\/songwriter-norbert-mueller.de\/index.php?rest_route=\/wp\/v2\/users\/1"}],"replies":[{"embeddable":true,"href":"https:\/\/songwriter-norbert-mueller.de\/index.php?rest_route=%2Fwp%2Fv2%2Fcomments&post=2050"}],"version-history":[{"count":43,"href":"https:\/\/songwriter-norbert-mueller.de\/index.php?rest_route=\/wp\/v2\/pages\/2050\/revisions"}],"predecessor-version":[{"id":2802,"href":"https:\/\/songwriter-norbert-mueller.de\/index.php?rest_route=\/wp\/v2\/pages\/2050\/revisions\/2802"}],"wp:attachment":[{"href":"https:\/\/songwriter-norbert-mueller.de\/index.php?rest_route=%2Fwp%2Fv2%2Fmedia&parent=2050"}],"curies":[{"name":"wp","href":"https:\/\/api.w.org\/{rel}","templated":true}]}}