{"id":2218,"date":"2022-05-15T18:20:22","date_gmt":"2022-05-15T18:20:22","guid":{"rendered":"https:\/\/songwriter-norbert-mueller.de\/?page_id=2218"},"modified":"2024-04-03T10:51:52","modified_gmt":"2024-04-03T10:51:52","slug":"12-mai-2022-auftritt-im-alisa","status":"publish","type":"page","link":"https:\/\/songwriter-norbert-mueller.de\/?page_id=2218","title":{"rendered":"12. Mai. 2022 Auftritt im Alisa"},"content":{"rendered":"\n<div class=\"wp-block-buttons has-custom-font-size has-small-font-size is-horizontal is-content-justification-center is-layout-flex wp-container-core-buttons-is-layout-cbcdc57d wp-block-buttons-is-layout-flex\">\n<div class=\"wp-block-button has-custom-font-size is-style-outline has-small-font-size is-style-outline--2\"><a class=\"wp-block-button__link has-luminous-vivid-amber-color has-black-background-color has-text-color has-background wp-element-button\" href=\"https:\/\/songwriter-norbert-mueller.de\/?page_id=2043\"><strong>Termine<\/strong><\/a><\/div>\n\n\n\n<div class=\"wp-block-button has-custom-font-size is-style-outline has-small-font-size is-style-outline--3\"><a class=\"wp-block-button__link has-luminous-vivid-amber-color has-black-background-color has-text-color has-background wp-element-button\" href=\"https:\/\/songwriter-norbert-mueller.de\/?page_id=2050\"><strong><mark style=\"background-color:rgba(0, 0, 0, 0)\" class=\"has-inline-color has-luminous-vivid-amber-color\">Archiv<\/mark><\/strong><\/a><\/div>\n<\/div>\n\n\n\n<div style=\"height:49px\" aria-hidden=\"true\" class=\"wp-block-spacer\"><\/div>\n\n\n\n<p class=\"wp-block-paragraph\">Es war wieder mal ein toller Abend auf der offenen B\u00fchne Geisenfeld im Alisa! Endlich nach ewig langer Zeit durfte ich dort wieder auftreten! <img loading=\"lazy\" decoding=\"async\" height=\"16\" width=\"16\" src=\"https:\/\/static.xx.fbcdn.net\/images\/emoji.php\/v9\/tdc\/1.5\/16\/1f60e.png\" alt=\"\ud83d\ude0e\"><img loading=\"lazy\" decoding=\"async\" height=\"16\" width=\"16\" src=\"https:\/\/static.xx.fbcdn.net\/images\/emoji.php\/v9\/t7a\/1.5\/16\/1f3b8.png\" alt=\"\ud83c\udfb8\"><img loading=\"lazy\" decoding=\"async\" height=\"16\" width=\"16\" src=\"https:\/\/static.xx.fbcdn.net\/images\/emoji.php\/v9\/td7\/1.5\/16\/1f3a4.png\" alt=\"\ud83c\udfa4\"><\/p>\n\n\n<style>.kb-image2218_4a7ead-2b .kb-image-has-overlay:after{opacity:0.3;}<\/style>\n<figure class=\"wp-block-kadence-image kb-image2218_4a7ead-2b size-large\"><img loading=\"lazy\" decoding=\"async\" width=\"1024\" height=\"682\" src=\"https:\/\/songwriter-norbert-mueller.de\/wp-content\/uploads\/2022\/05\/20220512-IMG_9450-1024x682.jpg\" alt=\"\" class=\"kb-img wp-image-2219\" srcset=\"https:\/\/songwriter-norbert-mueller.de\/wp-content\/uploads\/2022\/05\/20220512-IMG_9450-1024x682.jpg 1024w, https:\/\/songwriter-norbert-mueller.de\/wp-content\/uploads\/2022\/05\/20220512-IMG_9450-300x200.jpg 300w, https:\/\/songwriter-norbert-mueller.de\/wp-content\/uploads\/2022\/05\/20220512-IMG_9450-768x512.jpg 768w, https:\/\/songwriter-norbert-mueller.de\/wp-content\/uploads\/2022\/05\/20220512-IMG_9450-1536x1024.jpg 1536w, https:\/\/songwriter-norbert-mueller.de\/wp-content\/uploads\/2022\/05\/20220512-IMG_9450.jpg 2000w\" sizes=\"auto, (max-width: 1024px) 100vw, 1024px\" \/><\/figure>\n\n\n\n<div style=\"height:100px\" aria-hidden=\"true\" class=\"wp-block-spacer\"><\/div>\n\n\n\n<p class=\"wp-block-paragraph\">Danke an den DK-Pfaffenhofen f\u00fcr diesen Artikel!<\/p>\n\n\n<style>.kb-image2218_efc9ad-06 .kb-image-has-overlay:after{opacity:0.3;}<\/style>\n<figure class=\"wp-block-kadence-image kb-image2218_efc9ad-06 size-large\"><img loading=\"lazy\" decoding=\"async\" width=\"1024\" height=\"307\" src=\"https:\/\/songwriter-norbert-mueller.de\/wp-content\/uploads\/2022\/05\/2022-05-12_Alisa-DK_-1024x307.jpg\" alt=\"\" class=\"kb-img wp-image-2220\" srcset=\"https:\/\/songwriter-norbert-mueller.de\/wp-content\/uploads\/2022\/05\/2022-05-12_Alisa-DK_-1024x307.jpg 1024w, https:\/\/songwriter-norbert-mueller.de\/wp-content\/uploads\/2022\/05\/2022-05-12_Alisa-DK_-300x90.jpg 300w, https:\/\/songwriter-norbert-mueller.de\/wp-content\/uploads\/2022\/05\/2022-05-12_Alisa-DK_-768x230.jpg 768w, https:\/\/songwriter-norbert-mueller.de\/wp-content\/uploads\/2022\/05\/2022-05-12_Alisa-DK_-1536x460.jpg 1536w, https:\/\/songwriter-norbert-mueller.de\/wp-content\/uploads\/2022\/05\/2022-05-12_Alisa-DK_.jpg 1570w\" sizes=\"auto, (max-width: 1024px) 100vw, 1024px\" \/><\/figure>\n\n\n\n<div class=\"wp-block-buttons has-custom-font-size has-small-font-size is-horizontal is-content-justification-center is-layout-flex wp-container-core-buttons-is-layout-cbcdc57d wp-block-buttons-is-layout-flex\">\n<div class=\"wp-block-button has-custom-font-size is-style-outline has-small-font-size is-style-outline--4\"><a class=\"wp-block-button__link has-luminous-vivid-amber-color has-black-background-color has-text-color has-background wp-element-button\" href=\"https:\/\/songwriter-norbert-mueller.de\/?page_id=2043\"><strong>Termine<\/strong><\/a><\/div>\n\n\n\n<div class=\"wp-block-button has-custom-font-size is-style-outline has-small-font-size is-style-outline--5\"><a class=\"wp-block-button__link has-luminous-vivid-amber-color has-black-background-color has-text-color has-background wp-element-button\" href=\"https:\/\/songwriter-norbert-mueller.de\/?page_id=2050\"><strong><mark style=\"background-color:rgba(0, 0, 0, 0)\" class=\"has-inline-color has-luminous-vivid-amber-color\">Archiv<\/mark><\/strong><\/a><\/div>\n<\/div>\n\n\n\n<div style=\"height:100px\" aria-hidden=\"true\" class=\"wp-block-spacer\"><\/div>\n","protected":false},"excerpt":{"rendered":"<p>Es war wieder mal ein toller Abend auf der offenen B\u00fchne Geisenfeld im Alisa! Endlich nach ewig langer Zeit durfte ich dort wieder auftreten! Danke an den DK-Pfaffenhofen f\u00fcr diesen Artikel!<\/p>\n","protected":false},"author":1,"featured_media":0,"parent":0,"menu_order":0,"comment_status":"closed","ping_status":"closed","template":"","meta":{"_crdt_document":"","footnotes":""},"class_list":["post-2218","page","type-page","status-publish","hentry"],"yoast_head":"<!-- This site is optimized with the Yoast SEO plugin v27.5 - https:\/\/yoast.com\/product\/yoast-seo-wordpress\/ -->\n<title>12. Mai. 2022 Auftritt im Alisa - Songwriter Norbert M\u00fcller<\/title>\n<meta name=\"robots\" content=\"index, follow, max-snippet:-1, max-image-preview:large, max-video-preview:-1\" \/>\n<link rel=\"canonical\" href=\"https:\/\/songwriter-norbert-mueller.de\/?page_id=2218\" \/>\n<meta property=\"og:locale\" content=\"de_DE\" \/>\n<meta property=\"og:type\" content=\"article\" \/>\n<meta property=\"og:title\" content=\"12. Mai. 2022 Auftritt im Alisa - Songwriter Norbert M\u00fcller\" \/>\n<meta property=\"og:description\" content=\"Es war wieder mal ein toller Abend auf der offenen B\u00fchne Geisenfeld im Alisa! Endlich nach ewig langer Zeit durfte ich dort wieder auftreten! Danke an den DK-Pfaffenhofen f\u00fcr diesen Artikel!\" \/>\n<meta property=\"og:url\" content=\"https:\/\/songwriter-norbert-mueller.de\/?page_id=2218\" \/>\n<meta property=\"og:site_name\" content=\"Songwriter Norbert M\u00fcller\" \/>\n<meta property=\"article:publisher\" content=\"https:\/\/www.facebook.com\/gscheiterhaufen\" \/>\n<meta property=\"article:modified_time\" content=\"2024-04-03T10:51:52+00:00\" \/>\n<meta property=\"og:image\" content=\"https:\/\/static.xx.fbcdn.net\/images\/emoji.php\/v9\/tdc\/1.5\/16\/1f60e.png\" \/>\n<meta name=\"twitter:card\" content=\"summary_large_image\" \/>\n<meta name=\"twitter:label1\" content=\"Gesch\u00e4tzte Lesezeit\" \/>\n\t<meta name=\"twitter:data1\" content=\"2\u00a0Minuten\" \/>\n<script type=\"application\/ld+json\" class=\"yoast-schema-graph\">{\"@context\":\"https:\\\/\\\/schema.org\",\"@graph\":[{\"@type\":\"WebPage\",\"@id\":\"https:\\\/\\\/songwriter-norbert-mueller.de\\\/?page_id=2218\",\"url\":\"https:\\\/\\\/songwriter-norbert-mueller.de\\\/?page_id=2218\",\"name\":\"12. Mai. 2022 Auftritt im Alisa - Songwriter Norbert M\u00fcller\",\"isPartOf\":{\"@id\":\"https:\\\/\\\/songwriter-norbert-mueller.de\\\/#website\"},\"primaryImageOfPage\":{\"@id\":\"https:\\\/\\\/songwriter-norbert-mueller.de\\\/?page_id=2218#primaryimage\"},\"image\":{\"@id\":\"https:\\\/\\\/songwriter-norbert-mueller.de\\\/?page_id=2218#primaryimage\"},\"thumbnailUrl\":\"https:\\\/\\\/static.xx.fbcdn.net\\\/images\\\/emoji.php\\\/v9\\\/tdc\\\/1.5\\\/16\\\/1f60e.png\",\"datePublished\":\"2022-05-15T18:20:22+00:00\",\"dateModified\":\"2024-04-03T10:51:52+00:00\",\"breadcrumb\":{\"@id\":\"https:\\\/\\\/songwriter-norbert-mueller.de\\\/?page_id=2218#breadcrumb\"},\"inLanguage\":\"de\",\"potentialAction\":[{\"@type\":\"ReadAction\",\"target\":[\"https:\\\/\\\/songwriter-norbert-mueller.de\\\/?page_id=2218\"]}]},{\"@type\":\"ImageObject\",\"inLanguage\":\"de\",\"@id\":\"https:\\\/\\\/songwriter-norbert-mueller.de\\\/?page_id=2218#primaryimage\",\"url\":\"https:\\\/\\\/static.xx.fbcdn.net\\\/images\\\/emoji.php\\\/v9\\\/tdc\\\/1.5\\\/16\\\/1f60e.png\",\"contentUrl\":\"https:\\\/\\\/static.xx.fbcdn.net\\\/images\\\/emoji.php\\\/v9\\\/tdc\\\/1.5\\\/16\\\/1f60e.png\"},{\"@type\":\"BreadcrumbList\",\"@id\":\"https:\\\/\\\/songwriter-norbert-mueller.de\\\/?page_id=2218#breadcrumb\",\"itemListElement\":[{\"@type\":\"ListItem\",\"position\":1,\"name\":\"Startseite\",\"item\":\"https:\\\/\\\/songwriter-norbert-mueller.de\\\/\"},{\"@type\":\"ListItem\",\"position\":2,\"name\":\"12. Mai. 2022 Auftritt im Alisa\"}]},{\"@type\":\"WebSite\",\"@id\":\"https:\\\/\\\/songwriter-norbert-mueller.de\\\/#website\",\"url\":\"https:\\\/\\\/songwriter-norbert-mueller.de\\\/\",\"name\":\"Songwriter Norbert M\u00fcller\",\"description\":\"Bayrischer Swing, Blues, Rock, Funk..., Songwriter, Norbert M\u00fcller, Michael Exenberger,\",\"publisher\":{\"@id\":\"https:\\\/\\\/songwriter-norbert-mueller.de\\\/#\\\/schema\\\/person\\\/4fc578fc2cccac12080b6903b28e4726\"},\"potentialAction\":[{\"@type\":\"SearchAction\",\"target\":{\"@type\":\"EntryPoint\",\"urlTemplate\":\"https:\\\/\\\/songwriter-norbert-mueller.de\\\/?s={search_term_string}\"},\"query-input\":{\"@type\":\"PropertyValueSpecification\",\"valueRequired\":true,\"valueName\":\"search_term_string\"}}],\"inLanguage\":\"de\"},{\"@type\":[\"Person\",\"Organization\"],\"@id\":\"https:\\\/\\\/songwriter-norbert-mueller.de\\\/#\\\/schema\\\/person\\\/4fc578fc2cccac12080b6903b28e4726\",\"name\":\"nmSongwriter\",\"image\":{\"@type\":\"ImageObject\",\"inLanguage\":\"de\",\"@id\":\"https:\\\/\\\/songwriter-norbert-mueller.de\\\/wp-content\\\/uploads\\\/2021\\\/10\\\/Avatar-Spoify.jpg\",\"url\":\"https:\\\/\\\/songwriter-norbert-mueller.de\\\/wp-content\\\/uploads\\\/2021\\\/10\\\/Avatar-Spoify.jpg\",\"contentUrl\":\"https:\\\/\\\/songwriter-norbert-mueller.de\\\/wp-content\\\/uploads\\\/2021\\\/10\\\/Avatar-Spoify.jpg\",\"width\":750,\"height\":750,\"caption\":\"nmSongwriter\"},\"logo\":{\"@id\":\"https:\\\/\\\/songwriter-norbert-mueller.de\\\/wp-content\\\/uploads\\\/2021\\\/10\\\/Avatar-Spoify.jpg\"},\"sameAs\":[\"http:\\\/\\\/mueller-norbert.de\",\"https:\\\/\\\/www.facebook.com\\\/gscheiterhaufen\",\"https:\\\/\\\/www.youtube.com\\\/channel\\\/UC-pqqUsP8t8Jk2bCdN-aUNw\",\"https:\\\/\\\/soundcloud.com\\\/norbert-mueller-903526782\"]}]}<\/script>\n<!-- \/ Yoast SEO plugin. -->","yoast_head_json":{"title":"12. Mai. 2022 Auftritt im Alisa - Songwriter Norbert M\u00fcller","robots":{"index":"index","follow":"follow","max-snippet":"max-snippet:-1","max-image-preview":"max-image-preview:large","max-video-preview":"max-video-preview:-1"},"canonical":"https:\/\/songwriter-norbert-mueller.de\/?page_id=2218","og_locale":"de_DE","og_type":"article","og_title":"12. Mai. 2022 Auftritt im Alisa - Songwriter Norbert M\u00fcller","og_description":"Es war wieder mal ein toller Abend auf der offenen B\u00fchne Geisenfeld im Alisa! Endlich nach ewig langer Zeit durfte ich dort wieder auftreten! Danke an den DK-Pfaffenhofen f\u00fcr diesen Artikel!","og_url":"https:\/\/songwriter-norbert-mueller.de\/?page_id=2218","og_site_name":"Songwriter Norbert M\u00fcller","article_publisher":"https:\/\/www.facebook.com\/gscheiterhaufen","article_modified_time":"2024-04-03T10:51:52+00:00","og_image":[{"url":"https:\/\/static.xx.fbcdn.net\/images\/emoji.php\/v9\/tdc\/1.5\/16\/1f60e.png","type":"","width":"","height":""}],"twitter_card":"summary_large_image","twitter_misc":{"Gesch\u00e4tzte Lesezeit":"2\u00a0Minuten"},"schema":{"@context":"https:\/\/schema.org","@graph":[{"@type":"WebPage","@id":"https:\/\/songwriter-norbert-mueller.de\/?page_id=2218","url":"https:\/\/songwriter-norbert-mueller.de\/?page_id=2218","name":"12. Mai. 2022 Auftritt im Alisa - Songwriter Norbert M\u00fcller","isPartOf":{"@id":"https:\/\/songwriter-norbert-mueller.de\/#website"},"primaryImageOfPage":{"@id":"https:\/\/songwriter-norbert-mueller.de\/?page_id=2218#primaryimage"},"image":{"@id":"https:\/\/songwriter-norbert-mueller.de\/?page_id=2218#primaryimage"},"thumbnailUrl":"https:\/\/static.xx.fbcdn.net\/images\/emoji.php\/v9\/tdc\/1.5\/16\/1f60e.png","datePublished":"2022-05-15T18:20:22+00:00","dateModified":"2024-04-03T10:51:52+00:00","breadcrumb":{"@id":"https:\/\/songwriter-norbert-mueller.de\/?page_id=2218#breadcrumb"},"inLanguage":"de","potentialAction":[{"@type":"ReadAction","target":["https:\/\/songwriter-norbert-mueller.de\/?page_id=2218"]}]},{"@type":"ImageObject","inLanguage":"de","@id":"https:\/\/songwriter-norbert-mueller.de\/?page_id=2218#primaryimage","url":"https:\/\/static.xx.fbcdn.net\/images\/emoji.php\/v9\/tdc\/1.5\/16\/1f60e.png","contentUrl":"https:\/\/static.xx.fbcdn.net\/images\/emoji.php\/v9\/tdc\/1.5\/16\/1f60e.png"},{"@type":"BreadcrumbList","@id":"https:\/\/songwriter-norbert-mueller.de\/?page_id=2218#breadcrumb","itemListElement":[{"@type":"ListItem","position":1,"name":"Startseite","item":"https:\/\/songwriter-norbert-mueller.de\/"},{"@type":"ListItem","position":2,"name":"12. Mai. 2022 Auftritt im Alisa"}]},{"@type":"WebSite","@id":"https:\/\/songwriter-norbert-mueller.de\/#website","url":"https:\/\/songwriter-norbert-mueller.de\/","name":"Songwriter Norbert M\u00fcller","description":"Bayrischer Swing, Blues, Rock, Funk..., Songwriter, Norbert M\u00fcller, Michael Exenberger,","publisher":{"@id":"https:\/\/songwriter-norbert-mueller.de\/#\/schema\/person\/4fc578fc2cccac12080b6903b28e4726"},"potentialAction":[{"@type":"SearchAction","target":{"@type":"EntryPoint","urlTemplate":"https:\/\/songwriter-norbert-mueller.de\/?s={search_term_string}"},"query-input":{"@type":"PropertyValueSpecification","valueRequired":true,"valueName":"search_term_string"}}],"inLanguage":"de"},{"@type":["Person","Organization"],"@id":"https:\/\/songwriter-norbert-mueller.de\/#\/schema\/person\/4fc578fc2cccac12080b6903b28e4726","name":"nmSongwriter","image":{"@type":"ImageObject","inLanguage":"de","@id":"https:\/\/songwriter-norbert-mueller.de\/wp-content\/uploads\/2021\/10\/Avatar-Spoify.jpg","url":"https:\/\/songwriter-norbert-mueller.de\/wp-content\/uploads\/2021\/10\/Avatar-Spoify.jpg","contentUrl":"https:\/\/songwriter-norbert-mueller.de\/wp-content\/uploads\/2021\/10\/Avatar-Spoify.jpg","width":750,"height":750,"caption":"nmSongwriter"},"logo":{"@id":"https:\/\/songwriter-norbert-mueller.de\/wp-content\/uploads\/2021\/10\/Avatar-Spoify.jpg"},"sameAs":["http:\/\/mueller-norbert.de","https:\/\/www.facebook.com\/gscheiterhaufen","https:\/\/www.youtube.com\/channel\/UC-pqqUsP8t8Jk2bCdN-aUNw","https:\/\/soundcloud.com\/norbert-mueller-903526782"]}]}},"_links":{"self":[{"href":"https:\/\/songwriter-norbert-mueller.de\/index.php?rest_route=\/wp\/v2\/pages\/2218","targetHints":{"allow":["GET"]}}],"collection":[{"href":"https:\/\/songwriter-norbert-mueller.de\/index.php?rest_route=\/wp\/v2\/pages"}],"about":[{"href":"https:\/\/songwriter-norbert-mueller.de\/index.php?rest_route=\/wp\/v2\/types\/page"}],"author":[{"embeddable":true,"href":"https:\/\/songwriter-norbert-mueller.de\/index.php?rest_route=\/wp\/v2\/users\/1"}],"replies":[{"embeddable":true,"href":"https:\/\/songwriter-norbert-mueller.de\/index.php?rest_route=%2Fwp%2Fv2%2Fcomments&post=2218"}],"version-history":[{"count":6,"href":"https:\/\/songwriter-norbert-mueller.de\/index.php?rest_route=\/wp\/v2\/pages\/2218\/revisions"}],"predecessor-version":[{"id":2524,"href":"https:\/\/songwriter-norbert-mueller.de\/index.php?rest_route=\/wp\/v2\/pages\/2218\/revisions\/2524"}],"wp:attachment":[{"href":"https:\/\/songwriter-norbert-mueller.de\/index.php?rest_route=%2Fwp%2Fv2%2Fmedia&parent=2218"}],"curies":[{"name":"wp","href":"https:\/\/api.w.org\/{rel}","templated":true}]}}