{"id":66,"date":"2021-10-09T19:55:59","date_gmt":"2021-10-09T19:55:59","guid":{"rendered":"http:\/\/mueller-norbert.de\/?page_id=66"},"modified":"2022-07-02T21:15:18","modified_gmt":"2022-07-02T21:15:18","slug":"da-bayrische-coolman","status":"publish","type":"page","link":"https:\/\/songwriter-norbert-mueller.de\/?page_id=66","title":{"rendered":"01 &#8211; Da Bayrische Coolman"},"content":{"rendered":"\n<figure class=\"wp-block-video\"><video controls poster=\"https:\/\/songwriter-norbert-mueller.de\/wp-content\/uploads\/2021\/10\/BayrischeCoolman.jpg\" src=\"https:\/\/songwriter-norbert-mueller.de\/wp-content\/uploads\/2021\/11\/01-DaBayrischeCoolman_CD-Probe_1.mp4\"><\/video><figcaption>\u2117 &amp; \u00a9 by Songwriter Norbert M\u00fcller 2020. Text, Musik, Gesang, Akustikgitarre,<br>Stage-Piano, Keyboards, Drums Toontrack EZ- Drummer 2<\/figcaption><\/figure>\n\n\n\n<div class=\"wp-block-group is-layout-flow wp-block-group-is-layout-flow\">\n<div class=\"wp-block-columns is-layout-flex wp-container-core-columns-is-layout-7387b849 wp-block-columns-is-layout-flex\">\n<div class=\"wp-block-column is-layout-flow wp-block-column-is-layout-flow\" style=\"flex-basis:100%\">\n<div class=\"wp-block-columns alignfull is-layout-flex wp-container-core-columns-is-layout-7387b849 wp-block-columns-is-layout-flex\">\n<div class=\"wp-block-column is-layout-flow wp-block-column-is-layout-flow\" style=\"flex-basis:100%\"><\/div>\n<\/div>\n<\/div>\n<\/div>\n<\/div>\n\n\n\n<div class=\"wp-block-columns is-layout-flex wp-container-core-columns-is-layout-7387b849 wp-block-columns-is-layout-flex\">\n<div class=\"wp-block-column is-layout-flow wp-block-column-is-layout-flow\" style=\"flex-basis:100%\">\n<div class=\"wp-block-buttons alignfull is-horizontal is-content-justification-center is-layout-flex wp-container-core-buttons-is-layout-cbcdc57d wp-block-buttons-is-layout-flex\">\n<div class=\"wp-block-button has-custom-font-size is-style-outline has-small-font-size is-style-outline--2\"><a class=\"wp-block-button__link has-luminous-vivid-amber-color has-black-background-color has-text-color has-background wp-element-button\" href=\"https:\/\/songwriter-norbert-mueller.de\/?page_id=1748\"><span style=\"color:#fcb900\" class=\"tadv-color\"><strong>\u25c4<\/strong><\/span><\/a><\/div>\n\n\n\n<div class=\"wp-block-button has-custom-font-size is-style-outline has-small-font-size is-style-outline--3\"><a class=\"wp-block-button__link has-luminous-vivid-amber-color has-black-background-color has-text-color has-background wp-element-button\" href=\"https:\/\/songwriter-norbert-mueller.de\/?page_id=14\">\u25b2 CD-\u00dcbersicht<\/a><\/div>\n\n\n\n<div class=\"wp-block-button has-custom-font-size is-style-outline has-small-font-size is-style-outline--4\"><a class=\"wp-block-button__link has-luminous-vivid-amber-color has-black-background-color has-text-color has-background wp-element-button\" href=\"https:\/\/songwriter-norbert-mueller.de\/?page_id=68\"><strong>\u25ba<\/strong><\/a><\/div>\n<\/div>\n<\/div>\n<\/div>\n\n\n\n<p class=\"wp-block-paragraph\"><strong>Ja mir Bayern san scho cool! \ud83d\ude42<\/strong><\/p>\n\n\n\n<p class=\"wp-block-paragraph\">Ich kann mich noch erinnern was vor 30-40 Jahren in Bayern als &#8220;cool&#8221; galt: <\/p>\n\n\n\n<div class=\"wp-block-columns is-layout-flex wp-container-core-columns-is-layout-7387b849 wp-block-columns-is-layout-flex\">\n<div class=\"wp-block-column is-layout-flow wp-block-column-is-layout-flow\" style=\"flex-basis:2%\"><\/div>\n\n\n\n<div class=\"wp-block-column is-layout-flow wp-block-column-is-layout-flow\" style=\"flex-basis:100%\">\n<ul class=\"wp-block-list\" id=\"block-6bebb607-6548-4013-a5df-ad657aff5022\"><li>M\u00f6glichst schnelle und laute Autos zu fahren (jetzt dicke)<\/li><li>Das meiste Bier und Schnaps zu trinken, ohne umzufallen<\/li><li>Intoleranz bis Feindseligkeit gegen\u00fcber andersdenkende<\/li><li>Verschwendung, kein Umweltbewusstsein!<\/li><li>M\u00e4nner haben haupts\u00e4chlich das Sagen<\/li><\/ul>\n\n\n\n<p class=\"wp-block-paragraph\"><\/p>\n<\/div>\n<\/div>\n\n\n\n<p class=\"wp-block-paragraph\">Mittlerweile haben sich die Zeiten ge\u00e4ndert und der wahre Coolman achtet auf seine Umwelt, denkt \u00fcber Nachhaltigkeit nach, ist tolerant zu anderen Menschen. Und nat\u00fcrlich nicht nur &#8220;Coolman&#8221;, sondern auch &#8220;Coolwoman&#8221;! <\/p>\n\n\n\n<p class=\"wp-block-paragraph\">Das besondere an diesem Swing ist, dass bayrische Musikinstrumente wie Quetsch&#8217;n (Ziehharmonika) und Tuba ert\u00f6nen, das ist f\u00fcr einen Swing eher un\u00fcblich, aber es ist ja auch ein <strong>Bayrischer Swing!<\/strong>  \ud83d\ude09<\/p>\n\n\n\n<div style=\"height:55px\" aria-hidden=\"true\" class=\"wp-block-spacer\"><\/div>\n\n\n\n<div>\n<h4><span style=\"color: #ffcc99;\"><em><strong>Da Bayrische Coolman<\/strong><\/em><\/span><\/h4>\n<p><span style=\"color: #ffcc99;\"><em>Er fahrt einen dicken fetten SUV<\/em><\/span><br \/><span style=\"color: #ffcc99;\"><em>Sei Frau bringt damit Kinder zur Schule hi<\/em><\/span><br \/><span style=\"color: #ffcc99;\"><strong><em>ja mei, der arme Bua!<\/em><\/strong><\/span><br \/><br \/><span style=\"color: #ffcc99;\"><em>Er brennt si jedn Dog sechs Weizen nei, (*1)<\/em><\/span><br \/><span style=\"color: #ffcc99;\"><em>Und lallt dann laut rum, oh mei oh mei!<\/em><\/span><br \/><span style=\"color: #ffcc99;\"><strong><em>Oans zwoa drei g&#8217;suffa!<\/em><\/strong><\/span><br \/><br \/><span style=\"color: #ffcc99;\"><em>Da kummt&#8217;er, do moant&#8217;er, er is a Coolman, <\/em><\/span><br \/><span style=\"color: #ffcc99;\"><em>des moant&#8217;er halt!<\/em><\/span><\/p>\n<\/div>\n<p><span style=\"color: #ffcc99;\"><em>Jetzt w\u00e4hlt er rechts, blau oder braun<\/em><\/span><br \/><span style=\"color: #ffcc99;\"><em>Damit de des Gschwerl amoi naus haun!<\/em><\/span><br \/><span style=\"color: #ffcc99;\"><em>Jawoll Recht und Ordnung!<\/em><\/span><br \/><br \/><span style=\"color: #ffcc99;\"><strong><em>Halt Stopp! Der ist doch nicht Cool! <\/em><\/strong><\/span><br \/><br \/><span style=\"color: #ffcc99;\"><em>Fahrt dicke Autos, sauft und w\u00e4hlt a no&#8217; rechts<\/em><\/span><br \/><span style=\"color: #ffcc99;\"><em>Also des ist doch ganz einfach blo\u00df a Depp!<\/em><\/span><br \/><span style=\"color: #ffcc99;\"><em>I hob jetzt an anderen Text g&#8217;macht:<\/em><\/span><br \/><br \/><span style=\"color: #ffcc99;\"><em>Da kummt&#8217;er, so song&#8217;s er is a Coolman, a Coolman!<\/em><\/span><br \/><br \/><span style=\"color: #ffcc99;\"><em>Jetzt fahrt&#8217;er mit &#8216;m Radl, oft ganz vui (viel)<\/em><\/span><br \/><span style=\"color: #ffcc99;\"><em>a lauffa seine Kinder etzt seiba in&#8217;d Schui (*2)<\/em><\/span><br \/><span style=\"color: #ffcc99;\"><strong><em>Da Bua, da freit si so! <\/em><\/strong><\/span><br \/><br \/><span style=\"color: #ffcc99;\"><em>Ein Urlaub is maoi schee, a dahoam in Bayern,<\/em><\/span><br \/><span style=\"color: #ffcc99;\"><em>do muass ma doch ned auf der ganzen Weit rum eiern (*3)<\/em><\/span><br \/><span style=\"color: #ffcc99;\"><em>Im Flugzeug hoist&#8217;a eh blos an Corona!<\/em><\/span><br \/><br \/><span style=\"color: #ffcc99;\"><em>Da kummt&#8217;er, do song&#8217;s er ist a Coolman, a Coolman, <\/em><\/span><br \/><span style=\"color: #ffcc99;\"><em>a bayrischer Coolman!<\/em><\/span><br \/><br \/><span style=\"color: #ffcc99;\"><em>Er trifft sich mit seine Spezln (Gef\u00e4hrte) auf a Bier <\/em><\/span><br \/><span style=\"color: #ffcc99;\"><em>Do reden&#8217;si \u00fcber&#8217;d Welt und de fatale menschliche Gier<\/em><\/span><br \/><span style=\"color: #ffcc99;\"><strong><em>Mir woll&#8217;n nachhaltig werd&#8217;n!<\/em><\/strong><\/span><br \/><br \/><span style=\"color: #ffcc99;\"><em>Ist so stolz weil sei Spezl, so gut Bayrisch red&#8217;t (redet = spricht),<\/em><\/span><br \/><span style=\"color: #ffcc99;\"><em>obwohl er a Schwarzer is, aber des st\u00f6rt ja ned!<\/em><\/span><br \/><span style=\"color: #ffcc99;\"><strong><em>Bayern is bunt!<\/em><\/strong><\/span><br \/><br \/><span style=\"color: #ffcc99;\"><em>Da kummt&#8217;er, do song&#8217;s er ist a Coolman, a bayrischer Coolman! <\/em><\/span><br \/><span style=\"color: #ffcc99;\"><em>Es gibt nat\u00fcrlich genauso coole bayrische Frauen!<\/em><\/span><br \/><span style=\"color: #ffcc99;\"><em>Da kummt&#8217;s, do song&#8217;s sie is a Coolwoman, a Bayrische Coolwoman!<\/em><\/span><\/p>\n\n\n\n<p class=\"has-small-font-size wp-block-paragraph\">\u00a9&nbsp; Songwriter Norbert M\u00fcller 2020<br><\/p>\n\n\n\n<p class=\"has-small-font-size wp-block-paragraph\"><span style=\"color:#abb8c3\" class=\"tadv-color\">&#8212;&#8212;&#8212;&#8212;&#8212;&#8212;&#8212;&#8212;&#8212;&#8212;&#8212;&#8212;&#8212;&#8212;&#8212;&#8212;&#8212;&#8212;&#8212;&#8212;&#8212;&#8212;&#8212;&#8212;&#8212;&#8212;&#8212;<br><mark style=\"background-color:rgba(0, 0, 0, 0)\" class=\"has-inline-color has-cyan-bluish-gray-color\"> <em>(*1)  Er sauft jeden Tag sechs Weizenbier<br> (*2)  auch laufen seine Kinder jetzt selbst in die Schule<br> (*3)  Man muss doch nicht auf der ganzen Welt herum  eiern=kutschieren<\/em><\/mark><em><br><\/em><\/span> <br><\/p>\n\n\n\n<p class=\"wp-block-paragraph\"><img loading=\"lazy\" decoding=\"async\" width=\"49\" height=\"50\" class=\"wp-image-1998\" style=\"width: 49px;\" src=\"https:\/\/songwriter-norbert-mueller.de\/wp-content\/uploads\/2022\/03\/Spotify4.jpg\" alt=\"\"> <a href=\"https:\/\/open.spotify.com\/album\/3Qok2CsZY0MlErEzXlm68Z\" target=\"_blank\" rel=\"noreferrer noopener\">Spotify<\/a><\/p>\n\n\n\n<div class=\"wp-block-columns is-layout-flex wp-container-core-columns-is-layout-7387b849 wp-block-columns-is-layout-flex\">\n<div class=\"wp-block-column is-layout-flow wp-block-column-is-layout-flow\" style=\"flex-basis:100%\">\n<div class=\"wp-block-buttons alignfull is-horizontal is-content-justification-center is-layout-flex wp-container-core-buttons-is-layout-cbcdc57d wp-block-buttons-is-layout-flex\">\n<div class=\"wp-block-button has-custom-font-size is-style-outline has-small-font-size is-style-outline--5\"><a class=\"wp-block-button__link has-luminous-vivid-amber-color has-black-background-color has-text-color has-background wp-element-button\" href=\"https:\/\/songwriter-norbert-mueller.de\/?page_id=1748\"><span style=\"color:#fcb900\" class=\"tadv-color\"><strong>\u25c4<\/strong><\/span><\/a><\/div>\n\n\n\n<div class=\"wp-block-button has-custom-font-size is-style-outline has-small-font-size is-style-outline--6\"><a class=\"wp-block-button__link has-luminous-vivid-amber-color has-black-background-color has-text-color has-background wp-element-button\" href=\"https:\/\/songwriter-norbert-mueller.de\/?page_id=14\">\u25b2 CD-\u00dcbersicht<\/a><\/div>\n\n\n\n<div class=\"wp-block-button has-custom-font-size is-style-outline has-small-font-size is-style-outline--7\"><a class=\"wp-block-button__link has-luminous-vivid-amber-color has-black-background-color has-text-color has-background wp-element-button\" href=\"https:\/\/songwriter-norbert-mueller.de\/?page_id=68\"><strong>\u25ba<\/strong><\/a><\/div>\n<\/div>\n<\/div>\n<\/div>\n","protected":false},"excerpt":{"rendered":"<p>Ja mir Bayern san scho cool! \ud83d\ude42 Ich kann mich noch erinnern was vor 30-40 Jahren in Bayern als &#8220;cool&#8221; galt: M\u00f6glichst schnelle und laute Autos zu fahren (jetzt dicke) Das meiste Bier und Schnaps zu trinken, ohne umzufallen Intoleranz<\/p>\n","protected":false},"author":1,"featured_media":0,"parent":14,"menu_order":0,"comment_status":"closed","ping_status":"closed","template":"","meta":{"_crdt_document":"","footnotes":""},"class_list":["post-66","page","type-page","status-publish","hentry"],"yoast_head":"<!-- This site is optimized with the Yoast SEO plugin v27.3 - https:\/\/yoast.com\/product\/yoast-seo-wordpress\/ -->\n<title>01 - Da Bayrische Coolman - Songwriter Norbert M\u00fcller %<\/title>\n<meta name=\"description\" content=\"Das besondere an diesem Swing ist, dass bayrische Musikinstrumente wie Quetsch&#039;n und Tuba ert\u00f6nen! Es ist ja auch ein Bayrischer Swing!\" \/>\n<meta name=\"robots\" content=\"index, follow, max-snippet:-1, max-video-preview:-1, noimageindex, noarchive\" \/>\n<link rel=\"canonical\" href=\"https:\/\/songwriter-norbert-mueller.de\/?page_id=66\" \/>\n<meta property=\"og:locale\" content=\"de_DE\" \/>\n<meta property=\"og:type\" content=\"article\" \/>\n<meta property=\"og:title\" content=\"Da Bayrische Coolman\" \/>\n<meta property=\"og:description\" content=\"Das besondere an diesem Swing ist, dass bayrische Musikinstrumente wie Quetsch&#039;n (Ziehharmonika) und Tuba ert\u00f6nen, das ist f\u00fcr einen Swing eher un\u00fcblich, aber es ist ja auch ein Bayrischer Swing!\" \/>\n<meta property=\"og:url\" content=\"https:\/\/songwriter-norbert-mueller.de\/?page_id=66\" \/>\n<meta property=\"og:site_name\" content=\"Songwriter Norbert M\u00fcller\" \/>\n<meta property=\"article:publisher\" content=\"https:\/\/www.facebook.com\/gscheiterhaufen\" \/>\n<meta property=\"article:modified_time\" content=\"2022-07-02T21:15:18+00:00\" \/>\n<meta property=\"og:image\" content=\"https:\/\/songwriter-norbert-mueller.de\/wp-content\/uploads\/2021\/10\/BayrischeCoolman.jpg\" \/>\n\t<meta property=\"og:image:width\" content=\"948\" \/>\n\t<meta property=\"og:image:height\" content=\"943\" \/>\n\t<meta property=\"og:image:type\" content=\"image\/jpeg\" \/>\n<meta name=\"twitter:card\" content=\"summary_large_image\" \/>\n<meta name=\"twitter:label1\" content=\"Gesch\u00e4tzte Lesezeit\" \/>\n\t<meta name=\"twitter:data1\" content=\"3\u00a0Minuten\" \/>\n<script type=\"application\/ld+json\" class=\"yoast-schema-graph\">{\"@context\":\"https:\\\/\\\/schema.org\",\"@graph\":[{\"@type\":\"WebPage\",\"@id\":\"https:\\\/\\\/songwriter-norbert-mueller.de\\\/?page_id=66\",\"url\":\"https:\\\/\\\/songwriter-norbert-mueller.de\\\/?page_id=66\",\"name\":\"01 - Da Bayrische Coolman - Songwriter Norbert M\u00fcller %\",\"isPartOf\":{\"@id\":\"https:\\\/\\\/songwriter-norbert-mueller.de\\\/#website\"},\"primaryImageOfPage\":{\"@id\":\"https:\\\/\\\/songwriter-norbert-mueller.de\\\/?page_id=66#primaryimage\"},\"image\":{\"@id\":\"https:\\\/\\\/songwriter-norbert-mueller.de\\\/?page_id=66#primaryimage\"},\"thumbnailUrl\":\"https:\\\/\\\/songwriter-norbert-mueller.de\\\/wp-content\\\/uploads\\\/2022\\\/03\\\/Spotify4.jpg\",\"datePublished\":\"2021-10-09T19:55:59+00:00\",\"dateModified\":\"2022-07-02T21:15:18+00:00\",\"description\":\"Das besondere an diesem Swing ist, dass bayrische Musikinstrumente wie Quetsch\\\\'n und Tuba ert\u00f6nen! Es ist ja auch ein Bayrischer Swing!\",\"breadcrumb\":{\"@id\":\"https:\\\/\\\/songwriter-norbert-mueller.de\\\/?page_id=66#breadcrumb\"},\"inLanguage\":\"de\",\"potentialAction\":[{\"@type\":\"ReadAction\",\"target\":[\"https:\\\/\\\/songwriter-norbert-mueller.de\\\/?page_id=66\"]}]},{\"@type\":\"ImageObject\",\"inLanguage\":\"de\",\"@id\":\"https:\\\/\\\/songwriter-norbert-mueller.de\\\/?page_id=66#primaryimage\",\"url\":\"https:\\\/\\\/songwriter-norbert-mueller.de\\\/wp-content\\\/uploads\\\/2022\\\/03\\\/Spotify4.jpg\",\"contentUrl\":\"https:\\\/\\\/songwriter-norbert-mueller.de\\\/wp-content\\\/uploads\\\/2022\\\/03\\\/Spotify4.jpg\",\"width\":49,\"height\":50},{\"@type\":\"BreadcrumbList\",\"@id\":\"https:\\\/\\\/songwriter-norbert-mueller.de\\\/?page_id=66#breadcrumb\",\"itemListElement\":[{\"@type\":\"ListItem\",\"position\":1,\"name\":\"Startseite\",\"item\":\"https:\\\/\\\/songwriter-norbert-mueller.de\\\/\"},{\"@type\":\"ListItem\",\"position\":2,\"name\":\"Da Bayrische Coolman\",\"item\":\"https:\\\/\\\/songwriter-norbert-mueller.de\\\/?page_id=14\"},{\"@type\":\"ListItem\",\"position\":3,\"name\":\"Da Bayrische Coolman\"}]},{\"@type\":\"WebSite\",\"@id\":\"https:\\\/\\\/songwriter-norbert-mueller.de\\\/#website\",\"url\":\"https:\\\/\\\/songwriter-norbert-mueller.de\\\/\",\"name\":\"Songwriter Norbert M\u00fcller\",\"description\":\"Bayrischer Swing, Blues, Rock, Funk..., Songwriter, Norbert M\u00fcller, Michael Exenberger,\",\"publisher\":{\"@id\":\"https:\\\/\\\/songwriter-norbert-mueller.de\\\/#\\\/schema\\\/person\\\/4fc578fc2cccac12080b6903b28e4726\"},\"potentialAction\":[{\"@type\":\"SearchAction\",\"target\":{\"@type\":\"EntryPoint\",\"urlTemplate\":\"https:\\\/\\\/songwriter-norbert-mueller.de\\\/?s={search_term_string}\"},\"query-input\":{\"@type\":\"PropertyValueSpecification\",\"valueRequired\":true,\"valueName\":\"search_term_string\"}}],\"inLanguage\":\"de\"},{\"@type\":[\"Person\",\"Organization\"],\"@id\":\"https:\\\/\\\/songwriter-norbert-mueller.de\\\/#\\\/schema\\\/person\\\/4fc578fc2cccac12080b6903b28e4726\",\"name\":\"nmSongwriter\",\"image\":{\"@type\":\"ImageObject\",\"inLanguage\":\"de\",\"@id\":\"https:\\\/\\\/songwriter-norbert-mueller.de\\\/wp-content\\\/uploads\\\/2021\\\/10\\\/Avatar-Spoify.jpg\",\"url\":\"https:\\\/\\\/songwriter-norbert-mueller.de\\\/wp-content\\\/uploads\\\/2021\\\/10\\\/Avatar-Spoify.jpg\",\"contentUrl\":\"https:\\\/\\\/songwriter-norbert-mueller.de\\\/wp-content\\\/uploads\\\/2021\\\/10\\\/Avatar-Spoify.jpg\",\"width\":750,\"height\":750,\"caption\":\"nmSongwriter\"},\"logo\":{\"@id\":\"https:\\\/\\\/songwriter-norbert-mueller.de\\\/wp-content\\\/uploads\\\/2021\\\/10\\\/Avatar-Spoify.jpg\"},\"sameAs\":[\"http:\\\/\\\/mueller-norbert.de\",\"https:\\\/\\\/www.facebook.com\\\/gscheiterhaufen\",\"https:\\\/\\\/www.youtube.com\\\/channel\\\/UC-pqqUsP8t8Jk2bCdN-aUNw\",\"https:\\\/\\\/soundcloud.com\\\/norbert-mueller-903526782\"]}]}<\/script>\n<!-- \/ Yoast SEO plugin. -->","yoast_head_json":{"title":"01 - Da Bayrische Coolman - Songwriter Norbert M\u00fcller %","description":"Das besondere an diesem Swing ist, dass bayrische Musikinstrumente wie Quetsch'n und Tuba ert\u00f6nen! Es ist ja auch ein Bayrischer Swing!","robots":{"index":"index","follow":"follow","max-snippet":"max-snippet:-1","max-video-preview":"max-video-preview:-1","imageindex":"noimageindex","archive":"noarchive"},"canonical":"https:\/\/songwriter-norbert-mueller.de\/?page_id=66","og_locale":"de_DE","og_type":"article","og_title":"Da Bayrische Coolman","og_description":"Das besondere an diesem Swing ist, dass bayrische Musikinstrumente wie Quetsch'n (Ziehharmonika) und Tuba ert\u00f6nen, das ist f\u00fcr einen Swing eher un\u00fcblich, aber es ist ja auch ein Bayrischer Swing!","og_url":"https:\/\/songwriter-norbert-mueller.de\/?page_id=66","og_site_name":"Songwriter Norbert M\u00fcller","article_publisher":"https:\/\/www.facebook.com\/gscheiterhaufen","article_modified_time":"2022-07-02T21:15:18+00:00","og_image":[{"width":948,"height":943,"url":"https:\/\/songwriter-norbert-mueller.de\/wp-content\/uploads\/2021\/10\/BayrischeCoolman.jpg","type":"image\/jpeg"}],"twitter_card":"summary_large_image","twitter_misc":{"Gesch\u00e4tzte Lesezeit":"3\u00a0Minuten"},"schema":{"@context":"https:\/\/schema.org","@graph":[{"@type":"WebPage","@id":"https:\/\/songwriter-norbert-mueller.de\/?page_id=66","url":"https:\/\/songwriter-norbert-mueller.de\/?page_id=66","name":"01 - Da Bayrische Coolman - Songwriter Norbert M\u00fcller %","isPartOf":{"@id":"https:\/\/songwriter-norbert-mueller.de\/#website"},"primaryImageOfPage":{"@id":"https:\/\/songwriter-norbert-mueller.de\/?page_id=66#primaryimage"},"image":{"@id":"https:\/\/songwriter-norbert-mueller.de\/?page_id=66#primaryimage"},"thumbnailUrl":"https:\/\/songwriter-norbert-mueller.de\/wp-content\/uploads\/2022\/03\/Spotify4.jpg","datePublished":"2021-10-09T19:55:59+00:00","dateModified":"2022-07-02T21:15:18+00:00","description":"Das besondere an diesem Swing ist, dass bayrische Musikinstrumente wie Quetsch\\'n und Tuba ert\u00f6nen! Es ist ja auch ein Bayrischer Swing!","breadcrumb":{"@id":"https:\/\/songwriter-norbert-mueller.de\/?page_id=66#breadcrumb"},"inLanguage":"de","potentialAction":[{"@type":"ReadAction","target":["https:\/\/songwriter-norbert-mueller.de\/?page_id=66"]}]},{"@type":"ImageObject","inLanguage":"de","@id":"https:\/\/songwriter-norbert-mueller.de\/?page_id=66#primaryimage","url":"https:\/\/songwriter-norbert-mueller.de\/wp-content\/uploads\/2022\/03\/Spotify4.jpg","contentUrl":"https:\/\/songwriter-norbert-mueller.de\/wp-content\/uploads\/2022\/03\/Spotify4.jpg","width":49,"height":50},{"@type":"BreadcrumbList","@id":"https:\/\/songwriter-norbert-mueller.de\/?page_id=66#breadcrumb","itemListElement":[{"@type":"ListItem","position":1,"name":"Startseite","item":"https:\/\/songwriter-norbert-mueller.de\/"},{"@type":"ListItem","position":2,"name":"Da Bayrische Coolman","item":"https:\/\/songwriter-norbert-mueller.de\/?page_id=14"},{"@type":"ListItem","position":3,"name":"Da Bayrische Coolman"}]},{"@type":"WebSite","@id":"https:\/\/songwriter-norbert-mueller.de\/#website","url":"https:\/\/songwriter-norbert-mueller.de\/","name":"Songwriter Norbert M\u00fcller","description":"Bayrischer Swing, Blues, Rock, Funk..., Songwriter, Norbert M\u00fcller, Michael Exenberger,","publisher":{"@id":"https:\/\/songwriter-norbert-mueller.de\/#\/schema\/person\/4fc578fc2cccac12080b6903b28e4726"},"potentialAction":[{"@type":"SearchAction","target":{"@type":"EntryPoint","urlTemplate":"https:\/\/songwriter-norbert-mueller.de\/?s={search_term_string}"},"query-input":{"@type":"PropertyValueSpecification","valueRequired":true,"valueName":"search_term_string"}}],"inLanguage":"de"},{"@type":["Person","Organization"],"@id":"https:\/\/songwriter-norbert-mueller.de\/#\/schema\/person\/4fc578fc2cccac12080b6903b28e4726","name":"nmSongwriter","image":{"@type":"ImageObject","inLanguage":"de","@id":"https:\/\/songwriter-norbert-mueller.de\/wp-content\/uploads\/2021\/10\/Avatar-Spoify.jpg","url":"https:\/\/songwriter-norbert-mueller.de\/wp-content\/uploads\/2021\/10\/Avatar-Spoify.jpg","contentUrl":"https:\/\/songwriter-norbert-mueller.de\/wp-content\/uploads\/2021\/10\/Avatar-Spoify.jpg","width":750,"height":750,"caption":"nmSongwriter"},"logo":{"@id":"https:\/\/songwriter-norbert-mueller.de\/wp-content\/uploads\/2021\/10\/Avatar-Spoify.jpg"},"sameAs":["http:\/\/mueller-norbert.de","https:\/\/www.facebook.com\/gscheiterhaufen","https:\/\/www.youtube.com\/channel\/UC-pqqUsP8t8Jk2bCdN-aUNw","https:\/\/soundcloud.com\/norbert-mueller-903526782"]}]}},"_links":{"self":[{"href":"https:\/\/songwriter-norbert-mueller.de\/index.php?rest_route=\/wp\/v2\/pages\/66","targetHints":{"allow":["GET"]}}],"collection":[{"href":"https:\/\/songwriter-norbert-mueller.de\/index.php?rest_route=\/wp\/v2\/pages"}],"about":[{"href":"https:\/\/songwriter-norbert-mueller.de\/index.php?rest_route=\/wp\/v2\/types\/page"}],"author":[{"embeddable":true,"href":"https:\/\/songwriter-norbert-mueller.de\/index.php?rest_route=\/wp\/v2\/users\/1"}],"replies":[{"embeddable":true,"href":"https:\/\/songwriter-norbert-mueller.de\/index.php?rest_route=%2Fwp%2Fv2%2Fcomments&post=66"}],"version-history":[{"count":114,"href":"https:\/\/songwriter-norbert-mueller.de\/index.php?rest_route=\/wp\/v2\/pages\/66\/revisions"}],"predecessor-version":[{"id":2263,"href":"https:\/\/songwriter-norbert-mueller.de\/index.php?rest_route=\/wp\/v2\/pages\/66\/revisions\/2263"}],"up":[{"embeddable":true,"href":"https:\/\/songwriter-norbert-mueller.de\/index.php?rest_route=\/wp\/v2\/pages\/14"}],"wp:attachment":[{"href":"https:\/\/songwriter-norbert-mueller.de\/index.php?rest_route=%2Fwp%2Fv2%2Fmedia&parent=66"}],"curies":[{"name":"wp","href":"https:\/\/api.w.org\/{rel}","templated":true}]}}