{"id":69,"date":"2021-10-09T19:55:59","date_gmt":"2021-10-09T19:55:59","guid":{"rendered":"http:\/\/mueller-norbert.de\/?page_id=69"},"modified":"2024-01-19T13:07:28","modified_gmt":"2024-01-19T13:07:28","slug":"i-schmeiss-des-naus","status":"publish","type":"page","link":"https:\/\/songwriter-norbert-mueller.de\/?page_id=69","title":{"rendered":"03 &#8211; I Schmei\u00df des Naus!"},"content":{"rendered":"\n<p class=\"wp-block-paragraph\"><\/p>\n\n\n\n<figure class=\"wp-block-video\"><video height=\"1080\" style=\"aspect-ratio: 1084 \/ 1080;\" width=\"1084\" controls poster=\"https:\/\/songwriter-norbert-mueller.de\/wp-content\/uploads\/2021\/11\/iSchmeissDesNaus3.jpg\" src=\"https:\/\/songwriter-norbert-mueller.de\/wp-content\/uploads\/2021\/11\/03-I-SchmeissDesNaus_CD-Probe_3.mp4\"><\/video><figcaption class=\"wp-element-caption\">\u2117 &amp; \u00a9 by Songwriter Norbert M\u00fcller 2019. Text, Musik, Gesang, Akustikgitarre,<br>Stage-Piano, Keyboards, Drums Toontrack EZ-Drummer 2<\/figcaption><\/figure>\n\n\n\n<div style=\"height:41px\" aria-hidden=\"true\" class=\"wp-block-spacer\"><\/div>\n\n\n\n<div class=\"wp-block-buttons is-horizontal is-content-justification-center is-layout-flex wp-container-core-buttons-is-layout-cbcdc57d wp-block-buttons-is-layout-flex\">\n<div class=\"wp-block-button has-custom-font-size is-style-outline has-small-font-size is-style-outline--2\"><a class=\"wp-block-button__link has-luminous-vivid-amber-color has-black-background-color has-text-color has-background wp-element-button\" href=\"https:\/\/songwriter-norbert-mueller.de\/?page_id=68\"><span style=\"color:#fcb900\" class=\"tadv-color\"><strong>\u25c4<\/strong><\/span><\/a><\/div>\n\n\n\n<div class=\"wp-block-button has-custom-font-size is-style-outline has-small-font-size is-style-outline--3\"><a class=\"wp-block-button__link has-luminous-vivid-amber-color has-black-background-color has-text-color has-background wp-element-button\" href=\"https:\/\/songwriter-norbert-mueller.de\/?page_id=14\">\u25b2 CD-\u00dcbersicht<\/a><\/div>\n\n\n\n<div class=\"wp-block-button has-custom-font-size is-style-outline has-small-font-size is-style-outline--4\"><a class=\"wp-block-button__link has-luminous-vivid-amber-color has-black-background-color has-text-color has-background wp-element-button\" href=\"https:\/\/songwriter-norbert-mueller.de\/?page_id=98\"><strong>\u25ba<\/strong><\/a><\/div>\n<\/div>\n\n\n\n<div style=\"height:30px\" aria-hidden=\"true\" class=\"wp-block-spacer\"><\/div>\n\n\n\n<p class=\"wp-block-paragraph\">Die Melodie und Textidee entstanden irgendwie gleichzeitig. Zuerst spielte ich einen ziemlich geilen Blues auf der Gitarre, der in mir eine kr\u00e4ftige Emotion erzeugte, so sang ich einfach spontan: &#8220;I schmei\u00df des naus!&#8221; Zu diesem Zeitpunkt wusste ich allerdings noch nicht genau was ich hinaus schmei\u00dfen will&#8230;  \ud83d\ude09<\/p>\n\n\n\n<p class=\"has-yellow-color has-text-color wp-block-paragraph\"><\/p>\n\n\n\n<p class=\"wp-block-paragraph\">Es gibt vieles was man im Leben nicht braucht! Man hebt ja so vieles auf, denn vielleicht braucht man es doch noch irgendwann und dann sammeln sich so einige unn\u00fctze Dinge an. Oft staunt man was sich so im Laufe der Zeit angesammelt hat und dann ist es eine gro\u00dfe Erleichterung sich von den alten nicht mehr ben\u00f6tigten Dingen zu befreien.<\/p>\n\n\n\n<p class=\"wp-block-paragraph\">Manchmal m\u00f6chte man auch seine Sorgen rausschmei\u00dfen, auch ein Thema, aber das ist nicht immer so einfach.<\/p>\n\n\n\n<p class=\"wp-block-paragraph\">Ja und in der Politik gibt es auch Parteien am rechten Rand die wir rausschmei\u00dfen, einfach weil wir sie nicht brauchen, da sie unsere Gesellschaft spalten und unsere Demokratie besch\u00e4digen!<\/p>\n\n\n\n<div style=\"height:46px\" aria-hidden=\"true\" class=\"wp-block-spacer\"><\/div>\n\n\n<h4><span style=\"color: #ffcc99;\"><em><strong>I Schmei\u00df Des Naus!<\/strong><\/em><\/span><\/h4>\n<p><span style=\"color: #ffcc99;\"><em>Et\u2019zt schmei\u00df i des naus!<\/em><\/span><br \/><span style=\"color: #ffcc99;\"><em>Des oide Glump\u00a0 (*1)<\/em><\/span><br \/><span style=\"color: #ffcc99;\"><em>Des brauch i nimmma <\/em><\/span><br \/><span style=\"color: #ffcc99;\"><em>Den oidn Schund<\/em><\/span><\/p>\n<p><span style=\"color: #ffcc99;\"><em>A wenn\u2019s mas schwer foit (f\u00e4llt)<\/em><\/span><br \/><span style=\"color: #ffcc99;\"><em>I hau des naus!<\/em><\/span><br \/><span style=\"color: #ffcc99;\"><em>A wenn i des bereue <\/em><\/span><br \/><span style=\"color: #ffcc99;\"><em>i schmeis\u00df trotzdem raus!<\/em><\/span><\/p>\n<p><span style=\"color: #ffcc99;\"><em><strong>Ref:<\/strong><\/em><\/span><br \/><span style=\"color: #ffcc99;\"><em><strong>D\u2019rum hau i jetzt ois naus<\/strong><\/em><\/span><br \/><span style=\"color: #ffcc99;\"><em><strong>Und dann is drau\u00df&#8217;, oiss drau\u00df&#8217;<\/strong><\/em><\/span><br \/><span style=\"color: #ffcc99;\"><em><strong>endlich drau\u00df&#8217;!<\/strong><\/em><\/span><\/p>\n<p><span style=\"color: #ffcc99;\"><em>Des kann\u2019t ma ja no braucha<\/em><\/span><br \/><span style=\"color: #ffcc99;\"><em>Ja irgend wann<\/em><\/span><br \/><span style=\"color: #ffcc99;\"><em>Dann lieg\u2019ts blos im Kella (Keller)<\/em><\/span><br \/><span style=\"color: #ffcc99;\"><em>Umanand!<\/em><\/span><\/p>\n<p><span style=\"color: #ffcc99;\"><em>Mei Friend der braucht\u2019s a ned<\/em><\/span><br \/><span style=\"color: #ffcc99;\"><em>und Kaputt is\u2018es aaa<\/em><\/span><br \/><span style=\"color: #ffcc99;\"><em>nimmt blos an Platz weg<\/em><\/span><br \/><span style=\"color: #ffcc99;\"><em>und sammet si\u2018 ohh<\/em><\/span><\/p>\n<p><span style=\"color: #ffcc99;\"><em><strong>Ref:<\/strong><\/em><\/span><\/p>\n<p><span style=\"color: #ffcc99;\"><em>Manchmoi dad i so gern<\/em><\/span><br \/><span style=\"color: #ffcc99;\"><em>Meine Sorgen raus schmei\u00dfn<\/em><\/span><br \/><span style=\"color: #ffcc99;\"><em>Wia des oide Glump<\/em><\/span><br \/><span style=\"color: #ffcc99;\"><em>Aus meim Kopf raus rei\u00dfn<\/em><\/span><\/p>\n<p><span style=\"color: #ffcc99;\"><em>Aber des is ned so einfach<\/em><\/span><br \/><span style=\"color: #ffcc99;\"><em>Do bleims oft lang drin<\/em><\/span><br \/><span style=\"color: #ffcc99;\"><em>Und je mehr i dro denk<\/em><\/span><br \/><span style=\"color: #ffcc99;\"><em>Desto narrisch i bin!<\/em><\/span><\/p>\n<p><span style=\"color: #ffcc99;\"><em><strong>Ref:<\/strong><\/em><\/span><\/p>\n<p><span style=\"color: #ffcc99;\"><em>Den recht\u2018n Mist do<\/em><\/span><br \/><span style=\"color: #ffcc99;\"><em>Den brauch ma a ned<\/em><\/span><br \/><span style=\"color: #ffcc99;\"><em>Des san geitige Brandstsifta<\/em><\/span><br \/><span style=\"color: #ffcc99;\"><em>und hetzn wia bl\u00e4d<\/em><\/span><br \/><span style=\"color: #ffcc99;\"><em>drum w\u00e4hl\u2019ts as ab <\/em><\/span><br \/><span style=\"color: #ffcc99;\"><em>de brauch ma ned<\/em><\/span><br \/><span style=\"color: #ffcc99;\"><em>und je mehr zum W\u00e4hl\u2019n gehn<\/em><\/span><br \/><span style=\"color: #ffcc99;\"><em>Desto weniga z\u00e4hl\u2018ns!<\/em><\/span><\/p>\n<p><span style=\"color: #ffcc99;\"><em><strong>D\u2019rum hauts\u2019as naus,<\/strong><\/em><\/span><br \/><span style=\"color: #ffcc99;\"><em><strong>und dann san\u2019s drau\u00df&#8217;<\/strong><\/em><\/span><br \/><span style=\"color: #ffcc99;\"><em><strong>endlich drau\u00df&#8217;, <\/strong><\/em><\/span><br \/><span style=\"color: #ffcc99;\"><em><strong>endlich drau\u00df&#8217; !!!<\/strong><\/em><\/span><\/p>\n<p><em>(*1) Altes Ger\u00fcmpel<\/em><\/p>\n<p><img loading=\"lazy\" decoding=\"async\" width=\"49\" height=\"50\" class=\"wp-image-1998\" src=\"https:\/\/songwriter-norbert-mueller.de\/wp-content\/uploads\/2022\/03\/Spotify4.jpg\" alt=\"\" \/> <a href=\"https:\/\/open.spotify.com\/album\/6kiOxjzY85YCtct1xC8Rg1\" target=\"_blank\" rel=\"noreferrer noopener\">Spotify<\/a><\/p>\n\n\n<div class=\"wp-block-buttons is-horizontal is-content-justification-center is-layout-flex wp-container-core-buttons-is-layout-cbcdc57d wp-block-buttons-is-layout-flex\">\n<div class=\"wp-block-button has-custom-font-size is-style-outline has-small-font-size is-style-outline--5\"><a class=\"wp-block-button__link has-luminous-vivid-amber-color has-black-background-color has-text-color has-background wp-element-button\" href=\"https:\/\/songwriter-norbert-mueller.de\/?page_id=68\"><span style=\"color:#fcb900\" class=\"tadv-color\"><strong>\u25c4<\/strong><\/span><\/a><\/div>\n\n\n\n<div class=\"wp-block-button has-custom-font-size is-style-outline has-small-font-size is-style-outline--6\"><a class=\"wp-block-button__link has-luminous-vivid-amber-color has-black-background-color has-text-color has-background wp-element-button\" href=\"https:\/\/songwriter-norbert-mueller.de\/?page_id=14\">\u25b2 CD-\u00dcbersicht<\/a><\/div>\n\n\n\n<div class=\"wp-block-button has-custom-font-size is-style-outline has-small-font-size is-style-outline--7\"><a class=\"wp-block-button__link has-luminous-vivid-amber-color has-black-background-color has-text-color has-background wp-element-button\" href=\"https:\/\/songwriter-norbert-mueller.de\/?page_id=98\"><strong>\u25ba<\/strong><\/a><\/div>\n<\/div>\n","protected":false},"excerpt":{"rendered":"<p>Die Melodie und Textidee entstanden irgendwie gleichzeitig. Zuerst spielte ich einen ziemlich geilen Blues auf der Gitarre, der in mir eine kr\u00e4ftige Emotion erzeugte, so sang ich einfach spontan: &#8220;I schmei\u00df des naus!&#8221; Zu diesem Zeitpunkt wusste ich allerdings noch<\/p>\n","protected":false},"author":1,"featured_media":0,"parent":14,"menu_order":0,"comment_status":"closed","ping_status":"closed","template":"","meta":{"_crdt_document":"","footnotes":""},"class_list":["post-69","page","type-page","status-publish","hentry"],"yoast_head":"<!-- This site is optimized with the Yoast SEO plugin v27.3 - https:\/\/yoast.com\/product\/yoast-seo-wordpress\/ -->\n<title>03 - I Schmei\u00df des Naus! - Songwriter Norbert M\u00fcller<\/title>\n<meta name=\"description\" content=\"Es gibt vieles was man im Leben nicht braucht! Im Laufe der Zeit sammeln sich so einige unn\u00fctze Dinge an, Zeit zum Entr\u00fcmpeln!\" \/>\n<meta name=\"robots\" content=\"index, follow, max-snippet:-1, max-image-preview:large, max-video-preview:-1\" \/>\n<link rel=\"canonical\" href=\"https:\/\/songwriter-norbert-mueller.de\/?page_id=69\" \/>\n<meta property=\"og:locale\" content=\"de_DE\" \/>\n<meta property=\"og:type\" content=\"article\" \/>\n<meta property=\"og:title\" content=\"03 - I Schmei\u00df des Naus! - Songwriter Norbert M\u00fcller\" \/>\n<meta property=\"og:description\" content=\"Es gibt vieles was man im Leben nicht braucht! Im Laufe der Zeit sammeln sich so einige unn\u00fctze Dinge an, Zeit zum Entr\u00fcmpeln!\" \/>\n<meta property=\"og:url\" content=\"https:\/\/songwriter-norbert-mueller.de\/?page_id=69\" \/>\n<meta property=\"og:site_name\" content=\"Songwriter Norbert M\u00fcller\" \/>\n<meta property=\"article:publisher\" content=\"https:\/\/www.facebook.com\/gscheiterhaufen\" \/>\n<meta property=\"article:modified_time\" content=\"2024-01-19T13:07:28+00:00\" \/>\n<meta property=\"og:image\" content=\"https:\/\/songwriter-norbert-mueller.de\/wp-content\/uploads\/2021\/10\/iSchmeissDesNauss2.jpg\" \/>\n\t<meta property=\"og:image:width\" content=\"940\" \/>\n\t<meta property=\"og:image:height\" content=\"940\" \/>\n\t<meta property=\"og:image:type\" content=\"image\/jpeg\" \/>\n<meta name=\"twitter:card\" content=\"summary_large_image\" \/>\n<meta name=\"twitter:label1\" content=\"Gesch\u00e4tzte Lesezeit\" \/>\n\t<meta name=\"twitter:data1\" content=\"3\u00a0Minuten\" \/>\n<script type=\"application\/ld+json\" class=\"yoast-schema-graph\">{\"@context\":\"https:\\\/\\\/schema.org\",\"@graph\":[{\"@type\":\"WebPage\",\"@id\":\"https:\\\/\\\/songwriter-norbert-mueller.de\\\/?page_id=69\",\"url\":\"https:\\\/\\\/songwriter-norbert-mueller.de\\\/?page_id=69\",\"name\":\"03 - I Schmei\u00df des Naus! - Songwriter Norbert M\u00fcller\",\"isPartOf\":{\"@id\":\"https:\\\/\\\/songwriter-norbert-mueller.de\\\/#website\"},\"primaryImageOfPage\":{\"@id\":\"https:\\\/\\\/songwriter-norbert-mueller.de\\\/?page_id=69#primaryimage\"},\"image\":{\"@id\":\"https:\\\/\\\/songwriter-norbert-mueller.de\\\/?page_id=69#primaryimage\"},\"thumbnailUrl\":\"https:\\\/\\\/songwriter-norbert-mueller.de\\\/wp-content\\\/uploads\\\/2022\\\/03\\\/Spotify4.jpg\",\"datePublished\":\"2021-10-09T19:55:59+00:00\",\"dateModified\":\"2024-01-19T13:07:28+00:00\",\"description\":\"Es gibt vieles was man im Leben nicht braucht! Im Laufe der Zeit sammeln sich so einige unn\u00fctze Dinge an, Zeit zum Entr\u00fcmpeln!\",\"breadcrumb\":{\"@id\":\"https:\\\/\\\/songwriter-norbert-mueller.de\\\/?page_id=69#breadcrumb\"},\"inLanguage\":\"de\",\"potentialAction\":[{\"@type\":\"ReadAction\",\"target\":[\"https:\\\/\\\/songwriter-norbert-mueller.de\\\/?page_id=69\"]}]},{\"@type\":\"ImageObject\",\"inLanguage\":\"de\",\"@id\":\"https:\\\/\\\/songwriter-norbert-mueller.de\\\/?page_id=69#primaryimage\",\"url\":\"https:\\\/\\\/songwriter-norbert-mueller.de\\\/wp-content\\\/uploads\\\/2022\\\/03\\\/Spotify4.jpg\",\"contentUrl\":\"https:\\\/\\\/songwriter-norbert-mueller.de\\\/wp-content\\\/uploads\\\/2022\\\/03\\\/Spotify4.jpg\",\"width\":49,\"height\":50},{\"@type\":\"BreadcrumbList\",\"@id\":\"https:\\\/\\\/songwriter-norbert-mueller.de\\\/?page_id=69#breadcrumb\",\"itemListElement\":[{\"@type\":\"ListItem\",\"position\":1,\"name\":\"Startseite\",\"item\":\"https:\\\/\\\/songwriter-norbert-mueller.de\\\/\"},{\"@type\":\"ListItem\",\"position\":2,\"name\":\"Da Bayrische Coolman\",\"item\":\"https:\\\/\\\/songwriter-norbert-mueller.de\\\/?page_id=14\"},{\"@type\":\"ListItem\",\"position\":3,\"name\":\"03 &#8211; I Schmei\u00df des Naus!\"}]},{\"@type\":\"WebSite\",\"@id\":\"https:\\\/\\\/songwriter-norbert-mueller.de\\\/#website\",\"url\":\"https:\\\/\\\/songwriter-norbert-mueller.de\\\/\",\"name\":\"Songwriter Norbert M\u00fcller\",\"description\":\"Bayrischer Swing, Blues, Rock, Funk..., Songwriter, Norbert M\u00fcller, Michael Exenberger,\",\"publisher\":{\"@id\":\"https:\\\/\\\/songwriter-norbert-mueller.de\\\/#\\\/schema\\\/person\\\/4fc578fc2cccac12080b6903b28e4726\"},\"potentialAction\":[{\"@type\":\"SearchAction\",\"target\":{\"@type\":\"EntryPoint\",\"urlTemplate\":\"https:\\\/\\\/songwriter-norbert-mueller.de\\\/?s={search_term_string}\"},\"query-input\":{\"@type\":\"PropertyValueSpecification\",\"valueRequired\":true,\"valueName\":\"search_term_string\"}}],\"inLanguage\":\"de\"},{\"@type\":[\"Person\",\"Organization\"],\"@id\":\"https:\\\/\\\/songwriter-norbert-mueller.de\\\/#\\\/schema\\\/person\\\/4fc578fc2cccac12080b6903b28e4726\",\"name\":\"nmSongwriter\",\"image\":{\"@type\":\"ImageObject\",\"inLanguage\":\"de\",\"@id\":\"https:\\\/\\\/songwriter-norbert-mueller.de\\\/wp-content\\\/uploads\\\/2021\\\/10\\\/Avatar-Spoify.jpg\",\"url\":\"https:\\\/\\\/songwriter-norbert-mueller.de\\\/wp-content\\\/uploads\\\/2021\\\/10\\\/Avatar-Spoify.jpg\",\"contentUrl\":\"https:\\\/\\\/songwriter-norbert-mueller.de\\\/wp-content\\\/uploads\\\/2021\\\/10\\\/Avatar-Spoify.jpg\",\"width\":750,\"height\":750,\"caption\":\"nmSongwriter\"},\"logo\":{\"@id\":\"https:\\\/\\\/songwriter-norbert-mueller.de\\\/wp-content\\\/uploads\\\/2021\\\/10\\\/Avatar-Spoify.jpg\"},\"sameAs\":[\"http:\\\/\\\/mueller-norbert.de\",\"https:\\\/\\\/www.facebook.com\\\/gscheiterhaufen\",\"https:\\\/\\\/www.youtube.com\\\/channel\\\/UC-pqqUsP8t8Jk2bCdN-aUNw\",\"https:\\\/\\\/soundcloud.com\\\/norbert-mueller-903526782\"]}]}<\/script>\n<!-- \/ Yoast SEO plugin. -->","yoast_head_json":{"title":"03 - I Schmei\u00df des Naus! - Songwriter Norbert M\u00fcller","description":"Es gibt vieles was man im Leben nicht braucht! Im Laufe der Zeit sammeln sich so einige unn\u00fctze Dinge an, Zeit zum Entr\u00fcmpeln!","robots":{"index":"index","follow":"follow","max-snippet":"max-snippet:-1","max-image-preview":"max-image-preview:large","max-video-preview":"max-video-preview:-1"},"canonical":"https:\/\/songwriter-norbert-mueller.de\/?page_id=69","og_locale":"de_DE","og_type":"article","og_title":"03 - I Schmei\u00df des Naus! - Songwriter Norbert M\u00fcller","og_description":"Es gibt vieles was man im Leben nicht braucht! Im Laufe der Zeit sammeln sich so einige unn\u00fctze Dinge an, Zeit zum Entr\u00fcmpeln!","og_url":"https:\/\/songwriter-norbert-mueller.de\/?page_id=69","og_site_name":"Songwriter Norbert M\u00fcller","article_publisher":"https:\/\/www.facebook.com\/gscheiterhaufen","article_modified_time":"2024-01-19T13:07:28+00:00","og_image":[{"width":940,"height":940,"url":"https:\/\/songwriter-norbert-mueller.de\/wp-content\/uploads\/2021\/10\/iSchmeissDesNauss2.jpg","type":"image\/jpeg"}],"twitter_card":"summary_large_image","twitter_misc":{"Gesch\u00e4tzte Lesezeit":"3\u00a0Minuten"},"schema":{"@context":"https:\/\/schema.org","@graph":[{"@type":"WebPage","@id":"https:\/\/songwriter-norbert-mueller.de\/?page_id=69","url":"https:\/\/songwriter-norbert-mueller.de\/?page_id=69","name":"03 - I Schmei\u00df des Naus! - Songwriter Norbert M\u00fcller","isPartOf":{"@id":"https:\/\/songwriter-norbert-mueller.de\/#website"},"primaryImageOfPage":{"@id":"https:\/\/songwriter-norbert-mueller.de\/?page_id=69#primaryimage"},"image":{"@id":"https:\/\/songwriter-norbert-mueller.de\/?page_id=69#primaryimage"},"thumbnailUrl":"https:\/\/songwriter-norbert-mueller.de\/wp-content\/uploads\/2022\/03\/Spotify4.jpg","datePublished":"2021-10-09T19:55:59+00:00","dateModified":"2024-01-19T13:07:28+00:00","description":"Es gibt vieles was man im Leben nicht braucht! Im Laufe der Zeit sammeln sich so einige unn\u00fctze Dinge an, Zeit zum Entr\u00fcmpeln!","breadcrumb":{"@id":"https:\/\/songwriter-norbert-mueller.de\/?page_id=69#breadcrumb"},"inLanguage":"de","potentialAction":[{"@type":"ReadAction","target":["https:\/\/songwriter-norbert-mueller.de\/?page_id=69"]}]},{"@type":"ImageObject","inLanguage":"de","@id":"https:\/\/songwriter-norbert-mueller.de\/?page_id=69#primaryimage","url":"https:\/\/songwriter-norbert-mueller.de\/wp-content\/uploads\/2022\/03\/Spotify4.jpg","contentUrl":"https:\/\/songwriter-norbert-mueller.de\/wp-content\/uploads\/2022\/03\/Spotify4.jpg","width":49,"height":50},{"@type":"BreadcrumbList","@id":"https:\/\/songwriter-norbert-mueller.de\/?page_id=69#breadcrumb","itemListElement":[{"@type":"ListItem","position":1,"name":"Startseite","item":"https:\/\/songwriter-norbert-mueller.de\/"},{"@type":"ListItem","position":2,"name":"Da Bayrische Coolman","item":"https:\/\/songwriter-norbert-mueller.de\/?page_id=14"},{"@type":"ListItem","position":3,"name":"03 &#8211; I Schmei\u00df des Naus!"}]},{"@type":"WebSite","@id":"https:\/\/songwriter-norbert-mueller.de\/#website","url":"https:\/\/songwriter-norbert-mueller.de\/","name":"Songwriter Norbert M\u00fcller","description":"Bayrischer Swing, Blues, Rock, Funk..., Songwriter, Norbert M\u00fcller, Michael Exenberger,","publisher":{"@id":"https:\/\/songwriter-norbert-mueller.de\/#\/schema\/person\/4fc578fc2cccac12080b6903b28e4726"},"potentialAction":[{"@type":"SearchAction","target":{"@type":"EntryPoint","urlTemplate":"https:\/\/songwriter-norbert-mueller.de\/?s={search_term_string}"},"query-input":{"@type":"PropertyValueSpecification","valueRequired":true,"valueName":"search_term_string"}}],"inLanguage":"de"},{"@type":["Person","Organization"],"@id":"https:\/\/songwriter-norbert-mueller.de\/#\/schema\/person\/4fc578fc2cccac12080b6903b28e4726","name":"nmSongwriter","image":{"@type":"ImageObject","inLanguage":"de","@id":"https:\/\/songwriter-norbert-mueller.de\/wp-content\/uploads\/2021\/10\/Avatar-Spoify.jpg","url":"https:\/\/songwriter-norbert-mueller.de\/wp-content\/uploads\/2021\/10\/Avatar-Spoify.jpg","contentUrl":"https:\/\/songwriter-norbert-mueller.de\/wp-content\/uploads\/2021\/10\/Avatar-Spoify.jpg","width":750,"height":750,"caption":"nmSongwriter"},"logo":{"@id":"https:\/\/songwriter-norbert-mueller.de\/wp-content\/uploads\/2021\/10\/Avatar-Spoify.jpg"},"sameAs":["http:\/\/mueller-norbert.de","https:\/\/www.facebook.com\/gscheiterhaufen","https:\/\/www.youtube.com\/channel\/UC-pqqUsP8t8Jk2bCdN-aUNw","https:\/\/soundcloud.com\/norbert-mueller-903526782"]}]}},"_links":{"self":[{"href":"https:\/\/songwriter-norbert-mueller.de\/index.php?rest_route=\/wp\/v2\/pages\/69","targetHints":{"allow":["GET"]}}],"collection":[{"href":"https:\/\/songwriter-norbert-mueller.de\/index.php?rest_route=\/wp\/v2\/pages"}],"about":[{"href":"https:\/\/songwriter-norbert-mueller.de\/index.php?rest_route=\/wp\/v2\/types\/page"}],"author":[{"embeddable":true,"href":"https:\/\/songwriter-norbert-mueller.de\/index.php?rest_route=\/wp\/v2\/users\/1"}],"replies":[{"embeddable":true,"href":"https:\/\/songwriter-norbert-mueller.de\/index.php?rest_route=%2Fwp%2Fv2%2Fcomments&post=69"}],"version-history":[{"count":42,"href":"https:\/\/songwriter-norbert-mueller.de\/index.php?rest_route=\/wp\/v2\/pages\/69\/revisions"}],"predecessor-version":[{"id":2489,"href":"https:\/\/songwriter-norbert-mueller.de\/index.php?rest_route=\/wp\/v2\/pages\/69\/revisions\/2489"}],"up":[{"embeddable":true,"href":"https:\/\/songwriter-norbert-mueller.de\/index.php?rest_route=\/wp\/v2\/pages\/14"}],"wp:attachment":[{"href":"https:\/\/songwriter-norbert-mueller.de\/index.php?rest_route=%2Fwp%2Fv2%2Fmedia&parent=69"}],"curies":[{"name":"wp","href":"https:\/\/api.w.org\/{rel}","templated":true}]}}