{"id":99,"date":"2021-10-09T20:42:47","date_gmt":"2021-10-09T20:42:47","guid":{"rendered":"http:\/\/mueller-norbert.de\/?page_id=99"},"modified":"2022-03-06T12:21:25","modified_gmt":"2022-03-06T12:21:25","slug":"do-wod-vogerln-singa","status":"publish","type":"page","link":"https:\/\/songwriter-norbert-mueller.de\/?page_id=99","title":{"rendered":"05 &#8211; Do Wo&#8217;d Vogerln Singa"},"content":{"rendered":"\n<figure class=\"wp-block-video\"><video height=\"1080\" style=\"aspect-ratio: 1084 \/ 1080;\" width=\"1084\" controls poster=\"https:\/\/songwriter-norbert-mueller.de\/wp-content\/uploads\/2021\/10\/WodVogerlnSinga-2.jpg\" src=\"https:\/\/songwriter-norbert-mueller.de\/wp-content\/uploads\/2021\/11\/05_WodVogerlnSinga_CD-Probe_2.mp4\"><\/video><figcaption>\u2117 &amp; \u00a9 by Songwriter Norbert M\u00fcller 2020,. Text, Musik, Gesang, Akustikgitarre,<br>Stage-Piano, Keyboards, Drums Toontrack EZ-Drummer 2<\/figcaption><\/figure>\n\n\n\n<div style=\"height:37px\" aria-hidden=\"true\" class=\"wp-block-spacer\"><\/div>\n\n\n\n<div class=\"wp-block-buttons is-horizontal is-content-justification-center is-layout-flex wp-container-core-buttons-is-layout-cbcdc57d wp-block-buttons-is-layout-flex\">\n<div class=\"wp-block-button has-custom-font-size is-style-outline has-small-font-size is-style-outline--2\"><a class=\"wp-block-button__link has-luminous-vivid-amber-color has-black-background-color has-text-color has-background\" href=\"https:\/\/songwriter-norbert-mueller.de\/?page_id=98\"><span style=\"color:#fcb900\" class=\"tadv-color\"><strong>\u25c4<\/strong><\/span><\/a><\/div>\n\n\n\n<div class=\"wp-block-button has-custom-font-size is-style-outline has-small-font-size is-style-outline--3\"><a class=\"wp-block-button__link has-luminous-vivid-amber-color has-black-background-color has-text-color has-background\" href=\"https:\/\/songwriter-norbert-mueller.de\/?page_id=14\">\u25b2 CD-\u00dcbersicht<\/a><\/div>\n\n\n\n<div class=\"wp-block-button has-custom-font-size is-style-outline has-small-font-size is-style-outline--4\"><a class=\"wp-block-button__link has-luminous-vivid-amber-color has-black-background-color has-text-color has-background\" href=\"https:\/\/songwriter-norbert-mueller.de\/?page_id=100\"><strong>\u25ba<\/strong><\/a><\/div>\n<\/div>\n\n\n\n<div style=\"height:40px\" aria-hidden=\"true\" class=\"wp-block-spacer\"><\/div>\n\n\n<p>Es war mein Arbeitskollege aus der Holledau, der in seiner Freizeit immer Spargel anbaute. Eines Tages sagte er, jetzt gibt es keinen Spargel mehr von mir, zu viel Arbeit immer \u00c4rger,\u00a0 usw&#8230; <br \/>Er macht seit letztes Jahr gar nichts mehr und l\u00e4sst das Feld nun einfach stehen&#8230;<\/p>\n<p>Dann gl\u00e4nzten seine Augen auf: &#8221; Ja und jezt&#8217;t kommen Vogerln die singen, Grash\u00fcpfer und Schmetterlinge flattern&#8230;&#8221;<\/p>\n<p>So entstand die Idee zu diesem Song. Der Schluss ist von mir hinzugedichtet, den Kiosk mit den faszinierten G\u00e4sten gibt es leider nicht, aber eine sch\u00f6ne Idee \ud83d\ude09<\/p>\n<p>Ein Naturereignis, mitten in der wundersch\u00f6nen Holledau, mit relaxtem Swing und faszinierenden Major-Akkorden.<\/p>\n<p>\u00a0<\/p>\n<h4><strong><em><span style=\"color: #ffcc99;\">Do Wo&#8217;d Vogerln Singa<\/span><\/em><\/strong><\/h4>\n<p><span style=\"color: #ffcc99;\"><em>Mei Freind aus da Holledau, <\/em><\/span><br \/><span style=\"color: #ffcc99;\"><em>hod oiwei an Sparg\u2019l o baut<\/em><\/span><br \/><span style=\"color: #ffcc99;\"><em>hod olle Johr an haufa Arbat (Arbeit) damit g\u2019habt<\/em><\/span><br \/><span style=\"color: #ffcc99;\"><em>griagt koa Personal und nur \u00c4rger mit\u2019m Amt <\/em><\/span><\/p>\n<p><span style=\"color: #ffcc99;\"><em>Etzt mog a nimma de fui Arbat und den Stress,<\/em><\/span><br \/><span style=\"color: #ffcc99;\"><em>Jetzt hoda einfach nix mehr g\u2019macht, lasst des einfach steh<\/em><\/span><br \/><span style=\"color: #ffcc99;\"><strong><em>Einfach steh <\/em><\/strong><\/span><br \/><span style=\"color: #ffcc99;\"><strong><em>Einfach steh<\/em><\/strong><\/span><\/p>\n<p><span style=\"color: #ffcc99;\"><em>Und ois is einfach so dahin g\u2019wachsn <\/em><\/span><br \/><span style=\"color: #ffcc99;\"><em>ganz wuid \u00fcba de Johr (wild \u00fcber die Jahre) <\/em><\/span><br \/><span style=\"color: #ffcc99;\"><em>As Unkraut, Bleamal und Brennessl <\/em><\/span><br \/><span style=\"color: #ffcc99;\"><em>so vui wia nie davor! <\/em><\/span><br \/><span style=\"color: #ffcc99;\"><em>Groshupfa, Biena und Hummeln san kumma<\/em><\/span><br \/><span style=\"color: #ffcc99;\"><em>Schmetterlinge flattern und V\u00f6g\u2019l hom g\u2019sunga<\/em><\/span><br \/><span style=\"color: #ffcc99;\"><strong><em>Ja so scheee<\/em><\/strong><\/span><br \/><span style=\"color: #ffcc99;\"><strong><em>Ja so scheee<\/em><\/strong><\/span><\/p>\n<p><span style=\"color: #ffcc99;\"><em>Und jetzt schaug\u2018da jed\u2019n Dog (er schaut jeden Tag)<\/em><\/span><br \/><span style=\"color: #ffcc99;\"><em>Sei wuide Wiesn ohh (seine wilde Wiese an)<\/em><\/span><br \/><span style=\"color: #ffcc99;\"><em>Und konn des goar ned g\u2019laum, (kann es gar nicht glauben)<\/em><\/span><br \/><span style=\"color: #ffcc99;\"><em>dass des is ois (alles) wirkle wohr<\/em><\/span><br \/><span style=\"color: #ffcc99;\"><em>Es is wiar\u2019as Paradies auf Erden <\/em><\/span><br \/><span style=\"color: #ffcc99;\"><em>Denn no nie war sei Feld so reich am werd\u2019n!<\/em><\/span><br \/><span style=\"color: #ffcc99;\"><strong><em>Ja so reich<\/em><\/strong><\/span><br \/><span style=\"color: #ffcc99;\"><strong><em>Ja so reich<\/em><\/strong><\/span><\/p>\n<p><span style=\"color: #ffcc99;\"><em>Do geh i doch liaba in\u2019d Arbat (Arbeit) <\/em><\/span><br \/><span style=\"color: #ffcc99;\"><em>und lass des Feld einfach steh<\/em><\/span><br \/><span style=\"color: #ffcc99;\"><em>Koa Spritzn mit Gift oda Glyphosat, <\/em><\/span><br \/><span style=\"color: #ffcc99;\"><em>I lass\u2018 es einfach geh\u2018 <\/em><\/span><br \/><span style=\"color: #ffcc99;\"><em>De Natur hoit si\u2018 z\u2019ruck, wos eara scho oiwei g\u2018h\u00f6rt<\/em><\/span><br \/><span style=\"color: #ffcc99;\"><em>I hob\u2019s blos zuag\u2018lassn und nix mehr zerst\u00f6rt<\/em><\/span><br \/><span style=\"color: #ffcc99;\"><strong><em>Nix mehr zerst\u00f6rt<\/em><\/strong><\/span><br \/><span style=\"color: #ffcc99;\"><strong><em>Nix mehr zerst\u00f6rt<\/em><\/strong><\/span><\/p>\n<p><span style=\"color: #ffcc99;\"><em>Jetzt hob i f\u00fcr d\u2018 Leut Stuhi und Liegemattn <\/em><\/span><br \/><span style=\"color: #ffcc99;\"><em>am Wegrand hi g\u2018stellt <\/em><\/span><br \/><span style=\"color: #ffcc99;\"><em>De lauschn&#8217;s und fotografiern und z\u00e4hln <\/em><\/span><br \/><span style=\"color: #ffcc99;\"><em>bergeistert olle Viechaln um\u2018d Wett<\/em><\/span><br \/><span style=\"color: #ffcc99;\"><em>a boa Hosn, Reh und F\u00fcchs huschn a moi durch<\/em><\/span><br \/><span style=\"color: #ffcc99;\"><em>Und mei Kiosk nem&#8217;bei, der geht sogoar ganz guad<\/em><\/span><br \/><span style=\"color: #ffcc99;\"><strong><em>Ganz guad <\/em><\/strong><\/span><br \/><span style=\"color: #ffcc99;\"><strong><em>Ganz guad<\/em><\/strong><\/span><\/p>\n<p><span style=\"color: #ffcc99;\"><em>Groshupfa, Biena und Hummen san kumma<\/em><\/span><br \/><span style=\"color: #ffcc99;\"><em>Schmetterling flattern, und V\u00f6g\u2019l hom g\u2019sunga<\/em><\/span><br \/><span style=\"color: #ffcc99;\"><strong><em>Ja so schee<\/em><\/strong><\/span><br \/><span style=\"color: #ffcc99;\"><strong><em>Ja so schee<\/em><\/strong><\/span><br \/><span style=\"color: #ffcc99;\"><strong><em>Ja so schee<\/em><\/strong><\/span><br \/><span style=\"color: #ffcc99;\"><strong><em>Ja so schee<\/em><\/strong><\/span><\/p>\n\n\n<div style=\"height:42px\" aria-hidden=\"true\" class=\"wp-block-spacer\"><\/div>\n\n\n\n<p class=\"wp-block-paragraph\"><img loading=\"lazy\" decoding=\"async\" width=\"49\" height=\"50\" class=\"wp-image-1998\" style=\"width: 49px;\" src=\"https:\/\/songwriter-norbert-mueller.de\/wp-content\/uploads\/2022\/03\/Spotify4.jpg\" alt=\"\"> <a href=\"https:\/\/open.spotify.com\/album\/4D2hoiyVRqHXuhP2UijtE4\" target=\"_blank\" rel=\"noreferrer noopener\">Spotify<\/a><\/p>\n\n\n\n<div class=\"wp-block-media-text is-stacked-on-mobile is-vertically-aligned-center\" style=\"grid-template-columns:15% auto\"><figure class=\"wp-block-media-text__media\"><img loading=\"lazy\" decoding=\"async\" width=\"950\" height=\"946\" src=\"https:\/\/songwriter-norbert-mueller.de\/wp-content\/uploads\/2021\/10\/WodVogerlnSinga-2.jpg\" alt=\"Do wo'd Vogerln singa. Ein Naturereignis in der Holledau, wo die V\u00f6geln singen, kommen wieder die Grash\u00fcpfer, Bienen und Schmetterlinge\" class=\"wp-image-738 size-full\" srcset=\"https:\/\/songwriter-norbert-mueller.de\/wp-content\/uploads\/2021\/10\/WodVogerlnSinga-2.jpg 950w, https:\/\/songwriter-norbert-mueller.de\/wp-content\/uploads\/2021\/10\/WodVogerlnSinga-2-300x300.jpg 300w, https:\/\/songwriter-norbert-mueller.de\/wp-content\/uploads\/2021\/10\/WodVogerlnSinga-2-150x150.jpg 150w, https:\/\/songwriter-norbert-mueller.de\/wp-content\/uploads\/2021\/10\/WodVogerlnSinga-2-768x765.jpg 768w, https:\/\/songwriter-norbert-mueller.de\/wp-content\/uploads\/2021\/10\/WodVogerlnSinga-2-270x270.jpg 270w, https:\/\/songwriter-norbert-mueller.de\/wp-content\/uploads\/2021\/10\/WodVogerlnSinga-2-230x230.jpg 230w\" sizes=\"auto, (max-width: 950px) 100vw, 950px\" \/><\/figure><div class=\"wp-block-media-text__content\">\n<p class=\"has-small-font-size wp-block-paragraph\"><a href=\"https:\/\/youtu.be\/1cU6IHvKxR0\" target=\"_blank\" rel=\"noreferrer noopener\">Auch auf YouTube zu finden!<\/a><\/p>\n<\/div><\/div>\n\n\n\n<div class=\"wp-block-columns is-layout-flex wp-container-core-columns-is-layout-7387b849 wp-block-columns-is-layout-flex\">\n<div class=\"wp-block-column is-layout-flow wp-block-column-is-layout-flow\" style=\"flex-basis:100%\"><\/div>\n<\/div>\n\n\n\n<div class=\"wp-block-buttons is-horizontal is-content-justification-center is-layout-flex wp-container-core-buttons-is-layout-cbcdc57d wp-block-buttons-is-layout-flex\">\n<div class=\"wp-block-button has-custom-font-size is-style-outline has-small-font-size is-style-outline--5\"><a class=\"wp-block-button__link has-luminous-vivid-amber-color has-black-background-color has-text-color has-background\" href=\"https:\/\/songwriter-norbert-mueller.de\/?page_id=98\"><span style=\"color:#fcb900\" class=\"tadv-color\"><strong>\u25c4<\/strong><\/span><\/a><\/div>\n\n\n\n<div class=\"wp-block-button has-custom-font-size is-style-outline has-small-font-size is-style-outline--6\"><a class=\"wp-block-button__link has-luminous-vivid-amber-color has-black-background-color has-text-color has-background\" href=\"https:\/\/songwriter-norbert-mueller.de\/?page_id=14\">\u25b2 CD-\u00dcbersicht<\/a><\/div>\n\n\n\n<div class=\"wp-block-button has-custom-font-size is-style-outline has-small-font-size is-style-outline--7\"><a class=\"wp-block-button__link has-luminous-vivid-amber-color has-black-background-color has-text-color has-background\" href=\"https:\/\/songwriter-norbert-mueller.de\/?page_id=100\"><strong>\u25ba<\/strong><\/a><\/div>\n<\/div>\n\n\n\n<p class=\"wp-block-paragraph\"><\/p>\n","protected":false},"excerpt":{"rendered":"<p>Es war mein Arbeitskollege aus der Holledau, der in seiner Freizeit immer Spargel anbaute. Eines Tages sagte er, jetzt gibt es keinen Spargel mehr von mir, zu viel Arbeit immer \u00c4rger,\u00a0 usw&#8230; Er macht seit letztes Jahr gar nichts mehr<\/p>\n","protected":false},"author":1,"featured_media":0,"parent":14,"menu_order":0,"comment_status":"closed","ping_status":"closed","template":"","meta":{"_crdt_document":"","footnotes":""},"class_list":["post-99","page","type-page","status-publish","hentry"],"yoast_head":"<!-- This site is optimized with the Yoast SEO plugin v27.3 - https:\/\/yoast.com\/product\/yoast-seo-wordpress\/ -->\n<title>05 - Do Wo&#039;d Vogerln Singa - Songwriter Norbert M\u00fcller<\/title>\n<meta name=\"description\" content=\"Ein Naturereignis in der Holledau, wo die V\u00f6geln singen, kommen wieder die Grash\u00fcpfer, Bienen und Schmetterlinge\" \/>\n<meta name=\"robots\" content=\"index, follow, max-snippet:-1, max-image-preview:large, max-video-preview:-1\" \/>\n<link rel=\"canonical\" href=\"https:\/\/songwriter-norbert-mueller.de\/?page_id=99\" \/>\n<meta property=\"og:locale\" content=\"de_DE\" \/>\n<meta property=\"og:type\" content=\"article\" \/>\n<meta property=\"og:title\" content=\"Songwriter Norbert M\u00fcller\" \/>\n<meta property=\"og:description\" content=\"Ein Naturerlebnis in der Holledau, wo die V\u00f6geln singen, kommen wieder die Grash\u00fcpfer, Bienen und Schmetterlinge\" \/>\n<meta property=\"og:url\" content=\"https:\/\/songwriter-norbert-mueller.de\/?page_id=99\" \/>\n<meta property=\"og:site_name\" content=\"Songwriter Norbert M\u00fcller\" \/>\n<meta property=\"article:publisher\" content=\"https:\/\/www.facebook.com\/gscheiterhaufen\" \/>\n<meta property=\"article:modified_time\" content=\"2022-03-06T12:21:25+00:00\" \/>\n<meta property=\"og:image\" content=\"https:\/\/songwriter-norbert-mueller.de\/wp-content\/uploads\/2021\/10\/WodVogerlnSinga-2.jpg\" \/>\n\t<meta property=\"og:image:width\" content=\"950\" \/>\n\t<meta property=\"og:image:height\" content=\"946\" \/>\n\t<meta property=\"og:image:type\" content=\"image\/jpeg\" \/>\n<meta name=\"twitter:card\" content=\"summary_large_image\" \/>\n<meta name=\"twitter:label1\" content=\"Gesch\u00e4tzte Lesezeit\" \/>\n\t<meta name=\"twitter:data1\" content=\"3\u00a0Minuten\" \/>\n<script type=\"application\/ld+json\" class=\"yoast-schema-graph\">{\"@context\":\"https:\\\/\\\/schema.org\",\"@graph\":[{\"@type\":\"WebPage\",\"@id\":\"https:\\\/\\\/songwriter-norbert-mueller.de\\\/?page_id=99\",\"url\":\"https:\\\/\\\/songwriter-norbert-mueller.de\\\/?page_id=99\",\"name\":\"05 - Do Wo'd Vogerln Singa - Songwriter Norbert M\u00fcller\",\"isPartOf\":{\"@id\":\"https:\\\/\\\/songwriter-norbert-mueller.de\\\/#website\"},\"primaryImageOfPage\":{\"@id\":\"https:\\\/\\\/songwriter-norbert-mueller.de\\\/?page_id=99#primaryimage\"},\"image\":{\"@id\":\"https:\\\/\\\/songwriter-norbert-mueller.de\\\/?page_id=99#primaryimage\"},\"thumbnailUrl\":\"https:\\\/\\\/songwriter-norbert-mueller.de\\\/wp-content\\\/uploads\\\/2022\\\/03\\\/Spotify4.jpg\",\"datePublished\":\"2021-10-09T20:42:47+00:00\",\"dateModified\":\"2022-03-06T12:21:25+00:00\",\"description\":\"Ein Naturereignis in der Holledau, wo die V\u00f6geln singen, kommen wieder die Grash\u00fcpfer, Bienen und Schmetterlinge\",\"breadcrumb\":{\"@id\":\"https:\\\/\\\/songwriter-norbert-mueller.de\\\/?page_id=99#breadcrumb\"},\"inLanguage\":\"de\",\"potentialAction\":[{\"@type\":\"ReadAction\",\"target\":[\"https:\\\/\\\/songwriter-norbert-mueller.de\\\/?page_id=99\"]}]},{\"@type\":\"ImageObject\",\"inLanguage\":\"de\",\"@id\":\"https:\\\/\\\/songwriter-norbert-mueller.de\\\/?page_id=99#primaryimage\",\"url\":\"https:\\\/\\\/songwriter-norbert-mueller.de\\\/wp-content\\\/uploads\\\/2022\\\/03\\\/Spotify4.jpg\",\"contentUrl\":\"https:\\\/\\\/songwriter-norbert-mueller.de\\\/wp-content\\\/uploads\\\/2022\\\/03\\\/Spotify4.jpg\",\"width\":49,\"height\":50},{\"@type\":\"BreadcrumbList\",\"@id\":\"https:\\\/\\\/songwriter-norbert-mueller.de\\\/?page_id=99#breadcrumb\",\"itemListElement\":[{\"@type\":\"ListItem\",\"position\":1,\"name\":\"Startseite\",\"item\":\"https:\\\/\\\/songwriter-norbert-mueller.de\\\/\"},{\"@type\":\"ListItem\",\"position\":2,\"name\":\"Da Bayrische Coolman\",\"item\":\"https:\\\/\\\/songwriter-norbert-mueller.de\\\/?page_id=14\"},{\"@type\":\"ListItem\",\"position\":3,\"name\":\"Da Bayrische Coolman\"}]},{\"@type\":\"WebSite\",\"@id\":\"https:\\\/\\\/songwriter-norbert-mueller.de\\\/#website\",\"url\":\"https:\\\/\\\/songwriter-norbert-mueller.de\\\/\",\"name\":\"Songwriter Norbert M\u00fcller\",\"description\":\"Bayrischer Swing, Blues, Rock, Funk..., Songwriter, Norbert M\u00fcller, Michael Exenberger,\",\"publisher\":{\"@id\":\"https:\\\/\\\/songwriter-norbert-mueller.de\\\/#\\\/schema\\\/person\\\/4fc578fc2cccac12080b6903b28e4726\"},\"potentialAction\":[{\"@type\":\"SearchAction\",\"target\":{\"@type\":\"EntryPoint\",\"urlTemplate\":\"https:\\\/\\\/songwriter-norbert-mueller.de\\\/?s={search_term_string}\"},\"query-input\":{\"@type\":\"PropertyValueSpecification\",\"valueRequired\":true,\"valueName\":\"search_term_string\"}}],\"inLanguage\":\"de\"},{\"@type\":[\"Person\",\"Organization\"],\"@id\":\"https:\\\/\\\/songwriter-norbert-mueller.de\\\/#\\\/schema\\\/person\\\/4fc578fc2cccac12080b6903b28e4726\",\"name\":\"nmSongwriter\",\"image\":{\"@type\":\"ImageObject\",\"inLanguage\":\"de\",\"@id\":\"https:\\\/\\\/songwriter-norbert-mueller.de\\\/wp-content\\\/uploads\\\/2021\\\/10\\\/Avatar-Spoify.jpg\",\"url\":\"https:\\\/\\\/songwriter-norbert-mueller.de\\\/wp-content\\\/uploads\\\/2021\\\/10\\\/Avatar-Spoify.jpg\",\"contentUrl\":\"https:\\\/\\\/songwriter-norbert-mueller.de\\\/wp-content\\\/uploads\\\/2021\\\/10\\\/Avatar-Spoify.jpg\",\"width\":750,\"height\":750,\"caption\":\"nmSongwriter\"},\"logo\":{\"@id\":\"https:\\\/\\\/songwriter-norbert-mueller.de\\\/wp-content\\\/uploads\\\/2021\\\/10\\\/Avatar-Spoify.jpg\"},\"sameAs\":[\"http:\\\/\\\/mueller-norbert.de\",\"https:\\\/\\\/www.facebook.com\\\/gscheiterhaufen\",\"https:\\\/\\\/www.youtube.com\\\/channel\\\/UC-pqqUsP8t8Jk2bCdN-aUNw\",\"https:\\\/\\\/soundcloud.com\\\/norbert-mueller-903526782\"]}]}<\/script>\n<!-- \/ Yoast SEO plugin. -->","yoast_head_json":{"title":"05 - Do Wo'd Vogerln Singa - Songwriter Norbert M\u00fcller","description":"Ein Naturereignis in der Holledau, wo die V\u00f6geln singen, kommen wieder die Grash\u00fcpfer, Bienen und Schmetterlinge","robots":{"index":"index","follow":"follow","max-snippet":"max-snippet:-1","max-image-preview":"max-image-preview:large","max-video-preview":"max-video-preview:-1"},"canonical":"https:\/\/songwriter-norbert-mueller.de\/?page_id=99","og_locale":"de_DE","og_type":"article","og_title":"Songwriter Norbert M\u00fcller","og_description":"Ein Naturerlebnis in der Holledau, wo die V\u00f6geln singen, kommen wieder die Grash\u00fcpfer, Bienen und Schmetterlinge","og_url":"https:\/\/songwriter-norbert-mueller.de\/?page_id=99","og_site_name":"Songwriter Norbert M\u00fcller","article_publisher":"https:\/\/www.facebook.com\/gscheiterhaufen","article_modified_time":"2022-03-06T12:21:25+00:00","og_image":[{"width":950,"height":946,"url":"https:\/\/songwriter-norbert-mueller.de\/wp-content\/uploads\/2021\/10\/WodVogerlnSinga-2.jpg","type":"image\/jpeg"}],"twitter_card":"summary_large_image","twitter_misc":{"Gesch\u00e4tzte Lesezeit":"3\u00a0Minuten"},"schema":{"@context":"https:\/\/schema.org","@graph":[{"@type":"WebPage","@id":"https:\/\/songwriter-norbert-mueller.de\/?page_id=99","url":"https:\/\/songwriter-norbert-mueller.de\/?page_id=99","name":"05 - Do Wo'd Vogerln Singa - Songwriter Norbert M\u00fcller","isPartOf":{"@id":"https:\/\/songwriter-norbert-mueller.de\/#website"},"primaryImageOfPage":{"@id":"https:\/\/songwriter-norbert-mueller.de\/?page_id=99#primaryimage"},"image":{"@id":"https:\/\/songwriter-norbert-mueller.de\/?page_id=99#primaryimage"},"thumbnailUrl":"https:\/\/songwriter-norbert-mueller.de\/wp-content\/uploads\/2022\/03\/Spotify4.jpg","datePublished":"2021-10-09T20:42:47+00:00","dateModified":"2022-03-06T12:21:25+00:00","description":"Ein Naturereignis in der Holledau, wo die V\u00f6geln singen, kommen wieder die Grash\u00fcpfer, Bienen und Schmetterlinge","breadcrumb":{"@id":"https:\/\/songwriter-norbert-mueller.de\/?page_id=99#breadcrumb"},"inLanguage":"de","potentialAction":[{"@type":"ReadAction","target":["https:\/\/songwriter-norbert-mueller.de\/?page_id=99"]}]},{"@type":"ImageObject","inLanguage":"de","@id":"https:\/\/songwriter-norbert-mueller.de\/?page_id=99#primaryimage","url":"https:\/\/songwriter-norbert-mueller.de\/wp-content\/uploads\/2022\/03\/Spotify4.jpg","contentUrl":"https:\/\/songwriter-norbert-mueller.de\/wp-content\/uploads\/2022\/03\/Spotify4.jpg","width":49,"height":50},{"@type":"BreadcrumbList","@id":"https:\/\/songwriter-norbert-mueller.de\/?page_id=99#breadcrumb","itemListElement":[{"@type":"ListItem","position":1,"name":"Startseite","item":"https:\/\/songwriter-norbert-mueller.de\/"},{"@type":"ListItem","position":2,"name":"Da Bayrische Coolman","item":"https:\/\/songwriter-norbert-mueller.de\/?page_id=14"},{"@type":"ListItem","position":3,"name":"Da Bayrische Coolman"}]},{"@type":"WebSite","@id":"https:\/\/songwriter-norbert-mueller.de\/#website","url":"https:\/\/songwriter-norbert-mueller.de\/","name":"Songwriter Norbert M\u00fcller","description":"Bayrischer Swing, Blues, Rock, Funk..., Songwriter, Norbert M\u00fcller, Michael Exenberger,","publisher":{"@id":"https:\/\/songwriter-norbert-mueller.de\/#\/schema\/person\/4fc578fc2cccac12080b6903b28e4726"},"potentialAction":[{"@type":"SearchAction","target":{"@type":"EntryPoint","urlTemplate":"https:\/\/songwriter-norbert-mueller.de\/?s={search_term_string}"},"query-input":{"@type":"PropertyValueSpecification","valueRequired":true,"valueName":"search_term_string"}}],"inLanguage":"de"},{"@type":["Person","Organization"],"@id":"https:\/\/songwriter-norbert-mueller.de\/#\/schema\/person\/4fc578fc2cccac12080b6903b28e4726","name":"nmSongwriter","image":{"@type":"ImageObject","inLanguage":"de","@id":"https:\/\/songwriter-norbert-mueller.de\/wp-content\/uploads\/2021\/10\/Avatar-Spoify.jpg","url":"https:\/\/songwriter-norbert-mueller.de\/wp-content\/uploads\/2021\/10\/Avatar-Spoify.jpg","contentUrl":"https:\/\/songwriter-norbert-mueller.de\/wp-content\/uploads\/2021\/10\/Avatar-Spoify.jpg","width":750,"height":750,"caption":"nmSongwriter"},"logo":{"@id":"https:\/\/songwriter-norbert-mueller.de\/wp-content\/uploads\/2021\/10\/Avatar-Spoify.jpg"},"sameAs":["http:\/\/mueller-norbert.de","https:\/\/www.facebook.com\/gscheiterhaufen","https:\/\/www.youtube.com\/channel\/UC-pqqUsP8t8Jk2bCdN-aUNw","https:\/\/soundcloud.com\/norbert-mueller-903526782"]}]}},"_links":{"self":[{"href":"https:\/\/songwriter-norbert-mueller.de\/index.php?rest_route=\/wp\/v2\/pages\/99","targetHints":{"allow":["GET"]}}],"collection":[{"href":"https:\/\/songwriter-norbert-mueller.de\/index.php?rest_route=\/wp\/v2\/pages"}],"about":[{"href":"https:\/\/songwriter-norbert-mueller.de\/index.php?rest_route=\/wp\/v2\/types\/page"}],"author":[{"embeddable":true,"href":"https:\/\/songwriter-norbert-mueller.de\/index.php?rest_route=\/wp\/v2\/users\/1"}],"replies":[{"embeddable":true,"href":"https:\/\/songwriter-norbert-mueller.de\/index.php?rest_route=%2Fwp%2Fv2%2Fcomments&post=99"}],"version-history":[{"count":44,"href":"https:\/\/songwriter-norbert-mueller.de\/index.php?rest_route=\/wp\/v2\/pages\/99\/revisions"}],"predecessor-version":[{"id":2015,"href":"https:\/\/songwriter-norbert-mueller.de\/index.php?rest_route=\/wp\/v2\/pages\/99\/revisions\/2015"}],"up":[{"embeddable":true,"href":"https:\/\/songwriter-norbert-mueller.de\/index.php?rest_route=\/wp\/v2\/pages\/14"}],"wp:attachment":[{"href":"https:\/\/songwriter-norbert-mueller.de\/index.php?rest_route=%2Fwp%2Fv2%2Fmedia&parent=99"}],"curies":[{"name":"wp","href":"https:\/\/api.w.org\/{rel}","templated":true}]}}